{"id":4545,"date":"2023-02-09T12:19:35","date_gmt":"2023-02-09T12:19:35","guid":{"rendered":"https:\/\/storex.lt\/about-storage-tents\/"},"modified":"2024-04-04T14:39:54","modified_gmt":"2024-04-04T14:39:54","slug":"about-storage-tents","status":"publish","type":"page","link":"https:\/\/storex.lt\/en\/about-storage-tents\/","title":{"rendered":"About storage tents"},"content":{"rendered":"\t\t<div data-elementor-type=\"wp-page\" data-elementor-id=\"4545\" class=\"elementor elementor-4545 elementor-1930\" data-elementor-post-type=\"page\">\n\t\t\t\t<div class=\"elementor-element elementor-element-4312551 e-flex e-con-boxed e-con e-parent\" data-id=\"4312551\" data-element_type=\"container\" data-e-type=\"container\" data-settings=\"{&quot;background_background&quot;:&quot;classic&quot;}\">\n\t\t\t\t\t<div class=\"e-con-inner\">\n\t\t\t\t\t<\/div>\n\t\t\t\t<\/div>\n\t\t<div class=\"elementor-element elementor-element-491b021 e-flex e-con-boxed e-con e-parent\" data-id=\"491b021\" data-element_type=\"container\" data-e-type=\"container\">\n\t\t\t\t\t<div class=\"e-con-inner\">\n\t\t<div class=\"elementor-element elementor-element-9376fa1 e-con-full e-flex e-con e-child\" data-id=\"9376fa1\" data-element_type=\"container\" data-e-type=\"container\">\n\t\t\t\t<div class=\"elementor-element elementor-element-1ab9ed8 elementor-widget elementor-widget-heading\" data-id=\"1ab9ed8\" data-element_type=\"widget\" data-e-type=\"widget\" data-widget_type=\"heading.default\">\n\t\t\t\t<div class=\"elementor-widget-container\">\n\t\t\t\t\t<h2 class=\"elementor-heading-title elementor-size-default\">Articles<\/h2>\t\t\t\t<\/div>\n\t\t\t\t<\/div>\n\t\t\t\t<div class=\"elementor-element elementor-element-e6ae756 elementor-icon-list--layout-traditional elementor-list-item-link-full_width elementor-widget elementor-widget-global elementor-global-8297 elementor-global-8284 elementor-widget-icon-list\" data-id=\"e6ae756\" data-element_type=\"widget\" data-e-type=\"widget\" data-widget_type=\"icon-list.default\">\n\t\t\t\t<div class=\"elementor-widget-container\">\n\t\t\t\t\t\t\t<ul class=\"elementor-icon-list-items\">\n\t\t\t\t\t\t\t<li class=\"elementor-icon-list-item\">\n\t\t\t\t\t\t\t\t\t\t\t<a href=\"https:\/\/storex.lt\/apie-tentinius-angarus\/\">\n\n\t\t\t\t\t\t\t\t\t\t\t\t<span class=\"elementor-icon-list-icon\">\n\t\t\t\t\t\t\t<svg xmlns=\"http:\/\/www.w3.org\/2000\/svg\" width=\"10\" height=\"19\" viewBox=\"0 0 10 19\"><g id=\"Group_192\" data-name=\"Group 192\" transform=\"translate(10) rotate(90)\"><path id=\"Path_38\" data-name=\"Path 38\" d=\"M19,10H0L9.5,0Z\" fill=\"#ed1e24\"><\/path><\/g><\/svg>\t\t\t\t\t\t<\/span>\n\t\t\t\t\t\t\t\t\t\t<span class=\"elementor-icon-list-text\">About tent hangars<\/span>\n\t\t\t\t\t\t\t\t\t\t\t<\/a>\n\t\t\t\t\t\t\t\t\t<\/li>\n\t\t\t\t\t\t\t\t<li class=\"elementor-icon-list-item\">\n\t\t\t\t\t\t\t\t\t\t\t<a href=\"https:\/\/storex.lt\/tentiniai-angarai-sandeliai\/\">\n\n\t\t\t\t\t\t\t\t\t\t\t\t<span class=\"elementor-icon-list-icon\">\n\t\t\t\t\t\t\t<svg xmlns=\"http:\/\/www.w3.org\/2000\/svg\" width=\"10\" height=\"19\" viewBox=\"0 0 10 19\"><g id=\"Group_192\" data-name=\"Group 192\" transform=\"translate(10) rotate(90)\"><path id=\"Path_38\" data-name=\"Path 38\" d=\"M19,10H0L9.5,0Z\" fill=\"#ed1e24\"><\/path><\/g><\/svg>\t\t\t\t\t\t<\/span>\n\t\t\t\t\t\t\t\t\t\t<span class=\"elementor-icon-list-text\">Tent hangars \u2013 warehouses<\/span>\n\t\t\t\t\t\t\t\t\t\t\t<\/a>\n\t\t\t\t\t\t\t\t\t<\/li>\n\t\t\t\t\t\t\t\t<li class=\"elementor-icon-list-item\">\n\t\t\t\t\t\t\t\t\t\t\t<a href=\"https:\/\/storex.lt\/tentiniai-angarai-gyvuliams\/\">\n\n\t\t\t\t\t\t\t\t\t\t\t\t<span class=\"elementor-icon-list-icon\">\n\t\t\t\t\t\t\t<svg xmlns=\"http:\/\/www.w3.org\/2000\/svg\" width=\"10\" height=\"19\" viewBox=\"0 0 10 19\"><g id=\"Group_192\" data-name=\"Group 192\" transform=\"translate(10) rotate(90)\"><path id=\"Path_38\" data-name=\"Path 38\" d=\"M19,10H0L9.5,0Z\" fill=\"#ed1e24\"><\/path><\/g><\/svg>\t\t\t\t\t\t<\/span>\n\t\t\t\t\t\t\t\t\t\t<span class=\"elementor-icon-list-text\">Tent shelters for livestock <\/span>\n\t\t\t\t\t\t\t\t\t\t\t<\/a>\n\t\t\t\t\t\t\t\t\t<\/li>\n\t\t\t\t\t\t\t\t<li class=\"elementor-icon-list-item\">\n\t\t\t\t\t\t\t\t\t\t\t<a href=\"https:\/\/storex.lt\/tentiniai-angarai-renginiams\/\">\n\n\t\t\t\t\t\t\t\t\t\t\t\t<span class=\"elementor-icon-list-icon\">\n\t\t\t\t\t\t\t<svg xmlns=\"http:\/\/www.w3.org\/2000\/svg\" width=\"10\" height=\"19\" viewBox=\"0 0 10 19\"><g id=\"Group_192\" data-name=\"Group 192\" transform=\"translate(10) rotate(90)\"><path id=\"Path_38\" data-name=\"Path 38\" d=\"M19,10H0L9.5,0Z\" fill=\"#ed1e24\"><\/path><\/g><\/svg>\t\t\t\t\t\t<\/span>\n\t\t\t\t\t\t\t\t\t\t<span class=\"elementor-icon-list-text\">Tent hangars for events<\/span>\n\t\t\t\t\t\t\t\t\t\t\t<\/a>\n\t\t\t\t\t\t\t\t\t<\/li>\n\t\t\t\t\t\t\t\t<li class=\"elementor-icon-list-item\">\n\t\t\t\t\t\t\t\t\t\t\t<a href=\"https:\/\/storex.lt\/tentiniai-angarai-sieno-rulonams\/\">\n\n\t\t\t\t\t\t\t\t\t\t\t\t<span class=\"elementor-icon-list-icon\">\n\t\t\t\t\t\t\t<svg xmlns=\"http:\/\/www.w3.org\/2000\/svg\" width=\"10\" height=\"19\" viewBox=\"0 0 10 19\"><g id=\"Group_192\" data-name=\"Group 192\" transform=\"translate(10) rotate(90)\"><path id=\"Path_38\" data-name=\"Path 38\" d=\"M19,10H0L9.5,0Z\" fill=\"#ed1e24\"><\/path><\/g><\/svg>\t\t\t\t\t\t<\/span>\n\t\t\t\t\t\t\t\t\t\t<span class=\"elementor-icon-list-text\">Storage tents for hay bales<\/span>\n\t\t\t\t\t\t\t\t\t\t\t<\/a>\n\t\t\t\t\t\t\t\t\t<\/li>\n\t\t\t\t\t\t\t\t<li class=\"elementor-icon-list-item\">\n\t\t\t\t\t\t\t\t\t\t\t<a href=\"https:\/\/storex.lt\/tentiniai-angarai-sporto-maniezams\/\">\n\n\t\t\t\t\t\t\t\t\t\t\t\t<span class=\"elementor-icon-list-icon\">\n\t\t\t\t\t\t\t<svg xmlns=\"http:\/\/www.w3.org\/2000\/svg\" width=\"10\" height=\"19\" viewBox=\"0 0 10 19\"><g id=\"Group_192\" data-name=\"Group 192\" transform=\"translate(10) rotate(90)\"><path id=\"Path_38\" data-name=\"Path 38\" d=\"M19,10H0L9.5,0Z\" fill=\"#ed1e24\"><\/path><\/g><\/svg>\t\t\t\t\t\t<\/span>\n\t\t\t\t\t\t\t\t\t\t<span class=\"elementor-icon-list-text\">Storage tents for sports arenas<\/span>\n\t\t\t\t\t\t\t\t\t\t\t<\/a>\n\t\t\t\t\t\t\t\t\t<\/li>\n\t\t\t\t\t\t\t\t<li class=\"elementor-icon-list-item\">\n\t\t\t\t\t\t\t\t\t\t\t<a href=\"https:\/\/storex.lt\/tentiniai-garazai\/\">\n\n\t\t\t\t\t\t\t\t\t\t\t\t<span class=\"elementor-icon-list-icon\">\n\t\t\t\t\t\t\t<svg xmlns=\"http:\/\/www.w3.org\/2000\/svg\" width=\"10\" height=\"19\" viewBox=\"0 0 10 19\"><g id=\"Group_192\" data-name=\"Group 192\" transform=\"translate(10) rotate(90)\"><path id=\"Path_38\" data-name=\"Path 38\" d=\"M19,10H0L9.5,0Z\" fill=\"#ed1e24\"><\/path><\/g><\/svg>\t\t\t\t\t\t<\/span>\n\t\t\t\t\t\t\t\t\t\t<span class=\"elementor-icon-list-text\">Tent garages<\/span>\n\t\t\t\t\t\t\t\t\t\t\t<\/a>\n\t\t\t\t\t\t\t\t\t<\/li>\n\t\t\t\t\t\t\t\t<li class=\"elementor-icon-list-item\">\n\t\t\t\t\t\t\t\t\t\t\t<a href=\"https:\/\/storex.lt\/tentiniai-pavilijonai\/\">\n\n\t\t\t\t\t\t\t\t\t\t\t\t<span class=\"elementor-icon-list-icon\">\n\t\t\t\t\t\t\t<svg xmlns=\"http:\/\/www.w3.org\/2000\/svg\" width=\"10\" height=\"19\" viewBox=\"0 0 10 19\"><g id=\"Group_192\" data-name=\"Group 192\" transform=\"translate(10) rotate(90)\"><path id=\"Path_38\" data-name=\"Path 38\" d=\"M19,10H0L9.5,0Z\" fill=\"#ed1e24\"><\/path><\/g><\/svg>\t\t\t\t\t\t<\/span>\n\t\t\t\t\t\t\t\t\t\t<span class=\"elementor-icon-list-text\">Tent pavilions<\/span>\n\t\t\t\t\t\t\t\t\t\t\t<\/a>\n\t\t\t\t\t\t\t\t\t<\/li>\n\t\t\t\t\t\t\t\t<li class=\"elementor-icon-list-item\">\n\t\t\t\t\t\t\t\t\t\t\t<a href=\"https:\/\/storex.lt\/tentiniai-vartai\/\">\n\n\t\t\t\t\t\t\t\t\t\t\t\t<span class=\"elementor-icon-list-icon\">\n\t\t\t\t\t\t\t<svg xmlns=\"http:\/\/www.w3.org\/2000\/svg\" width=\"10\" height=\"19\" viewBox=\"0 0 10 19\"><g id=\"Group_192\" data-name=\"Group 192\" transform=\"translate(10) rotate(90)\"><path id=\"Path_38\" data-name=\"Path 38\" d=\"M19,10H0L9.5,0Z\" fill=\"#ed1e24\"><\/path><\/g><\/svg>\t\t\t\t\t\t<\/span>\n\t\t\t\t\t\t\t\t\t\t<span class=\"elementor-icon-list-text\">Tent gates<\/span>\n\t\t\t\t\t\t\t\t\t\t\t<\/a>\n\t\t\t\t\t\t\t\t\t<\/li>\n\t\t\t\t\t\t<\/ul>\n\t\t\t\t\t\t<\/div>\n\t\t\t\t<\/div>\n\t\t\t\t<\/div>\n\t\t<div class=\"elementor-element elementor-element-7d64f4d e-flex e-con-boxed e-con e-child\" data-id=\"7d64f4d\" data-element_type=\"container\" data-e-type=\"container\">\n\t\t\t\t\t<div class=\"e-con-inner\">\n\t\t\t\t<div class=\"elementor-element elementor-element-bcc4cc8 elementor-widget elementor-widget-heading\" data-id=\"bcc4cc8\" data-element_type=\"widget\" data-e-type=\"widget\" data-widget_type=\"heading.default\">\n\t\t\t\t<div class=\"elementor-widget-container\">\n\t\t\t\t\t<p class=\"elementor-heading-title elementor-size-default\">Reliability and high quality<\/p>\t\t\t\t<\/div>\n\t\t\t\t<\/div>\n\t\t\t\t<div class=\"elementor-element elementor-element-d5c2d3b elementor-widget elementor-widget-heading\" data-id=\"d5c2d3b\" data-element_type=\"widget\" data-e-type=\"widget\" data-widget_type=\"heading.default\">\n\t\t\t\t<div class=\"elementor-widget-container\">\n\t\t\t\t\t<h2 class=\"elementor-heading-title elementor-size-default\">Storage tents: why?<\/h2>\t\t\t\t<\/div>\n\t\t\t\t<\/div>\n\t\t<div class=\"elementor-element elementor-element-f82efa6 e-flex e-con-boxed e-con e-child\" data-id=\"f82efa6\" data-element_type=\"container\" data-e-type=\"container\">\n\t\t\t\t\t<div class=\"e-con-inner\">\n\t\t<div class=\"elementor-element elementor-element-d978283 e-flex e-con-boxed e-con e-child\" data-id=\"d978283\" data-element_type=\"container\" data-e-type=\"container\">\n\t\t\t\t\t<div class=\"e-con-inner\">\n\t\t\t\t<div class=\"elementor-element elementor-element-7f1cc9c elementor-widget elementor-widget-image\" data-id=\"7f1cc9c\" data-element_type=\"widget\" data-e-type=\"widget\" data-widget_type=\"image.default\">\n\t\t\t\t<div class=\"elementor-widget-container\">\n\t\t\t\t\t\t\t\t\t\t\t\t\t\t\t<img decoding=\"async\" width=\"53\" height=\"46\" src=\"https:\/\/storex.lt\/wp-content\/uploads\/2023\/02\/home_energy_feature_2.png\" class=\"attachment-large size-large wp-image-3109\" alt=\"\" \/>\t\t\t\t\t\t\t\t\t\t\t\t\t\t\t<\/div>\n\t\t\t\t<\/div>\n\t\t\t\t<div class=\"elementor-element elementor-element-8f5fa5d elementor-widget elementor-widget-heading\" data-id=\"8f5fa5d\" data-element_type=\"widget\" data-e-type=\"widget\" data-widget_type=\"heading.default\">\n\t\t\t\t<div class=\"elementor-widget-container\">\n\t\t\t\t\t<h3 class=\"elementor-heading-title elementor-size-default\">Excellent value<\/h3>\t\t\t\t<\/div>\n\t\t\t\t<\/div>\n\t\t\t\t<div class=\"elementor-element elementor-element-26bc301 elementor-widget elementor-widget-text-editor\" data-id=\"26bc301\" data-element_type=\"widget\" data-e-type=\"widget\" data-widget_type=\"text-editor.default\">\n\t\t\t\t<div class=\"elementor-widget-container\">\n\t\t\t\t\t\t\t\t\t<p>The price of storage tents is one of the best on the market. At the same time, they are very reliable, practical, comfortable, mobile, made of high-quality certified materials, so <strong>when you buy our tents, you will win both in terms of finance and quality.<\/strong><\/p>\n\t\t\t\t\t\t\t\t<\/div>\n\t\t\t\t<\/div>\n\t\t\t\t\t<\/div>\n\t\t\t\t<\/div>\n\t\t<div class=\"elementor-element elementor-element-3a5980a e-flex e-con-boxed e-con e-child\" data-id=\"3a5980a\" data-element_type=\"container\" data-e-type=\"container\">\n\t\t\t\t\t<div class=\"e-con-inner\">\n\t\t\t\t<div class=\"elementor-element elementor-element-52ca107 elementor-widget elementor-widget-image\" data-id=\"52ca107\" data-element_type=\"widget\" data-e-type=\"widget\" data-widget_type=\"image.default\">\n\t\t\t\t<div class=\"elementor-widget-container\">\n\t\t\t\t\t\t\t\t\t\t\t\t\t\t\t<img decoding=\"async\" width=\"53\" height=\"46\" src=\"https:\/\/storex.lt\/wp-content\/uploads\/2023\/02\/home_energy_feature_1.png\" class=\"attachment-large size-large wp-image-3108\" alt=\"\" \/>\t\t\t\t\t\t\t\t\t\t\t\t\t\t\t<\/div>\n\t\t\t\t<\/div>\n\t\t\t\t<div class=\"elementor-element elementor-element-45d79a5 elementor-widget elementor-widget-heading\" data-id=\"45d79a5\" data-element_type=\"widget\" data-e-type=\"widget\" data-widget_type=\"heading.default\">\n\t\t\t\t<div class=\"elementor-widget-container\">\n\t\t\t\t\t<h3 class=\"elementor-heading-title elementor-size-default\">Practicality<\/h3>\t\t\t\t<\/div>\n\t\t\t\t<\/div>\n\t\t\t\t<div class=\"elementor-element elementor-element-ae87cf7 elementor-widget elementor-widget-text-editor\" data-id=\"ae87cf7\" data-element_type=\"widget\" data-e-type=\"widget\" data-widget_type=\"text-editor.default\">\n\t\t\t\t<div class=\"elementor-widget-container\">\n\t\t\t\t\t\t\t\t\t<p>Storage tents are of different dimensions. They will suit both a small farm and a large company. Smaller storage shelters are mobile, which means that if you use them to store a seasonal harvest, you can disassemble and put them in a safe place until the next time.<\/p>\n\t\t\t\t\t\t\t\t<\/div>\n\t\t\t\t<\/div>\n\t\t\t\t\t<\/div>\n\t\t\t\t<\/div>\n\t\t\t\t\t<\/div>\n\t\t\t\t<\/div>\n\t\t<div class=\"elementor-element elementor-element-0737823 e-flex e-con-boxed e-con e-child\" data-id=\"0737823\" data-element_type=\"container\" data-e-type=\"container\">\n\t\t\t\t\t<div class=\"e-con-inner\">\n\t\t<div class=\"elementor-element elementor-element-2a0d2f4 e-flex e-con-boxed e-con e-child\" data-id=\"2a0d2f4\" data-element_type=\"container\" data-e-type=\"container\">\n\t\t\t\t\t<div class=\"e-con-inner\">\n\t\t\t\t<div class=\"elementor-element elementor-element-e91c998 elementor-widget elementor-widget-image\" data-id=\"e91c998\" data-element_type=\"widget\" data-e-type=\"widget\" data-widget_type=\"image.default\">\n\t\t\t\t<div class=\"elementor-widget-container\">\n\t\t\t\t\t\t\t\t\t\t\t\t\t\t\t<img fetchpriority=\"high\" decoding=\"async\" width=\"576\" height=\"393\" src=\"https:\/\/storex.lt\/wp-content\/uploads\/2023\/02\/storex-tentiniai-angarai-nuotrauka.jpg\" class=\"attachment-large size-large wp-image-3111\" alt=\"\" srcset=\"https:\/\/storex.lt\/wp-content\/uploads\/2023\/02\/storex-tentiniai-angarai-nuotrauka.jpg 576w, https:\/\/storex.lt\/wp-content\/uploads\/2023\/02\/storex-tentiniai-angarai-nuotrauka-400x273.jpg 400w\" sizes=\"(max-width: 576px) 100vw, 576px\" \/>\t\t\t\t\t\t\t\t\t\t\t\t\t\t\t<\/div>\n\t\t\t\t<\/div>\n\t\t\t\t\t<\/div>\n\t\t\t\t<\/div>\n\t\t<div class=\"elementor-element elementor-element-3ad22ba e-flex e-con-boxed e-con e-child\" data-id=\"3ad22ba\" data-element_type=\"container\" data-e-type=\"container\">\n\t\t\t\t\t<div class=\"e-con-inner\">\n\t\t\t\t<div class=\"elementor-element elementor-element-70cf1fc elementor-widget elementor-widget-image\" data-id=\"70cf1fc\" data-element_type=\"widget\" data-e-type=\"widget\" data-widget_type=\"image.default\">\n\t\t\t\t<div class=\"elementor-widget-container\">\n\t\t\t\t\t\t\t\t\t\t\t\t\t\t\t<img loading=\"lazy\" decoding=\"async\" width=\"53\" height=\"46\" src=\"https:\/\/storex.lt\/wp-content\/uploads\/2023\/02\/home_energy_feature_3.png\" class=\"attachment-large size-large wp-image-3110\" alt=\"\" \/>\t\t\t\t\t\t\t\t\t\t\t\t\t\t\t<\/div>\n\t\t\t\t<\/div>\n\t\t\t\t<div class=\"elementor-element elementor-element-efae014 elementor-widget elementor-widget-heading\" data-id=\"efae014\" data-element_type=\"widget\" data-e-type=\"widget\" data-widget_type=\"heading.default\">\n\t\t\t\t<div class=\"elementor-widget-container\">\n\t\t\t\t\t<h3 class=\"elementor-heading-title elementor-size-default\">Reliability and high quality<\/h3>\t\t\t\t<\/div>\n\t\t\t\t<\/div>\n\t\t\t\t<div class=\"elementor-element elementor-element-562c899 elementor-widget elementor-widget-text-editor\" data-id=\"562c899\" data-element_type=\"widget\" data-e-type=\"widget\" data-widget_type=\"text-editor.default\">\n\t\t\t\t<div class=\"elementor-widget-container\">\n\t\t\t\t\t\t\t\t\t<p>We already have more than 10 years of experience working with storage tents.<strong> Over 2000 companies and private individuals have become our clients in many European countries.<\/strong> We can offer very good quality storage tents, which are manufactured to the highest standards EN 1090-1:2009+A1:2011 and meet all EU requirements. They have CE certificates suitable for obtaining EU support. These are good reasons to order warehouse tents with us. You will remain very satisfied, and if you need help or if you need questions, you will always be able to consult our experienced specialists free of charge. Our goal is happy customers who have purchased exactly what they need!<\/p>\n\t\t\t\t\t\t\t\t<\/div>\n\t\t\t\t<\/div>\n\t\t\t\t\t<\/div>\n\t\t\t\t<\/div>\n\t\t\t\t\t<\/div>\n\t\t\t\t<\/div>\n\t\t<div class=\"elementor-element elementor-element-798f98a e-flex e-con-boxed e-con e-child\" data-id=\"798f98a\" data-element_type=\"container\" data-e-type=\"container\" data-settings=\"{&quot;background_background&quot;:&quot;classic&quot;}\">\n\t\t\t\t\t<div class=\"e-con-inner\">\n\t\t<div class=\"elementor-element elementor-element-9127718 e-flex e-con-boxed e-con e-child\" data-id=\"9127718\" data-element_type=\"container\" data-e-type=\"container\">\n\t\t\t\t\t<div class=\"e-con-inner\">\n\t\t\t\t<div class=\"elementor-element elementor-element-ba4471a elementor-widget elementor-widget-heading\" data-id=\"ba4471a\" data-element_type=\"widget\" data-e-type=\"widget\" data-widget_type=\"heading.default\">\n\t\t\t\t<div class=\"elementor-widget-container\">\n\t\t\t\t\t<p class=\"elementor-heading-title elementor-size-default\">Installation<\/p>\t\t\t\t<\/div>\n\t\t\t\t<\/div>\n\t\t\t\t<div class=\"elementor-element elementor-element-5a00d89 elementor-widget elementor-widget-heading\" data-id=\"5a00d89\" data-element_type=\"widget\" data-e-type=\"widget\" data-widget_type=\"heading.default\">\n\t\t\t\t<div class=\"elementor-widget-container\">\n\t\t\t\t\t<h2 class=\"elementor-heading-title elementor-size-default\">How fast can a storage tent be assembled?<\/h2>\t\t\t\t<\/div>\n\t\t\t\t<\/div>\n\t\t\t\t<div class=\"elementor-element elementor-element-d3e654e elementor-widget elementor-widget-text-editor\" data-id=\"d3e654e\" data-element_type=\"widget\" data-e-type=\"widget\" data-widget_type=\"text-editor.default\">\n\t\t\t\t<div class=\"elementor-widget-container\">\n\t\t\t\t\t\t\t\t\t<p>One of the main benefits of choosing to use a storage tent is it\u2019s quick and simple to assemble. A 110-square-meter storage shelter can be assembled by two people in 2 days. The buyers themselves can do this. Our professional team is always ready to assemble a warehouse tent in the right place for you if you don\u2019t wish to assemble it yourself. However if you decide to install the storage tent by yourself, we give complete instructions and advise on how to do it, our team will guide you through the process and answer all of your questions. In case of uncertainty, we will provide free advice. When assembling it is important to choose a surface which is smooth, the arches must be located directly, not above or below.<\/p>\n\t\t\t\t\t\t\t\t<\/div>\n\t\t\t\t<\/div>\n\t\t\t\t<div class=\"elementor-element elementor-element-51e9bc6 elementor-widget elementor-widget-text-editor\" data-id=\"51e9bc6\" data-element_type=\"widget\" data-e-type=\"widget\" data-widget_type=\"text-editor.default\">\n\t\t\t\t<div class=\"elementor-widget-container\">\n\t\t\t\t\t\t\t\t\t<p>The base on which warehouse tents needs to be built must not be soft. It is important to accurately calculate the corners and follow the instructions, if you do so you will easily assemble a storage tent and enjoy it for a long time, for more information on how a storage tent is assembled, please check out our video section where we have videos showing the full process.<\/p>\n\t\t\t\t\t\t\t\t<\/div>\n\t\t\t\t<\/div>\n\t\t\t\t\t<\/div>\n\t\t\t\t<\/div>\n\t\t<div class=\"elementor-element elementor-element-06fcce6 elementor-hidden-mobile e-flex e-con-boxed e-con e-child\" data-id=\"06fcce6\" data-element_type=\"container\" data-e-type=\"container\">\n\t\t\t\t\t<div class=\"e-con-inner\">\n\t\t\t\t<div class=\"elementor-element elementor-element-1d91443 elementor-widget elementor-widget-video\" data-id=\"1d91443\" data-element_type=\"widget\" data-e-type=\"widget\" data-settings=\"{&quot;youtube_url&quot;:&quot;https:\\\/\\\/youtu.be\\\/6cWCKLbZZa0&quot;,&quot;video_type&quot;:&quot;youtube&quot;,&quot;controls&quot;:&quot;yes&quot;}\" data-widget_type=\"video.default\">\n\t\t\t\t<div class=\"elementor-widget-container\">\n\t\t\t\t\t\t\t<div class=\"elementor-wrapper elementor-open-inline\">\n\t\t\t<div class=\"elementor-video\"><\/div>\t\t<\/div>\n\t\t\t\t\t\t<\/div>\n\t\t\t\t<\/div>\n\t\t\t\t\t<\/div>\n\t\t\t\t<\/div>\n\t\t\t\t\t<\/div>\n\t\t\t\t<\/div>\n\t\t<div class=\"elementor-element elementor-element-9ee1b1f e-flex e-con-boxed e-con e-child\" data-id=\"9ee1b1f\" data-element_type=\"container\" data-e-type=\"container\">\n\t\t\t\t\t<div class=\"e-con-inner\">\n\t\t<div class=\"elementor-element elementor-element-b9bb843 e-flex e-con-boxed e-con e-child\" data-id=\"b9bb843\" data-element_type=\"container\" data-e-type=\"container\">\n\t\t\t\t\t<div class=\"e-con-inner\">\n\t\t\t\t<div class=\"elementor-element elementor-element-cc37114 elementor-widget elementor-widget-heading\" data-id=\"cc37114\" data-element_type=\"widget\" data-e-type=\"widget\" data-widget_type=\"heading.default\">\n\t\t\t\t<div class=\"elementor-widget-container\">\n\t\t\t\t\t<h3 class=\"elementor-heading-title elementor-size-default\">Mobility<\/h3>\t\t\t\t<\/div>\n\t\t\t\t<\/div>\n\t\t\t\t<div class=\"elementor-element elementor-element-1e0c4a0 elementor-widget elementor-widget-text-editor\" data-id=\"1e0c4a0\" data-element_type=\"widget\" data-e-type=\"widget\" data-widget_type=\"text-editor.default\">\n\t\t\t\t<div class=\"elementor-widget-container\">\n\t\t\t\t\t\t\t\t\tA number of farmers have purchased our storage tents as a temporary shelter for cattle in the summer, so that they do not overheat in the sun. After grazing one area of land, the structure is successfully transferred to another location.\nThe mobility of the storage tent is one of its most attractive features. If the warehouse tent has a single structure and does not have a foundation, you can install and uninstall it whenever you need it. In which, it can be conveniently used as a temporary shelter.\t\t\t\t\t\t\t\t<\/div>\n\t\t\t\t<\/div>\n\t\t\t\t\t<\/div>\n\t\t\t\t<\/div>\n\t\t<div class=\"elementor-element elementor-element-8f371ab e-flex e-con-boxed e-con e-child\" data-id=\"8f371ab\" data-element_type=\"container\" data-e-type=\"container\">\n\t\t\t\t\t<div class=\"e-con-inner\">\n\t\t\t\t<div class=\"elementor-element elementor-element-d5373a8 elementor-widget elementor-widget-heading\" data-id=\"d5373a8\" data-element_type=\"widget\" data-e-type=\"widget\" data-widget_type=\"heading.default\">\n\t\t\t\t<div class=\"elementor-widget-container\">\n\t\t\t\t\t<h3 class=\"elementor-heading-title elementor-size-default\">Longevity<\/h3>\t\t\t\t<\/div>\n\t\t\t\t<\/div>\n\t\t\t\t<div class=\"elementor-element elementor-element-8837658 elementor-widget elementor-widget-text-editor\" data-id=\"8837658\" data-element_type=\"widget\" data-e-type=\"widget\" data-widget_type=\"text-editor.default\">\n\t\t\t\t<div class=\"elementor-widget-container\">\n\t\t\t\t\t\t\t\t\tA well-maintained storage tent with a quality cover will serve you for a very long time. Warehouse tents are durable and reliable. The structure is coated and is protected against harsh weather conditions. If a storage tent is damaged, it\u2019s easy to repair because of it\u2019s simple structure.<br>\nAll of our products have been tested by time, and every new purchase comes with a warranty.\n\n\t\t\t\t\t\t\t\t<\/div>\n\t\t\t\t<\/div>\n\t\t\t\t\t<\/div>\n\t\t\t\t<\/div>\n\t\t<div class=\"elementor-element elementor-element-0e81ed1 e-flex e-con-boxed e-con e-child\" data-id=\"0e81ed1\" data-element_type=\"container\" data-e-type=\"container\">\n\t\t\t\t\t<div class=\"e-con-inner\">\n\t\t\t\t<div class=\"elementor-element elementor-element-74ba722 elementor-widget elementor-widget-heading\" data-id=\"74ba722\" data-element_type=\"widget\" data-e-type=\"widget\" data-widget_type=\"heading.default\">\n\t\t\t\t<div class=\"elementor-widget-container\">\n\t\t\t\t\t<h3 class=\"elementor-heading-title elementor-size-default\">Adaptability to different weather conditions<\/h3>\t\t\t\t<\/div>\n\t\t\t\t<\/div>\n\t\t\t\t<div class=\"elementor-element elementor-element-1c085a0 elementor-widget elementor-widget-text-editor\" data-id=\"1c085a0\" data-element_type=\"widget\" data-e-type=\"widget\" data-widget_type=\"text-editor.default\">\n\t\t\t\t<div class=\"elementor-widget-container\">\n\t\t\t\t\t\t\t\t\tWe advise our customers on which storage tent fits their climate best, our storage tents are built around Europe and they have been tested by various weather conditions,\nin countries where there are all four seasons, warehouse tents are able to withstand rain, heat, snow and other harsh weather conditions. Because of ventilation boxes in the front and rear storage shelter, there is no damper, and moisture does not accumulate in it.\t\t\t\t\t\t\t\t<\/div>\n\t\t\t\t<\/div>\n\t\t\t\t\t<\/div>\n\t\t\t\t<\/div>\n\t\t\t\t\t<\/div>\n\t\t\t\t<\/div>\n\t\t\t\t\t<\/div>\n\t\t\t\t<\/div>\n\t\t\t\t\t<\/div>\n\t\t\t\t<\/div>\n\t\t\t\t<\/div>\n\t\t","protected":false},"excerpt":{"rendered":"<p>Articles Apie tentinius angarus Tentiniai angarai &#8211; sandeliai Tentiniai angarai gyvuliams Tentiniai angarai renginiams Tentiniai angarai \u0161ieno rulonams Tentiniai angarai sporto manie\u017eams Tentiniai gara\u017eai Tentiniai pavilijonai Tentiniai vartai Reliability and high quality Storage tents: why? Excellent value The price of storage tents is one of the best on the market. At the same time, they [&hellip;]<\/p>\n","protected":false},"author":3,"featured_media":0,"parent":0,"menu_order":0,"comment_status":"closed","ping_status":"closed","template":"elementor_theme","meta":{"_acf_changed":false,"_seopress_robots_primary_cat":"","_seopress_titles_title":"","_seopress_titles_desc":"","_seopress_robots_index":"","footnotes":""},"class_list":["post-4545","page","type-page","status-publish","hentry"],"acf":[],"_links":{"self":[{"href":"https:\/\/storex.lt\/en\/wp-json\/wp\/v2\/pages\/4545","targetHints":{"allow":["GET"]}}],"collection":[{"href":"https:\/\/storex.lt\/en\/wp-json\/wp\/v2\/pages"}],"about":[{"href":"https:\/\/storex.lt\/en\/wp-json\/wp\/v2\/types\/page"}],"author":[{"embeddable":true,"href":"https:\/\/storex.lt\/en\/wp-json\/wp\/v2\/users\/3"}],"replies":[{"embeddable":true,"href":"https:\/\/storex.lt\/en\/wp-json\/wp\/v2\/comments?post=4545"}],"version-history":[{"count":15,"href":"https:\/\/storex.lt\/en\/wp-json\/wp\/v2\/pages\/4545\/revisions"}],"predecessor-version":[{"id":8639,"href":"https:\/\/storex.lt\/en\/wp-json\/wp\/v2\/pages\/4545\/revisions\/8639"}],"wp:attachment":[{"href":"https:\/\/storex.lt\/en\/wp-json\/wp\/v2\/media?parent=4545"}],"curies":[{"name":"wp","href":"https:\/\/api.w.org\/{rel}","templated":true}]}}