{"id":4939,"date":"2023-02-09T12:39:14","date_gmt":"2023-02-09T12:39:14","guid":{"rendered":"https:\/\/storex.lt\/tent-gates\/"},"modified":"2024-03-27T15:09:25","modified_gmt":"2024-03-27T15:09:25","slug":"tent-gates","status":"publish","type":"page","link":"https:\/\/storex.lt\/en\/tent-gates\/","title":{"rendered":"Tent gates"},"content":{"rendered":"\t\t<div data-elementor-type=\"wp-page\" data-elementor-id=\"4939\" class=\"elementor elementor-4939 elementor-1960\" data-elementor-post-type=\"page\">\n\t\t\t\t<div class=\"elementor-element elementor-element-7a7779b e-flex e-con-boxed e-con e-parent\" data-id=\"7a7779b\" data-element_type=\"container\" data-e-type=\"container\" data-settings=\"{&quot;background_background&quot;:&quot;classic&quot;}\">\n\t\t\t\t\t<div class=\"e-con-inner\">\n\t\t\t\t\t<\/div>\n\t\t\t\t<\/div>\n\t\t<div class=\"elementor-element elementor-element-7aad5ae e-flex e-con-boxed e-con e-parent\" data-id=\"7aad5ae\" data-element_type=\"container\" data-e-type=\"container\">\n\t\t\t\t\t<div class=\"e-con-inner\">\n\t\t<div class=\"elementor-element elementor-element-d2f3172 e-con-full e-flex e-con e-child\" data-id=\"d2f3172\" data-element_type=\"container\" data-e-type=\"container\">\n\t\t\t\t<div class=\"elementor-element elementor-element-332f713 elementor-widget elementor-widget-heading\" data-id=\"332f713\" data-element_type=\"widget\" data-e-type=\"widget\" data-widget_type=\"heading.default\">\n\t\t\t\t<div class=\"elementor-widget-container\">\n\t\t\t\t\t<h2 class=\"elementor-heading-title elementor-size-default\">Articles<\/h2>\t\t\t\t<\/div>\n\t\t\t\t<\/div>\n\t\t\t\t<div class=\"elementor-element elementor-element-d7216c9 elementor-icon-list--layout-traditional elementor-list-item-link-full_width elementor-widget elementor-widget-global elementor-global-8297 elementor-global-8284 elementor-widget-icon-list\" data-id=\"d7216c9\" data-element_type=\"widget\" data-e-type=\"widget\" data-widget_type=\"icon-list.default\">\n\t\t\t\t<div class=\"elementor-widget-container\">\n\t\t\t\t\t\t\t<ul class=\"elementor-icon-list-items\">\n\t\t\t\t\t\t\t<li class=\"elementor-icon-list-item\">\n\t\t\t\t\t\t\t\t\t\t\t<a href=\"https:\/\/storex.lt\/apie-tentinius-angarus\/\">\n\n\t\t\t\t\t\t\t\t\t\t\t\t<span class=\"elementor-icon-list-icon\">\n\t\t\t\t\t\t\t<svg xmlns=\"http:\/\/www.w3.org\/2000\/svg\" width=\"10\" height=\"19\" viewBox=\"0 0 10 19\"><g id=\"Group_192\" data-name=\"Group 192\" transform=\"translate(10) rotate(90)\"><path id=\"Path_38\" data-name=\"Path 38\" d=\"M19,10H0L9.5,0Z\" fill=\"#ed1e24\"><\/path><\/g><\/svg>\t\t\t\t\t\t<\/span>\n\t\t\t\t\t\t\t\t\t\t<span class=\"elementor-icon-list-text\">About tent hangars<\/span>\n\t\t\t\t\t\t\t\t\t\t\t<\/a>\n\t\t\t\t\t\t\t\t\t<\/li>\n\t\t\t\t\t\t\t\t<li class=\"elementor-icon-list-item\">\n\t\t\t\t\t\t\t\t\t\t\t<a href=\"https:\/\/storex.lt\/tentiniai-angarai-sandeliai\/\">\n\n\t\t\t\t\t\t\t\t\t\t\t\t<span class=\"elementor-icon-list-icon\">\n\t\t\t\t\t\t\t<svg xmlns=\"http:\/\/www.w3.org\/2000\/svg\" width=\"10\" height=\"19\" viewBox=\"0 0 10 19\"><g id=\"Group_192\" data-name=\"Group 192\" transform=\"translate(10) rotate(90)\"><path id=\"Path_38\" data-name=\"Path 38\" d=\"M19,10H0L9.5,0Z\" fill=\"#ed1e24\"><\/path><\/g><\/svg>\t\t\t\t\t\t<\/span>\n\t\t\t\t\t\t\t\t\t\t<span class=\"elementor-icon-list-text\">Tent hangars \u2013 warehouses<\/span>\n\t\t\t\t\t\t\t\t\t\t\t<\/a>\n\t\t\t\t\t\t\t\t\t<\/li>\n\t\t\t\t\t\t\t\t<li class=\"elementor-icon-list-item\">\n\t\t\t\t\t\t\t\t\t\t\t<a href=\"https:\/\/storex.lt\/tentiniai-angarai-gyvuliams\/\">\n\n\t\t\t\t\t\t\t\t\t\t\t\t<span class=\"elementor-icon-list-icon\">\n\t\t\t\t\t\t\t<svg xmlns=\"http:\/\/www.w3.org\/2000\/svg\" width=\"10\" height=\"19\" viewBox=\"0 0 10 19\"><g id=\"Group_192\" data-name=\"Group 192\" transform=\"translate(10) rotate(90)\"><path id=\"Path_38\" data-name=\"Path 38\" d=\"M19,10H0L9.5,0Z\" fill=\"#ed1e24\"><\/path><\/g><\/svg>\t\t\t\t\t\t<\/span>\n\t\t\t\t\t\t\t\t\t\t<span class=\"elementor-icon-list-text\">Tent shelters for livestock <\/span>\n\t\t\t\t\t\t\t\t\t\t\t<\/a>\n\t\t\t\t\t\t\t\t\t<\/li>\n\t\t\t\t\t\t\t\t<li class=\"elementor-icon-list-item\">\n\t\t\t\t\t\t\t\t\t\t\t<a href=\"https:\/\/storex.lt\/tentiniai-angarai-renginiams\/\">\n\n\t\t\t\t\t\t\t\t\t\t\t\t<span class=\"elementor-icon-list-icon\">\n\t\t\t\t\t\t\t<svg xmlns=\"http:\/\/www.w3.org\/2000\/svg\" width=\"10\" height=\"19\" viewBox=\"0 0 10 19\"><g id=\"Group_192\" data-name=\"Group 192\" transform=\"translate(10) rotate(90)\"><path id=\"Path_38\" data-name=\"Path 38\" d=\"M19,10H0L9.5,0Z\" fill=\"#ed1e24\"><\/path><\/g><\/svg>\t\t\t\t\t\t<\/span>\n\t\t\t\t\t\t\t\t\t\t<span class=\"elementor-icon-list-text\">Tent hangars for events<\/span>\n\t\t\t\t\t\t\t\t\t\t\t<\/a>\n\t\t\t\t\t\t\t\t\t<\/li>\n\t\t\t\t\t\t\t\t<li class=\"elementor-icon-list-item\">\n\t\t\t\t\t\t\t\t\t\t\t<a href=\"https:\/\/storex.lt\/tentiniai-angarai-sieno-rulonams\/\">\n\n\t\t\t\t\t\t\t\t\t\t\t\t<span class=\"elementor-icon-list-icon\">\n\t\t\t\t\t\t\t<svg xmlns=\"http:\/\/www.w3.org\/2000\/svg\" width=\"10\" height=\"19\" viewBox=\"0 0 10 19\"><g id=\"Group_192\" data-name=\"Group 192\" transform=\"translate(10) rotate(90)\"><path id=\"Path_38\" data-name=\"Path 38\" d=\"M19,10H0L9.5,0Z\" fill=\"#ed1e24\"><\/path><\/g><\/svg>\t\t\t\t\t\t<\/span>\n\t\t\t\t\t\t\t\t\t\t<span class=\"elementor-icon-list-text\">Storage tents for hay bales<\/span>\n\t\t\t\t\t\t\t\t\t\t\t<\/a>\n\t\t\t\t\t\t\t\t\t<\/li>\n\t\t\t\t\t\t\t\t<li class=\"elementor-icon-list-item\">\n\t\t\t\t\t\t\t\t\t\t\t<a href=\"https:\/\/storex.lt\/tentiniai-angarai-sporto-maniezams\/\">\n\n\t\t\t\t\t\t\t\t\t\t\t\t<span class=\"elementor-icon-list-icon\">\n\t\t\t\t\t\t\t<svg xmlns=\"http:\/\/www.w3.org\/2000\/svg\" width=\"10\" height=\"19\" viewBox=\"0 0 10 19\"><g id=\"Group_192\" data-name=\"Group 192\" transform=\"translate(10) rotate(90)\"><path id=\"Path_38\" data-name=\"Path 38\" d=\"M19,10H0L9.5,0Z\" fill=\"#ed1e24\"><\/path><\/g><\/svg>\t\t\t\t\t\t<\/span>\n\t\t\t\t\t\t\t\t\t\t<span class=\"elementor-icon-list-text\">Storage tents for sports arenas<\/span>\n\t\t\t\t\t\t\t\t\t\t\t<\/a>\n\t\t\t\t\t\t\t\t\t<\/li>\n\t\t\t\t\t\t\t\t<li class=\"elementor-icon-list-item\">\n\t\t\t\t\t\t\t\t\t\t\t<a href=\"https:\/\/storex.lt\/tentiniai-garazai\/\">\n\n\t\t\t\t\t\t\t\t\t\t\t\t<span class=\"elementor-icon-list-icon\">\n\t\t\t\t\t\t\t<svg xmlns=\"http:\/\/www.w3.org\/2000\/svg\" width=\"10\" height=\"19\" viewBox=\"0 0 10 19\"><g id=\"Group_192\" data-name=\"Group 192\" transform=\"translate(10) rotate(90)\"><path id=\"Path_38\" data-name=\"Path 38\" d=\"M19,10H0L9.5,0Z\" fill=\"#ed1e24\"><\/path><\/g><\/svg>\t\t\t\t\t\t<\/span>\n\t\t\t\t\t\t\t\t\t\t<span class=\"elementor-icon-list-text\">Tent garages<\/span>\n\t\t\t\t\t\t\t\t\t\t\t<\/a>\n\t\t\t\t\t\t\t\t\t<\/li>\n\t\t\t\t\t\t\t\t<li class=\"elementor-icon-list-item\">\n\t\t\t\t\t\t\t\t\t\t\t<a href=\"https:\/\/storex.lt\/tentiniai-pavilijonai\/\">\n\n\t\t\t\t\t\t\t\t\t\t\t\t<span class=\"elementor-icon-list-icon\">\n\t\t\t\t\t\t\t<svg xmlns=\"http:\/\/www.w3.org\/2000\/svg\" width=\"10\" height=\"19\" viewBox=\"0 0 10 19\"><g id=\"Group_192\" data-name=\"Group 192\" transform=\"translate(10) rotate(90)\"><path id=\"Path_38\" data-name=\"Path 38\" d=\"M19,10H0L9.5,0Z\" fill=\"#ed1e24\"><\/path><\/g><\/svg>\t\t\t\t\t\t<\/span>\n\t\t\t\t\t\t\t\t\t\t<span class=\"elementor-icon-list-text\">Tent pavilions<\/span>\n\t\t\t\t\t\t\t\t\t\t\t<\/a>\n\t\t\t\t\t\t\t\t\t<\/li>\n\t\t\t\t\t\t\t\t<li class=\"elementor-icon-list-item\">\n\t\t\t\t\t\t\t\t\t\t\t<a href=\"https:\/\/storex.lt\/tentiniai-vartai\/\">\n\n\t\t\t\t\t\t\t\t\t\t\t\t<span class=\"elementor-icon-list-icon\">\n\t\t\t\t\t\t\t<svg xmlns=\"http:\/\/www.w3.org\/2000\/svg\" width=\"10\" height=\"19\" viewBox=\"0 0 10 19\"><g id=\"Group_192\" data-name=\"Group 192\" transform=\"translate(10) rotate(90)\"><path id=\"Path_38\" data-name=\"Path 38\" d=\"M19,10H0L9.5,0Z\" fill=\"#ed1e24\"><\/path><\/g><\/svg>\t\t\t\t\t\t<\/span>\n\t\t\t\t\t\t\t\t\t\t<span class=\"elementor-icon-list-text\">Tent gates<\/span>\n\t\t\t\t\t\t\t\t\t\t\t<\/a>\n\t\t\t\t\t\t\t\t\t<\/li>\n\t\t\t\t\t\t<\/ul>\n\t\t\t\t\t\t<\/div>\n\t\t\t\t<\/div>\n\t\t\t\t<\/div>\n\t\t<div class=\"elementor-element elementor-element-df564b6 e-con-full e-flex e-con e-child\" data-id=\"df564b6\" data-element_type=\"container\" data-e-type=\"container\">\n\t\t\t\t<div class=\"elementor-element elementor-element-8a7516a elementor-widget elementor-widget-heading\" data-id=\"8a7516a\" data-element_type=\"widget\" data-e-type=\"widget\" data-widget_type=\"heading.default\">\n\t\t\t\t<div class=\"elementor-widget-container\">\n\t\t\t\t\t<h2 class=\"elementor-heading-title elementor-size-default\">Tent gates<\/h2>\t\t\t\t<\/div>\n\t\t\t\t<\/div>\n\t\t<div class=\"elementor-element elementor-element-7a6a080 e-flex e-con-boxed e-con e-child\" data-id=\"7a6a080\" data-element_type=\"container\" data-e-type=\"container\">\n\t\t\t\t\t<div class=\"e-con-inner\">\n\t\t<div class=\"elementor-element elementor-element-606a79d e-flex e-con-boxed e-con e-child\" data-id=\"606a79d\" data-element_type=\"container\" data-e-type=\"container\">\n\t\t\t\t\t<div class=\"e-con-inner\">\n\t\t\t\t<div class=\"elementor-element elementor-element-cc8857a elementor-widget elementor-widget-text-editor\" data-id=\"cc8857a\" data-element_type=\"widget\" data-e-type=\"widget\" data-widget_type=\"text-editor.default\">\n\t\t\t\t<div class=\"elementor-widget-container\">\n\t\t\t\t\t\t\t\t\t<p>Tent gates are a great solution for those using storage hangars. They are extremely lightweight, quick to assemble, easy to use and can be adapted to storage shelters of various sizes to suit the needs of each customer. <\/p>\n\t\t\t\t\t\t\t\t<\/div>\n\t\t\t\t<\/div>\n\t\t\t\t<div class=\"elementor-element elementor-element-8d5ed05 elementor-widget elementor-widget-text-editor\" data-id=\"8d5ed05\" data-element_type=\"widget\" data-e-type=\"widget\" data-widget_type=\"text-editor.default\">\n\t\t\t\t<div class=\"elementor-widget-container\">\n\t\t\t\t\t\t\t\t\tTent gates have many advantages. The gate has a zipper and allows quick and simple access. If necessary, the door opens easily to the end, depending on the model and size of the storage tent available. Larger prefabricated warehouse tents have built-in gates with a rotating manual lift, which is used to raise the gate. It is convenient that no additional ladder is required to lift the gates. The smaller storage shelters which have gates with a zipper are lifted to the top with a special tool that is given to open the gate to the maximum. With the help of a rope they roll-up nicely, like blinds.    \n\t\t\t\t\t\t\t\t<\/div>\n\t\t\t\t<\/div>\n\t\t\t\t\t<\/div>\n\t\t\t\t<\/div>\n\t\t<div class=\"elementor-element elementor-element-69c1038 e-flex e-con-boxed e-con e-child\" data-id=\"69c1038\" data-element_type=\"container\" data-e-type=\"container\">\n\t\t\t\t\t<div class=\"e-con-inner\">\n\t\t\t\t<div class=\"elementor-element elementor-element-0cda0b0 elementor-widget elementor-widget-text-editor\" data-id=\"0cda0b0\" data-element_type=\"widget\" data-e-type=\"widget\" data-widget_type=\"text-editor.default\">\n\t\t\t\t<div class=\"elementor-widget-container\">\n\t\t\t\t\t\t\t\t\t<p> When the rope is released, they easily go down.<\/p>\n\t\t\t\t\t\t\t\t<\/div>\n\t\t\t\t<\/div>\n\t\t\t\t<div class=\"elementor-element elementor-element-feb0d77 elementor-widget elementor-widget-text-editor\" data-id=\"feb0d77\" data-element_type=\"widget\" data-e-type=\"widget\" data-widget_type=\"text-editor.default\">\n\t\t\t\t<div class=\"elementor-widget-container\">\n\t\t\t\t\t\t\t\t\tOften the gate is used as a mean of ventilation. This is one of the biggest advantages of tent gates. In order for the air to circulate freely, they do not need to be opened to the maximum, it is enough to raise the gate to the height of a meter at both ends of the storage tent. The air circulates freely and the warehouse tent is ventilated inside, so no condensation forms. The storage tent door is especially useful to protect the stored materials from outside eyes.    \n\t\t\t\t\t\t\t\t<\/div>\n\t\t\t\t<\/div>\n\t\t\t\t\t<\/div>\n\t\t\t\t<\/div>\n\t\t\t\t\t<\/div>\n\t\t\t\t<\/div>\n\t\t<div class=\"elementor-element elementor-element-9ff1992 e-flex e-con-boxed e-con e-child\" data-id=\"9ff1992\" data-element_type=\"container\" data-e-type=\"container\">\n\t\t\t\t\t<div class=\"e-con-inner\">\n\t\t<div class=\"elementor-element elementor-element-1071614 e-flex e-con-boxed e-con e-child\" data-id=\"1071614\" data-element_type=\"container\" data-e-type=\"container\">\n\t\t\t\t\t<div class=\"e-con-inner\">\n\t\t\t\t<div class=\"elementor-element elementor-element-c8f6855 elementor-widget elementor-widget-image\" data-id=\"c8f6855\" data-element_type=\"widget\" data-e-type=\"widget\" data-widget_type=\"image.default\">\n\t\t\t\t<div class=\"elementor-widget-container\">\n\t\t\t\t\t\t\t\t\t\t\t\t\t\t\t<img fetchpriority=\"high\" decoding=\"async\" width=\"600\" height=\"600\" src=\"https:\/\/storex.lt\/wp-content\/uploads\/2023\/02\/storex-tentiniai-vartai-1.jpg\" class=\"attachment-large size-large wp-image-3116\" alt=\"\" srcset=\"https:\/\/storex.lt\/wp-content\/uploads\/2023\/02\/storex-tentiniai-vartai-1.jpg 600w, https:\/\/storex.lt\/wp-content\/uploads\/2023\/02\/storex-tentiniai-vartai-1-400x400.jpg 400w, https:\/\/storex.lt\/wp-content\/uploads\/2023\/02\/storex-tentiniai-vartai-1-300x300.jpg 300w, https:\/\/storex.lt\/wp-content\/uploads\/2023\/02\/storex-tentiniai-vartai-1-100x100.jpg 100w, https:\/\/storex.lt\/wp-content\/uploads\/2023\/02\/storex-tentiniai-vartai-1-50x50.jpg 50w\" sizes=\"(max-width: 600px) 100vw, 600px\" \/>\t\t\t\t\t\t\t\t\t\t\t\t\t\t\t<\/div>\n\t\t\t\t<\/div>\n\t\t\t\t\t<\/div>\n\t\t\t\t<\/div>\n\t\t<div class=\"elementor-element elementor-element-7956f53 e-flex e-con-boxed e-con e-child\" data-id=\"7956f53\" data-element_type=\"container\" data-e-type=\"container\">\n\t\t\t\t\t<div class=\"e-con-inner\">\n\t\t\t\t<div class=\"elementor-element elementor-element-e073b99 elementor-widget elementor-widget-text-editor\" data-id=\"e073b99\" data-element_type=\"widget\" data-e-type=\"widget\" data-widget_type=\"text-editor.default\">\n\t\t\t\t<div class=\"elementor-widget-container\">\n\t\t\t\t\t\t\t\t\tTent gates can be designed according to the needs of each customer and the shape and dimensions of the storage tent. Just like warehouse tents, tent gates have excellent properties, they are resistant to environmental influences, salt, moisture, protects from precipitation, high temperatures, sand or dust. Many appreciate the fact that such gates are impermeable to moisture, making them ideal for storage in sea ports or other areas with high humidity. Protection from the environment of assembled storage tents and their gates allows to store agricultural products, hay rolls, heavy machinery and other implements needed on the farm. The unlimited choice of warehouse tents and gate sizes opens up an extremely wide range of storage options.    \n\t\t\t\t\t\t\t\t<\/div>\n\t\t\t\t<\/div>\n\t\t\t\t\t<\/div>\n\t\t\t\t<\/div>\n\t\t\t\t\t<\/div>\n\t\t\t\t<\/div>\n\t\t\t\t<\/div>\n\t\t\t\t\t<\/div>\n\t\t\t\t<\/div>\n\t\t\t\t<\/div>\n\t\t","protected":false},"excerpt":{"rendered":"<p>Articles Apie tentinius angarus Tentiniai angarai &#8211; sandeliai Tentiniai angarai gyvuliams Tentiniai angarai renginiams Tentiniai angarai \u0161ieno rulonams Tentiniai angarai sporto manie\u017eams Tentiniai gara\u017eai Tentiniai pavilijonai Tentiniai vartai Tent gates Tent gates are a great solution for those using storage hangars. They are extremely lightweight, quick to assemble, easy to use and can be adapted [&hellip;]<\/p>\n","protected":false},"author":3,"featured_media":0,"parent":0,"menu_order":0,"comment_status":"closed","ping_status":"closed","template":"elementor_theme","meta":{"_acf_changed":false,"_seopress_robots_primary_cat":"","_seopress_titles_title":"","_seopress_titles_desc":"","_seopress_robots_index":"","footnotes":""},"class_list":["post-4939","page","type-page","status-publish","hentry"],"acf":[],"_links":{"self":[{"href":"https:\/\/storex.lt\/en\/wp-json\/wp\/v2\/pages\/4939","targetHints":{"allow":["GET"]}}],"collection":[{"href":"https:\/\/storex.lt\/en\/wp-json\/wp\/v2\/pages"}],"about":[{"href":"https:\/\/storex.lt\/en\/wp-json\/wp\/v2\/types\/page"}],"author":[{"embeddable":true,"href":"https:\/\/storex.lt\/en\/wp-json\/wp\/v2\/users\/3"}],"replies":[{"embeddable":true,"href":"https:\/\/storex.lt\/en\/wp-json\/wp\/v2\/comments?post=4939"}],"version-history":[{"count":4,"href":"https:\/\/storex.lt\/en\/wp-json\/wp\/v2\/pages\/4939\/revisions"}],"predecessor-version":[{"id":8381,"href":"https:\/\/storex.lt\/en\/wp-json\/wp\/v2\/pages\/4939\/revisions\/8381"}],"wp:attachment":[{"href":"https:\/\/storex.lt\/en\/wp-json\/wp\/v2\/media?parent=4939"}],"curies":[{"name":"wp","href":"https:\/\/api.w.org\/{rel}","templated":true}]}}