{"id":8261,"date":"2023-02-09T12:38:42","date_gmt":"2023-02-09T12:38:42","guid":{"rendered":"https:\/\/storex.lt\/tent-garages\/"},"modified":"2024-03-27T14:43:18","modified_gmt":"2024-03-27T14:43:18","slug":"tent-garages","status":"publish","type":"page","link":"https:\/\/storex.lt\/en\/tent-garages\/","title":{"rendered":"Tent garages"},"content":{"rendered":"\t\t<div data-elementor-type=\"wp-page\" data-elementor-id=\"8261\" class=\"elementor elementor-8261 elementor-1953\" data-elementor-post-type=\"page\">\n\t\t\t\t<div class=\"elementor-element elementor-element-7263278 e-flex e-con-boxed e-con e-parent\" data-id=\"7263278\" data-element_type=\"container\" data-e-type=\"container\" data-settings=\"{&quot;background_background&quot;:&quot;classic&quot;}\">\n\t\t\t\t\t<div class=\"e-con-inner\">\n\t\t\t\t\t<\/div>\n\t\t\t\t<\/div>\n\t\t<div class=\"elementor-element elementor-element-30770e5 e-flex e-con-boxed e-con e-parent\" data-id=\"30770e5\" data-element_type=\"container\" data-e-type=\"container\">\n\t\t\t\t\t<div class=\"e-con-inner\">\n\t\t<div class=\"elementor-element elementor-element-d29c3ec e-con-full e-flex e-con e-child\" data-id=\"d29c3ec\" data-element_type=\"container\" data-e-type=\"container\">\n\t\t\t\t<div class=\"elementor-element elementor-element-d5db1c6 elementor-widget elementor-widget-heading\" data-id=\"d5db1c6\" data-element_type=\"widget\" data-e-type=\"widget\" data-widget_type=\"heading.default\">\n\t\t\t\t<div class=\"elementor-widget-container\">\n\t\t\t\t\t<h2 class=\"elementor-heading-title elementor-size-default\">Articles<\/h2>\t\t\t\t<\/div>\n\t\t\t\t<\/div>\n\t\t\t\t<div class=\"elementor-element elementor-element-4fdcc72 elementor-icon-list--layout-traditional elementor-list-item-link-full_width elementor-widget elementor-widget-global elementor-global-8297 elementor-global-8284 elementor-widget-icon-list\" data-id=\"4fdcc72\" data-element_type=\"widget\" data-e-type=\"widget\" data-widget_type=\"icon-list.default\">\n\t\t\t\t<div class=\"elementor-widget-container\">\n\t\t\t\t\t\t\t<ul class=\"elementor-icon-list-items\">\n\t\t\t\t\t\t\t<li class=\"elementor-icon-list-item\">\n\t\t\t\t\t\t\t\t\t\t\t<a href=\"https:\/\/storex.lt\/apie-tentinius-angarus\/\">\n\n\t\t\t\t\t\t\t\t\t\t\t\t<span class=\"elementor-icon-list-icon\">\n\t\t\t\t\t\t\t<svg xmlns=\"http:\/\/www.w3.org\/2000\/svg\" width=\"10\" height=\"19\" viewBox=\"0 0 10 19\"><g id=\"Group_192\" data-name=\"Group 192\" transform=\"translate(10) rotate(90)\"><path id=\"Path_38\" data-name=\"Path 38\" d=\"M19,10H0L9.5,0Z\" fill=\"#ed1e24\"><\/path><\/g><\/svg>\t\t\t\t\t\t<\/span>\n\t\t\t\t\t\t\t\t\t\t<span class=\"elementor-icon-list-text\">About tent hangars<\/span>\n\t\t\t\t\t\t\t\t\t\t\t<\/a>\n\t\t\t\t\t\t\t\t\t<\/li>\n\t\t\t\t\t\t\t\t<li class=\"elementor-icon-list-item\">\n\t\t\t\t\t\t\t\t\t\t\t<a href=\"https:\/\/storex.lt\/tentiniai-angarai-sandeliai\/\">\n\n\t\t\t\t\t\t\t\t\t\t\t\t<span class=\"elementor-icon-list-icon\">\n\t\t\t\t\t\t\t<svg xmlns=\"http:\/\/www.w3.org\/2000\/svg\" width=\"10\" height=\"19\" viewBox=\"0 0 10 19\"><g id=\"Group_192\" data-name=\"Group 192\" transform=\"translate(10) rotate(90)\"><path id=\"Path_38\" data-name=\"Path 38\" d=\"M19,10H0L9.5,0Z\" fill=\"#ed1e24\"><\/path><\/g><\/svg>\t\t\t\t\t\t<\/span>\n\t\t\t\t\t\t\t\t\t\t<span class=\"elementor-icon-list-text\">Tent hangars \u2013 warehouses<\/span>\n\t\t\t\t\t\t\t\t\t\t\t<\/a>\n\t\t\t\t\t\t\t\t\t<\/li>\n\t\t\t\t\t\t\t\t<li class=\"elementor-icon-list-item\">\n\t\t\t\t\t\t\t\t\t\t\t<a href=\"https:\/\/storex.lt\/tentiniai-angarai-gyvuliams\/\">\n\n\t\t\t\t\t\t\t\t\t\t\t\t<span class=\"elementor-icon-list-icon\">\n\t\t\t\t\t\t\t<svg xmlns=\"http:\/\/www.w3.org\/2000\/svg\" width=\"10\" height=\"19\" viewBox=\"0 0 10 19\"><g id=\"Group_192\" data-name=\"Group 192\" transform=\"translate(10) rotate(90)\"><path id=\"Path_38\" data-name=\"Path 38\" d=\"M19,10H0L9.5,0Z\" fill=\"#ed1e24\"><\/path><\/g><\/svg>\t\t\t\t\t\t<\/span>\n\t\t\t\t\t\t\t\t\t\t<span class=\"elementor-icon-list-text\">Tent shelters for livestock <\/span>\n\t\t\t\t\t\t\t\t\t\t\t<\/a>\n\t\t\t\t\t\t\t\t\t<\/li>\n\t\t\t\t\t\t\t\t<li class=\"elementor-icon-list-item\">\n\t\t\t\t\t\t\t\t\t\t\t<a href=\"https:\/\/storex.lt\/tentiniai-angarai-renginiams\/\">\n\n\t\t\t\t\t\t\t\t\t\t\t\t<span class=\"elementor-icon-list-icon\">\n\t\t\t\t\t\t\t<svg xmlns=\"http:\/\/www.w3.org\/2000\/svg\" width=\"10\" height=\"19\" viewBox=\"0 0 10 19\"><g id=\"Group_192\" data-name=\"Group 192\" transform=\"translate(10) rotate(90)\"><path id=\"Path_38\" data-name=\"Path 38\" d=\"M19,10H0L9.5,0Z\" fill=\"#ed1e24\"><\/path><\/g><\/svg>\t\t\t\t\t\t<\/span>\n\t\t\t\t\t\t\t\t\t\t<span class=\"elementor-icon-list-text\">Tent hangars for events<\/span>\n\t\t\t\t\t\t\t\t\t\t\t<\/a>\n\t\t\t\t\t\t\t\t\t<\/li>\n\t\t\t\t\t\t\t\t<li class=\"elementor-icon-list-item\">\n\t\t\t\t\t\t\t\t\t\t\t<a href=\"https:\/\/storex.lt\/tentiniai-angarai-sieno-rulonams\/\">\n\n\t\t\t\t\t\t\t\t\t\t\t\t<span class=\"elementor-icon-list-icon\">\n\t\t\t\t\t\t\t<svg xmlns=\"http:\/\/www.w3.org\/2000\/svg\" width=\"10\" height=\"19\" viewBox=\"0 0 10 19\"><g id=\"Group_192\" data-name=\"Group 192\" transform=\"translate(10) rotate(90)\"><path id=\"Path_38\" data-name=\"Path 38\" d=\"M19,10H0L9.5,0Z\" fill=\"#ed1e24\"><\/path><\/g><\/svg>\t\t\t\t\t\t<\/span>\n\t\t\t\t\t\t\t\t\t\t<span class=\"elementor-icon-list-text\">Storage tents for hay bales<\/span>\n\t\t\t\t\t\t\t\t\t\t\t<\/a>\n\t\t\t\t\t\t\t\t\t<\/li>\n\t\t\t\t\t\t\t\t<li class=\"elementor-icon-list-item\">\n\t\t\t\t\t\t\t\t\t\t\t<a href=\"https:\/\/storex.lt\/tentiniai-angarai-sporto-maniezams\/\">\n\n\t\t\t\t\t\t\t\t\t\t\t\t<span class=\"elementor-icon-list-icon\">\n\t\t\t\t\t\t\t<svg xmlns=\"http:\/\/www.w3.org\/2000\/svg\" width=\"10\" height=\"19\" viewBox=\"0 0 10 19\"><g id=\"Group_192\" data-name=\"Group 192\" transform=\"translate(10) rotate(90)\"><path id=\"Path_38\" data-name=\"Path 38\" d=\"M19,10H0L9.5,0Z\" fill=\"#ed1e24\"><\/path><\/g><\/svg>\t\t\t\t\t\t<\/span>\n\t\t\t\t\t\t\t\t\t\t<span class=\"elementor-icon-list-text\">Storage tents for sports arenas<\/span>\n\t\t\t\t\t\t\t\t\t\t\t<\/a>\n\t\t\t\t\t\t\t\t\t<\/li>\n\t\t\t\t\t\t\t\t<li class=\"elementor-icon-list-item\">\n\t\t\t\t\t\t\t\t\t\t\t<a href=\"https:\/\/storex.lt\/tentiniai-garazai\/\">\n\n\t\t\t\t\t\t\t\t\t\t\t\t<span class=\"elementor-icon-list-icon\">\n\t\t\t\t\t\t\t<svg xmlns=\"http:\/\/www.w3.org\/2000\/svg\" width=\"10\" height=\"19\" viewBox=\"0 0 10 19\"><g id=\"Group_192\" data-name=\"Group 192\" transform=\"translate(10) rotate(90)\"><path id=\"Path_38\" data-name=\"Path 38\" d=\"M19,10H0L9.5,0Z\" fill=\"#ed1e24\"><\/path><\/g><\/svg>\t\t\t\t\t\t<\/span>\n\t\t\t\t\t\t\t\t\t\t<span class=\"elementor-icon-list-text\">Tent garages<\/span>\n\t\t\t\t\t\t\t\t\t\t\t<\/a>\n\t\t\t\t\t\t\t\t\t<\/li>\n\t\t\t\t\t\t\t\t<li class=\"elementor-icon-list-item\">\n\t\t\t\t\t\t\t\t\t\t\t<a href=\"https:\/\/storex.lt\/tentiniai-pavilijonai\/\">\n\n\t\t\t\t\t\t\t\t\t\t\t\t<span class=\"elementor-icon-list-icon\">\n\t\t\t\t\t\t\t<svg xmlns=\"http:\/\/www.w3.org\/2000\/svg\" width=\"10\" height=\"19\" viewBox=\"0 0 10 19\"><g id=\"Group_192\" data-name=\"Group 192\" transform=\"translate(10) rotate(90)\"><path id=\"Path_38\" data-name=\"Path 38\" d=\"M19,10H0L9.5,0Z\" fill=\"#ed1e24\"><\/path><\/g><\/svg>\t\t\t\t\t\t<\/span>\n\t\t\t\t\t\t\t\t\t\t<span class=\"elementor-icon-list-text\">Tent pavilions<\/span>\n\t\t\t\t\t\t\t\t\t\t\t<\/a>\n\t\t\t\t\t\t\t\t\t<\/li>\n\t\t\t\t\t\t\t\t<li class=\"elementor-icon-list-item\">\n\t\t\t\t\t\t\t\t\t\t\t<a href=\"https:\/\/storex.lt\/tentiniai-vartai\/\">\n\n\t\t\t\t\t\t\t\t\t\t\t\t<span class=\"elementor-icon-list-icon\">\n\t\t\t\t\t\t\t<svg xmlns=\"http:\/\/www.w3.org\/2000\/svg\" width=\"10\" height=\"19\" viewBox=\"0 0 10 19\"><g id=\"Group_192\" data-name=\"Group 192\" transform=\"translate(10) rotate(90)\"><path id=\"Path_38\" data-name=\"Path 38\" d=\"M19,10H0L9.5,0Z\" fill=\"#ed1e24\"><\/path><\/g><\/svg>\t\t\t\t\t\t<\/span>\n\t\t\t\t\t\t\t\t\t\t<span class=\"elementor-icon-list-text\">Tent gates<\/span>\n\t\t\t\t\t\t\t\t\t\t\t<\/a>\n\t\t\t\t\t\t\t\t\t<\/li>\n\t\t\t\t\t\t<\/ul>\n\t\t\t\t\t\t<\/div>\n\t\t\t\t<\/div>\n\t\t\t\t<\/div>\n\t\t<div class=\"elementor-element elementor-element-8a41b09 e-con-full e-flex e-con e-child\" data-id=\"8a41b09\" data-element_type=\"container\" data-e-type=\"container\">\n\t\t\t\t<div class=\"elementor-element elementor-element-081dc06 elementor-widget elementor-widget-heading\" data-id=\"081dc06\" data-element_type=\"widget\" data-e-type=\"widget\" data-widget_type=\"heading.default\">\n\t\t\t\t<div class=\"elementor-widget-container\">\n\t\t\t\t\t<h2 class=\"elementor-heading-title elementor-size-default\">Tent hangar as a garage\n<\/h2>\t\t\t\t<\/div>\n\t\t\t\t<\/div>\n\t\t<div class=\"elementor-element elementor-element-fa09c3f e-flex e-con-boxed e-con e-child\" data-id=\"fa09c3f\" data-element_type=\"container\" data-e-type=\"container\">\n\t\t\t\t\t<div class=\"e-con-inner\">\n\t\t<div class=\"elementor-element elementor-element-9c947ed e-flex e-con-boxed e-con e-child\" data-id=\"9c947ed\" data-element_type=\"container\" data-e-type=\"container\">\n\t\t\t\t\t<div class=\"e-con-inner\">\n\t\t\t\t<div class=\"elementor-element elementor-element-702b562 elementor-widget elementor-widget-text-editor\" data-id=\"702b562\" data-element_type=\"widget\" data-e-type=\"widget\" data-widget_type=\"text-editor.default\">\n\t\t\t\t<div class=\"elementor-widget-container\">\n\t\t\t\t\t\t\t\t\t<p>For convenient storage of agricultural machinery, work equipment, even cars and other objects, we offer a solution &#8211; <strong><a href=\"https:\/\/storex.lt\/en\/storage-tents\/vega\/\">VEGA <\/a><\/strong>double-framed, highly robust awning garages. A solution that adapts to your needs is extremely versatile. A tent garage is a quickly assembled, disassembled and even ready-to-move structure that allows you to store and store a wide range of machinery in a comfortable and safe, yet accessible way.<\/p>\n\t\t\t\t\t\t\t\t<\/div>\n\t\t\t\t<\/div>\n\t\t\t\t<div class=\"elementor-element elementor-element-25f0cb9 elementor-widget elementor-widget-text-editor\" data-id=\"25f0cb9\" data-element_type=\"widget\" data-e-type=\"widget\" data-widget_type=\"text-editor.default\">\n\t\t\t\t<div class=\"elementor-widget-container\">\n\t\t\t\t\t\t\t\t\t<p>Tent garages are ideal for storing agricultural, construction or other machinery. The equipment under the tent is protected from harsh weather conditions &#8211; wind and rain. It is also a good place to put appliances or accessories that you want to protect from direct sunlight.<\/p>\n\t\t\t\t\t\t\t\t<\/div>\n\t\t\t\t<\/div>\n\t\t\t\t\t<\/div>\n\t\t\t\t<\/div>\n\t\t<div class=\"elementor-element elementor-element-8905b5b e-flex e-con-boxed e-con e-child\" data-id=\"8905b5b\" data-element_type=\"container\" data-e-type=\"container\">\n\t\t\t\t\t<div class=\"e-con-inner\">\n\t\t\t\t<div class=\"elementor-element elementor-element-6cf15e8 elementor-widget elementor-widget-image\" data-id=\"6cf15e8\" data-element_type=\"widget\" data-e-type=\"widget\" data-widget_type=\"image.default\">\n\t\t\t\t<div class=\"elementor-widget-container\">\n\t\t\t\t\t\t\t\t\t\t\t\t\t\t\t<img fetchpriority=\"high\" decoding=\"async\" width=\"330\" height=\"400\" src=\"https:\/\/storex.lt\/wp-content\/uploads\/2023\/02\/storex-tentiniai-garazai-tentinis-angaras-ALASKA-3.jpg\" class=\"attachment-large size-large wp-image-3117\" alt=\"\" \/>\t\t\t\t\t\t\t\t\t\t\t\t\t\t\t<\/div>\n\t\t\t\t<\/div>\n\t\t\t\t\t<\/div>\n\t\t\t\t<\/div>\n\t\t\t\t\t<\/div>\n\t\t\t\t<\/div>\n\t\t\t\t<div class=\"elementor-element elementor-element-8c1a94e elementor-widget elementor-widget-gallery\" data-id=\"8c1a94e\" data-element_type=\"widget\" data-e-type=\"widget\" data-settings=\"{&quot;columns_tablet&quot;:4,&quot;columns_mobile&quot;:2,&quot;lazyload&quot;:&quot;yes&quot;,&quot;gallery_layout&quot;:&quot;grid&quot;,&quot;columns&quot;:4,&quot;gap&quot;:{&quot;unit&quot;:&quot;px&quot;,&quot;size&quot;:10,&quot;sizes&quot;:[]},&quot;gap_laptop&quot;:{&quot;unit&quot;:&quot;px&quot;,&quot;size&quot;:10,&quot;sizes&quot;:[]},&quot;gap_tablet_extra&quot;:{&quot;unit&quot;:&quot;px&quot;,&quot;size&quot;:10,&quot;sizes&quot;:[]},&quot;gap_tablet&quot;:{&quot;unit&quot;:&quot;px&quot;,&quot;size&quot;:10,&quot;sizes&quot;:[]},&quot;gap_mobile_extra&quot;:{&quot;unit&quot;:&quot;px&quot;,&quot;size&quot;:10,&quot;sizes&quot;:[]},&quot;gap_mobile&quot;:{&quot;unit&quot;:&quot;px&quot;,&quot;size&quot;:10,&quot;sizes&quot;:[]},&quot;link_to&quot;:&quot;file&quot;,&quot;aspect_ratio&quot;:&quot;3:2&quot;,&quot;overlay_background&quot;:&quot;yes&quot;,&quot;content_hover_animation&quot;:&quot;fade-in&quot;}\" data-widget_type=\"gallery.default\">\n\t\t\t\t<div class=\"elementor-widget-container\">\n\t\t\t\t\t\t\t<div class=\"elementor-gallery__container\">\n\t\t\t\t\t\t\t<a class=\"e-gallery-item elementor-gallery-item elementor-animated-content\" href=\"https:\/\/storex.lt\/wp-content\/uploads\/2023\/02\/storex-tentinis-anagaras-marco-vidinis.jpg\">\n\t\t\t\t\t<div class=\"e-gallery-image elementor-gallery-item__image\" data-thumbnail=\"https:\/\/storex.lt\/wp-content\/uploads\/2023\/02\/storex-tentinis-anagaras-marco-vidinis.jpg\" data-width=\"1400\" data-height=\"650\" aria-label=\"\" role=\"img\" ><\/div>\n\t\t\t\t\t\t\t\t\t\t\t<div class=\"elementor-gallery-item__overlay\"><\/div>\n\t\t\t\t\t\t\t\t\t\t\t\t\t\t<\/a>\n\t\t\t\t\t\t\t<a class=\"e-gallery-item elementor-gallery-item elementor-animated-content\" href=\"https:\/\/storex.lt\/wp-content\/uploads\/2023\/02\/storex-tentinis-angaras-alaska-06-vidinis.jpg\">\n\t\t\t\t\t<div class=\"e-gallery-image elementor-gallery-item__image\" data-thumbnail=\"https:\/\/storex.lt\/wp-content\/uploads\/2023\/02\/storex-tentinis-angaras-alaska-06-vidinis.jpg\" data-width=\"1400\" data-height=\"650\" aria-label=\"\" role=\"img\" ><\/div>\n\t\t\t\t\t\t\t\t\t\t\t<div class=\"elementor-gallery-item__overlay\"><\/div>\n\t\t\t\t\t\t\t\t\t\t\t\t\t\t<\/a>\n\t\t\t\t\t\t\t<a class=\"e-gallery-item elementor-gallery-item elementor-animated-content\" href=\"https:\/\/storex.lt\/wp-content\/uploads\/2023\/02\/storex-tentinis-angaras-euro-07-vidinis.jpg\">\n\t\t\t\t\t<div class=\"e-gallery-image elementor-gallery-item__image\" data-thumbnail=\"https:\/\/storex.lt\/wp-content\/uploads\/2023\/02\/storex-tentinis-angaras-euro-07-vidinis.jpg\" data-width=\"1400\" data-height=\"650\" aria-label=\"\" role=\"img\" ><\/div>\n\t\t\t\t\t\t\t\t\t\t\t<div class=\"elementor-gallery-item__overlay\"><\/div>\n\t\t\t\t\t\t\t\t\t\t\t\t\t\t<\/a>\n\t\t\t\t\t\t\t<a class=\"e-gallery-item elementor-gallery-item elementor-animated-content\" href=\"https:\/\/storex.lt\/wp-content\/uploads\/2023\/02\/storex-tentinis-angaras-euro-04-vidinis.jpg\">\n\t\t\t\t\t<div class=\"e-gallery-image elementor-gallery-item__image\" data-thumbnail=\"https:\/\/storex.lt\/wp-content\/uploads\/2023\/02\/storex-tentinis-angaras-euro-04-vidinis.jpg\" data-width=\"1400\" data-height=\"650\" aria-label=\"\" role=\"img\" ><\/div>\n\t\t\t\t\t\t\t\t\t\t\t<div class=\"elementor-gallery-item__overlay\"><\/div>\n\t\t\t\t\t\t\t\t\t\t\t\t\t\t<\/a>\n\t\t\t\t\t\t\t<a class=\"e-gallery-item elementor-gallery-item elementor-animated-content\" href=\"https:\/\/storex.lt\/wp-content\/uploads\/2023\/02\/storex-tentinis-angaras-euro-extreme-01-vidinis.jpg\">\n\t\t\t\t\t<div class=\"e-gallery-image elementor-gallery-item__image\" data-thumbnail=\"https:\/\/storex.lt\/wp-content\/uploads\/2023\/02\/storex-tentinis-angaras-euro-extreme-01-vidinis.jpg\" data-width=\"1400\" data-height=\"650\" aria-label=\"\" role=\"img\" ><\/div>\n\t\t\t\t\t\t\t\t\t\t\t<div class=\"elementor-gallery-item__overlay\"><\/div>\n\t\t\t\t\t\t\t\t\t\t\t\t\t\t<\/a>\n\t\t\t\t\t\t\t<a class=\"e-gallery-item elementor-gallery-item elementor-animated-content\" href=\"https:\/\/storex.lt\/wp-content\/uploads\/2023\/02\/storex-tentinis-angaras-euro-extreme-011-vidinis.jpg\">\n\t\t\t\t\t<div class=\"e-gallery-image elementor-gallery-item__image\" data-thumbnail=\"https:\/\/storex.lt\/wp-content\/uploads\/2023\/02\/storex-tentinis-angaras-euro-extreme-011-vidinis.jpg\" data-width=\"1400\" data-height=\"650\" aria-label=\"\" role=\"img\" ><\/div>\n\t\t\t\t\t\t\t\t\t\t\t<div class=\"elementor-gallery-item__overlay\"><\/div>\n\t\t\t\t\t\t\t\t\t\t\t\t\t\t<\/a>\n\t\t\t\t\t\t\t<a class=\"e-gallery-item elementor-gallery-item elementor-animated-content\" href=\"https:\/\/storex.lt\/wp-content\/uploads\/2023\/02\/storex-tentinis-angaras-marco-07-vidinis.jpg\">\n\t\t\t\t\t<div class=\"e-gallery-image elementor-gallery-item__image\" data-thumbnail=\"https:\/\/storex.lt\/wp-content\/uploads\/2023\/02\/storex-tentinis-angaras-marco-07-vidinis.jpg\" data-width=\"1400\" data-height=\"650\" aria-label=\"\" role=\"img\" ><\/div>\n\t\t\t\t\t\t\t\t\t\t\t<div class=\"elementor-gallery-item__overlay\"><\/div>\n\t\t\t\t\t\t\t\t\t\t\t\t\t\t<\/a>\n\t\t\t\t\t\t\t<a class=\"e-gallery-item elementor-gallery-item elementor-animated-content\" href=\"https:\/\/storex.lt\/wp-content\/uploads\/2023\/02\/storex-tentinis-angaras-vega-012-vidinis.jpg\">\n\t\t\t\t\t<div class=\"e-gallery-image elementor-gallery-item__image\" data-thumbnail=\"https:\/\/storex.lt\/wp-content\/uploads\/2023\/02\/storex-tentinis-angaras-vega-012-vidinis.jpg\" data-width=\"1400\" data-height=\"650\" aria-label=\"\" role=\"img\" ><\/div>\n\t\t\t\t\t\t\t\t\t\t\t<div class=\"elementor-gallery-item__overlay\"><\/div>\n\t\t\t\t\t\t\t\t\t\t\t\t\t\t<\/a>\n\t\t\t\t\t<\/div>\n\t\t\t\t\t<\/div>\n\t\t\t\t<\/div>\n\t\t\t\t<div class=\"elementor-element elementor-element-3910cd9 elementor-widget elementor-widget-heading\" data-id=\"3910cd9\" data-element_type=\"widget\" data-e-type=\"widget\" data-widget_type=\"heading.default\">\n\t\t\t\t<div class=\"elementor-widget-container\">\n\t\t\t\t\t<h2 class=\"elementor-heading-title elementor-size-default\">What do I need to know about installing a tent garage?\n<\/h2>\t\t\t\t<\/div>\n\t\t\t\t<\/div>\n\t\t<div class=\"elementor-element elementor-element-bdbca82 e-flex e-con-boxed e-con e-child\" data-id=\"bdbca82\" data-element_type=\"container\" data-e-type=\"container\">\n\t\t\t\t\t<div class=\"e-con-inner\">\n\t\t<div class=\"elementor-element elementor-element-75d4dd9 e-flex e-con-boxed e-con e-child\" data-id=\"75d4dd9\" data-element_type=\"container\" data-e-type=\"container\">\n\t\t\t\t\t<div class=\"e-con-inner\">\n\t\t\t\t<div class=\"elementor-element elementor-element-9aa408a elementor-widget elementor-widget-text-editor\" data-id=\"9aa408a\" data-element_type=\"widget\" data-e-type=\"widget\" data-widget_type=\"text-editor.default\">\n\t\t\t\t<div class=\"elementor-widget-container\">\n\t\t\t\t\t\t\t\t\t<p>The tent garage is a flexible and versatile solution that the Storex team can tailor to your individual needs. Custom configurable tents are a solution that has been appreciated by both private individuals and small and large businesses. In the photo gallery, you can see what the assembled tent looks like, the differences in construction and the sizes of awnings we can build. The distinctive feature of this model is the double frame, which ensures maximum strength and durability<\/p>\n\t\t\t\t\t\t\t\t<\/div>\n\t\t\t\t<\/div>\n\t\t\t\t<div class=\"elementor-element elementor-element-34781db elementor-widget elementor-widget-text-editor\" data-id=\"34781db\" data-element_type=\"widget\" data-e-type=\"widget\" data-widget_type=\"text-editor.default\">\n\t\t\t\t<div class=\"elementor-widget-container\">\n\t\t\t\t\t\t\t\t\t<p>The only things customers should know about this service are that: tent garages are attractively priced, they are easy to assemble and can be easily moved and disassembled as needed, and the machinery inside is well protected from the environment.<\/p>\n\t\t\t\t\t\t\t\t<\/div>\n\t\t\t\t<\/div>\n\t\t\t\t\t<\/div>\n\t\t\t\t<\/div>\n\t\t<div class=\"elementor-element elementor-element-496fbbc e-flex e-con-boxed e-con e-child\" data-id=\"496fbbc\" data-element_type=\"container\" data-e-type=\"container\">\n\t\t\t\t\t<div class=\"e-con-inner\">\n\t\t\t\t<div class=\"elementor-element elementor-element-feee510 elementor-widget elementor-widget-text-editor\" data-id=\"feee510\" data-element_type=\"widget\" data-e-type=\"widget\" data-widget_type=\"text-editor.default\">\n\t\t\t\t<div class=\"elementor-widget-container\">\n\t\t\t\t\t\t\t\t\t<p>Customers interested in storing machinery under tents should contact us using the contact details provided. You can discuss your needs with our team by letter, email or phone call. Once we&#8217;ve looked into them and learned about your situation, we&#8217;ll be able to offer you a personalized solution. As each customer&#8217;s needs for equipment and vehicle storage are different, the installation of <a href=\"https:\/\/storex.lt\/en\/storage-tents\/vega\/\">VEGA<\/a> double-frame awning garages is coordinated with each customer individually.<\/p>\n\t\t\t\t\t\t\t\t<\/div>\n\t\t\t\t<\/div>\n\t\t\t\t<div class=\"elementor-element elementor-element-ee8946b elementor-widget elementor-widget-text-editor\" data-id=\"ee8946b\" data-element_type=\"widget\" data-e-type=\"widget\" data-widget_type=\"text-editor.default\">\n\t\t\t\t<div class=\"elementor-widget-container\">\n\t\t\t\t\t\t\t\t\t<p>We have many years of experience in offering hangars and other similar solutions. During this time, we have provided our services to a large number of clients not only in Lithuania, but also in the EU &#8211; abroad. Certified and meeting the highest quality standards, the <a href=\"https:\/\/storex.lt\/en\/storage-tents\/vega\/\">VEGA<\/a> model is ideal for storing almost any agricultural, transport or work equipment. Our products comply with EN 1090-1:2009+A1:2011, so you can be sure that your choice will meet your expectations. Dedicated Storex specialists are also in constant contact with customers to find tailor-made solutions to meet their needs.<\/p>\n\t\t\t\t\t\t\t\t<\/div>\n\t\t\t\t<\/div>\n\t\t\t\t\t<\/div>\n\t\t\t\t<\/div>\n\t\t\t\t\t<\/div>\n\t\t\t\t<\/div>\n\t\t\t\t<\/div>\n\t\t\t\t\t<\/div>\n\t\t\t\t<\/div>\n\t\t\t\t<\/div>\n\t\t","protected":false},"excerpt":{"rendered":"<p>Articles Apie tentinius angarus Tentiniai angarai &#8211; sandeliai Tentiniai angarai gyvuliams Tentiniai angarai renginiams Tentiniai angarai \u0161ieno rulonams Tentiniai angarai sporto manie\u017eams Tentiniai gara\u017eai Tentiniai pavilijonai Tentiniai vartai Tent hangar as a garage For convenient storage of agricultural machinery, work equipment, even cars and other objects, we offer a solution &#8211; VEGA double-framed, highly robust [&hellip;]<\/p>\n","protected":false},"author":3,"featured_media":0,"parent":0,"menu_order":0,"comment_status":"closed","ping_status":"closed","template":"elementor_theme","meta":{"_acf_changed":false,"_seopress_robots_primary_cat":"","_seopress_titles_title":"","_seopress_titles_desc":"","_seopress_robots_index":"","footnotes":""},"class_list":["post-8261","page","type-page","status-publish","hentry"],"acf":[],"_links":{"self":[{"href":"https:\/\/storex.lt\/en\/wp-json\/wp\/v2\/pages\/8261","targetHints":{"allow":["GET"]}}],"collection":[{"href":"https:\/\/storex.lt\/en\/wp-json\/wp\/v2\/pages"}],"about":[{"href":"https:\/\/storex.lt\/en\/wp-json\/wp\/v2\/types\/page"}],"author":[{"embeddable":true,"href":"https:\/\/storex.lt\/en\/wp-json\/wp\/v2\/users\/3"}],"replies":[{"embeddable":true,"href":"https:\/\/storex.lt\/en\/wp-json\/wp\/v2\/comments?post=8261"}],"version-history":[{"count":4,"href":"https:\/\/storex.lt\/en\/wp-json\/wp\/v2\/pages\/8261\/revisions"}],"predecessor-version":[{"id":8371,"href":"https:\/\/storex.lt\/en\/wp-json\/wp\/v2\/pages\/8261\/revisions\/8371"}],"wp:attachment":[{"href":"https:\/\/storex.lt\/en\/wp-json\/wp\/v2\/media?parent=8261"}],"curies":[{"name":"wp","href":"https:\/\/api.w.org\/{rel}","templated":true}]}}