{"id":8327,"date":"2023-02-09T12:41:48","date_gmt":"2023-02-09T12:41:48","guid":{"rendered":"https:\/\/storex.lt\/tent-shelters-for-livestock\/"},"modified":"2024-03-27T13:51:08","modified_gmt":"2024-03-27T13:51:08","slug":"tent-shelters-for-livestock","status":"publish","type":"page","link":"https:\/\/storex.lt\/en\/tent-shelters-for-livestock\/","title":{"rendered":"Tent shelters for livestock"},"content":{"rendered":"\t\t<div data-elementor-type=\"wp-page\" data-elementor-id=\"8327\" class=\"elementor elementor-8327 elementor-1974\" data-elementor-post-type=\"page\">\n\t\t\t\t<div class=\"elementor-element elementor-element-dd2f4eb e-flex e-con-boxed e-con e-parent\" data-id=\"dd2f4eb\" data-element_type=\"container\" data-e-type=\"container\" data-settings=\"{&quot;background_background&quot;:&quot;classic&quot;}\">\n\t\t\t\t\t<div class=\"e-con-inner\">\n\t\t\t\t\t<\/div>\n\t\t\t\t<\/div>\n\t\t<div class=\"elementor-element elementor-element-067cc34 e-flex e-con-boxed e-con e-parent\" data-id=\"067cc34\" data-element_type=\"container\" data-e-type=\"container\">\n\t\t\t\t\t<div class=\"e-con-inner\">\n\t\t<div class=\"elementor-element elementor-element-797e8db e-con-full e-flex e-con e-child\" data-id=\"797e8db\" data-element_type=\"container\" data-e-type=\"container\">\n\t\t\t\t<div class=\"elementor-element elementor-element-a2cdcfb elementor-widget elementor-widget-heading\" data-id=\"a2cdcfb\" data-element_type=\"widget\" data-e-type=\"widget\" data-widget_type=\"heading.default\">\n\t\t\t\t<div class=\"elementor-widget-container\">\n\t\t\t\t\t<h2 class=\"elementor-heading-title elementor-size-default\">Articles<\/h2>\t\t\t\t<\/div>\n\t\t\t\t<\/div>\n\t\t\t\t<div class=\"elementor-element elementor-element-2bdad81 elementor-icon-list--layout-traditional elementor-list-item-link-full_width elementor-widget elementor-widget-global elementor-global-8297 elementor-global-8284 elementor-widget-icon-list\" data-id=\"2bdad81\" data-element_type=\"widget\" data-e-type=\"widget\" data-widget_type=\"icon-list.default\">\n\t\t\t\t<div class=\"elementor-widget-container\">\n\t\t\t\t\t\t\t<ul class=\"elementor-icon-list-items\">\n\t\t\t\t\t\t\t<li class=\"elementor-icon-list-item\">\n\t\t\t\t\t\t\t\t\t\t\t<a href=\"https:\/\/storex.lt\/apie-tentinius-angarus\/\">\n\n\t\t\t\t\t\t\t\t\t\t\t\t<span class=\"elementor-icon-list-icon\">\n\t\t\t\t\t\t\t<svg xmlns=\"http:\/\/www.w3.org\/2000\/svg\" width=\"10\" height=\"19\" viewBox=\"0 0 10 19\"><g id=\"Group_192\" data-name=\"Group 192\" transform=\"translate(10) rotate(90)\"><path id=\"Path_38\" data-name=\"Path 38\" d=\"M19,10H0L9.5,0Z\" fill=\"#ed1e24\"><\/path><\/g><\/svg>\t\t\t\t\t\t<\/span>\n\t\t\t\t\t\t\t\t\t\t<span class=\"elementor-icon-list-text\">About tent hangars<\/span>\n\t\t\t\t\t\t\t\t\t\t\t<\/a>\n\t\t\t\t\t\t\t\t\t<\/li>\n\t\t\t\t\t\t\t\t<li class=\"elementor-icon-list-item\">\n\t\t\t\t\t\t\t\t\t\t\t<a href=\"https:\/\/storex.lt\/tentiniai-angarai-sandeliai\/\">\n\n\t\t\t\t\t\t\t\t\t\t\t\t<span class=\"elementor-icon-list-icon\">\n\t\t\t\t\t\t\t<svg xmlns=\"http:\/\/www.w3.org\/2000\/svg\" width=\"10\" height=\"19\" viewBox=\"0 0 10 19\"><g id=\"Group_192\" data-name=\"Group 192\" transform=\"translate(10) rotate(90)\"><path id=\"Path_38\" data-name=\"Path 38\" d=\"M19,10H0L9.5,0Z\" fill=\"#ed1e24\"><\/path><\/g><\/svg>\t\t\t\t\t\t<\/span>\n\t\t\t\t\t\t\t\t\t\t<span class=\"elementor-icon-list-text\">Tent hangars \u2013 warehouses<\/span>\n\t\t\t\t\t\t\t\t\t\t\t<\/a>\n\t\t\t\t\t\t\t\t\t<\/li>\n\t\t\t\t\t\t\t\t<li class=\"elementor-icon-list-item\">\n\t\t\t\t\t\t\t\t\t\t\t<a href=\"https:\/\/storex.lt\/tentiniai-angarai-gyvuliams\/\">\n\n\t\t\t\t\t\t\t\t\t\t\t\t<span class=\"elementor-icon-list-icon\">\n\t\t\t\t\t\t\t<svg xmlns=\"http:\/\/www.w3.org\/2000\/svg\" width=\"10\" height=\"19\" viewBox=\"0 0 10 19\"><g id=\"Group_192\" data-name=\"Group 192\" transform=\"translate(10) rotate(90)\"><path id=\"Path_38\" data-name=\"Path 38\" d=\"M19,10H0L9.5,0Z\" fill=\"#ed1e24\"><\/path><\/g><\/svg>\t\t\t\t\t\t<\/span>\n\t\t\t\t\t\t\t\t\t\t<span class=\"elementor-icon-list-text\">Tent shelters for livestock <\/span>\n\t\t\t\t\t\t\t\t\t\t\t<\/a>\n\t\t\t\t\t\t\t\t\t<\/li>\n\t\t\t\t\t\t\t\t<li class=\"elementor-icon-list-item\">\n\t\t\t\t\t\t\t\t\t\t\t<a href=\"https:\/\/storex.lt\/tentiniai-angarai-renginiams\/\">\n\n\t\t\t\t\t\t\t\t\t\t\t\t<span class=\"elementor-icon-list-icon\">\n\t\t\t\t\t\t\t<svg xmlns=\"http:\/\/www.w3.org\/2000\/svg\" width=\"10\" height=\"19\" viewBox=\"0 0 10 19\"><g id=\"Group_192\" data-name=\"Group 192\" transform=\"translate(10) rotate(90)\"><path id=\"Path_38\" data-name=\"Path 38\" d=\"M19,10H0L9.5,0Z\" fill=\"#ed1e24\"><\/path><\/g><\/svg>\t\t\t\t\t\t<\/span>\n\t\t\t\t\t\t\t\t\t\t<span class=\"elementor-icon-list-text\">Tent hangars for events<\/span>\n\t\t\t\t\t\t\t\t\t\t\t<\/a>\n\t\t\t\t\t\t\t\t\t<\/li>\n\t\t\t\t\t\t\t\t<li class=\"elementor-icon-list-item\">\n\t\t\t\t\t\t\t\t\t\t\t<a href=\"https:\/\/storex.lt\/tentiniai-angarai-sieno-rulonams\/\">\n\n\t\t\t\t\t\t\t\t\t\t\t\t<span class=\"elementor-icon-list-icon\">\n\t\t\t\t\t\t\t<svg xmlns=\"http:\/\/www.w3.org\/2000\/svg\" width=\"10\" height=\"19\" viewBox=\"0 0 10 19\"><g id=\"Group_192\" data-name=\"Group 192\" transform=\"translate(10) rotate(90)\"><path id=\"Path_38\" data-name=\"Path 38\" d=\"M19,10H0L9.5,0Z\" fill=\"#ed1e24\"><\/path><\/g><\/svg>\t\t\t\t\t\t<\/span>\n\t\t\t\t\t\t\t\t\t\t<span class=\"elementor-icon-list-text\">Storage tents for hay bales<\/span>\n\t\t\t\t\t\t\t\t\t\t\t<\/a>\n\t\t\t\t\t\t\t\t\t<\/li>\n\t\t\t\t\t\t\t\t<li class=\"elementor-icon-list-item\">\n\t\t\t\t\t\t\t\t\t\t\t<a href=\"https:\/\/storex.lt\/tentiniai-angarai-sporto-maniezams\/\">\n\n\t\t\t\t\t\t\t\t\t\t\t\t<span class=\"elementor-icon-list-icon\">\n\t\t\t\t\t\t\t<svg xmlns=\"http:\/\/www.w3.org\/2000\/svg\" width=\"10\" height=\"19\" viewBox=\"0 0 10 19\"><g id=\"Group_192\" data-name=\"Group 192\" transform=\"translate(10) rotate(90)\"><path id=\"Path_38\" data-name=\"Path 38\" d=\"M19,10H0L9.5,0Z\" fill=\"#ed1e24\"><\/path><\/g><\/svg>\t\t\t\t\t\t<\/span>\n\t\t\t\t\t\t\t\t\t\t<span class=\"elementor-icon-list-text\">Storage tents for sports arenas<\/span>\n\t\t\t\t\t\t\t\t\t\t\t<\/a>\n\t\t\t\t\t\t\t\t\t<\/li>\n\t\t\t\t\t\t\t\t<li class=\"elementor-icon-list-item\">\n\t\t\t\t\t\t\t\t\t\t\t<a href=\"https:\/\/storex.lt\/tentiniai-garazai\/\">\n\n\t\t\t\t\t\t\t\t\t\t\t\t<span class=\"elementor-icon-list-icon\">\n\t\t\t\t\t\t\t<svg xmlns=\"http:\/\/www.w3.org\/2000\/svg\" width=\"10\" height=\"19\" viewBox=\"0 0 10 19\"><g id=\"Group_192\" data-name=\"Group 192\" transform=\"translate(10) rotate(90)\"><path id=\"Path_38\" data-name=\"Path 38\" d=\"M19,10H0L9.5,0Z\" fill=\"#ed1e24\"><\/path><\/g><\/svg>\t\t\t\t\t\t<\/span>\n\t\t\t\t\t\t\t\t\t\t<span class=\"elementor-icon-list-text\">Tent garages<\/span>\n\t\t\t\t\t\t\t\t\t\t\t<\/a>\n\t\t\t\t\t\t\t\t\t<\/li>\n\t\t\t\t\t\t\t\t<li class=\"elementor-icon-list-item\">\n\t\t\t\t\t\t\t\t\t\t\t<a href=\"https:\/\/storex.lt\/tentiniai-pavilijonai\/\">\n\n\t\t\t\t\t\t\t\t\t\t\t\t<span class=\"elementor-icon-list-icon\">\n\t\t\t\t\t\t\t<svg xmlns=\"http:\/\/www.w3.org\/2000\/svg\" width=\"10\" height=\"19\" viewBox=\"0 0 10 19\"><g id=\"Group_192\" data-name=\"Group 192\" transform=\"translate(10) rotate(90)\"><path id=\"Path_38\" data-name=\"Path 38\" d=\"M19,10H0L9.5,0Z\" fill=\"#ed1e24\"><\/path><\/g><\/svg>\t\t\t\t\t\t<\/span>\n\t\t\t\t\t\t\t\t\t\t<span class=\"elementor-icon-list-text\">Tent pavilions<\/span>\n\t\t\t\t\t\t\t\t\t\t\t<\/a>\n\t\t\t\t\t\t\t\t\t<\/li>\n\t\t\t\t\t\t\t\t<li class=\"elementor-icon-list-item\">\n\t\t\t\t\t\t\t\t\t\t\t<a href=\"https:\/\/storex.lt\/tentiniai-vartai\/\">\n\n\t\t\t\t\t\t\t\t\t\t\t\t<span class=\"elementor-icon-list-icon\">\n\t\t\t\t\t\t\t<svg xmlns=\"http:\/\/www.w3.org\/2000\/svg\" width=\"10\" height=\"19\" viewBox=\"0 0 10 19\"><g id=\"Group_192\" data-name=\"Group 192\" transform=\"translate(10) rotate(90)\"><path id=\"Path_38\" data-name=\"Path 38\" d=\"M19,10H0L9.5,0Z\" fill=\"#ed1e24\"><\/path><\/g><\/svg>\t\t\t\t\t\t<\/span>\n\t\t\t\t\t\t\t\t\t\t<span class=\"elementor-icon-list-text\">Tent gates<\/span>\n\t\t\t\t\t\t\t\t\t\t\t<\/a>\n\t\t\t\t\t\t\t\t\t<\/li>\n\t\t\t\t\t\t<\/ul>\n\t\t\t\t\t\t<\/div>\n\t\t\t\t<\/div>\n\t\t\t\t<\/div>\n\t\t<div class=\"elementor-element elementor-element-00681c3 e-con-full e-flex e-con e-child\" data-id=\"00681c3\" data-element_type=\"container\" data-e-type=\"container\">\n\t\t\t\t<div class=\"elementor-element elementor-element-70b85a7 elementor-widget elementor-widget-heading\" data-id=\"70b85a7\" data-element_type=\"widget\" data-e-type=\"widget\" data-widget_type=\"heading.default\">\n\t\t\t\t<div class=\"elementor-widget-container\">\n\t\t\t\t\t<h2 class=\"elementor-heading-title elementor-size-default\">Tent shelters for livestock<\/h2>\t\t\t\t<\/div>\n\t\t\t\t<\/div>\n\t\t<div class=\"elementor-element elementor-element-39501cf e-flex e-con-boxed e-con e-child\" data-id=\"39501cf\" data-element_type=\"container\" data-e-type=\"container\">\n\t\t\t\t\t<div class=\"e-con-inner\">\n\t\t<div class=\"elementor-element elementor-element-a6b99b5 e-flex e-con-boxed e-con e-child\" data-id=\"a6b99b5\" data-element_type=\"container\" data-e-type=\"container\">\n\t\t\t\t\t<div class=\"e-con-inner\">\n\t\t\t\t<div class=\"elementor-element elementor-element-d37b029 elementor-widget elementor-widget-text-editor\" data-id=\"d37b029\" data-element_type=\"widget\" data-e-type=\"widget\" data-widget_type=\"text-editor.default\">\n\t\t\t\t<div class=\"elementor-widget-container\">\n\t\t\t\t\t\t\t\t\t<p>Otherwise known as agro-sheds, they are an excellent and flexible solution for storing livestock or livestock products and protecting them from environmental influences. Farmers and livestock businesses and individuals need structures that adapt to their needs. In addition, transporting, moving, counting or tagging animals requires a short-term but convenient storage solution.<\/p>\n\t\t\t\t\t\t\t\t<\/div>\n\t\t\t\t<\/div>\n\t\t\t\t\t<\/div>\n\t\t\t\t<\/div>\n\t\t<div class=\"elementor-element elementor-element-b523818 e-flex e-con-boxed e-con e-child\" data-id=\"b523818\" data-element_type=\"container\" data-e-type=\"container\">\n\t\t\t\t\t<div class=\"e-con-inner\">\n\t\t\t\t<div class=\"elementor-element elementor-element-713a6e2 elementor-widget elementor-widget-text-editor\" data-id=\"713a6e2\" data-element_type=\"widget\" data-e-type=\"widget\" data-widget_type=\"text-editor.default\">\n\t\t\t\t<div class=\"elementor-widget-container\">\n\t\t\t\t\t\t\t\t\t<p>Prefabricated livestock shelters &#8211; sheds for cattle and other animals &#8211; are the solution to these needs. Storex specialises in the construction of tented sheds and can offer not only standardised solutions at an attractive price, but also customised designs for large farmers or customers with unusual needs &#8211; Argo.<\/p>\n\t\t\t\t\t\t\t\t<\/div>\n\t\t\t\t<\/div>\n\t\t\t\t\t<\/div>\n\t\t\t\t<\/div>\n\t\t\t\t\t<\/div>\n\t\t\t\t<\/div>\n\t\t<div class=\"elementor-element elementor-element-7d8337f e-flex e-con-boxed e-con e-child\" data-id=\"7d8337f\" data-element_type=\"container\" data-e-type=\"container\">\n\t\t\t\t\t<div class=\"e-con-inner\">\n\t\t<div class=\"elementor-element elementor-element-bc389ca e-flex e-con-boxed e-con e-child\" data-id=\"bc389ca\" data-element_type=\"container\" data-e-type=\"container\">\n\t\t\t\t\t<div class=\"e-con-inner\">\n\t\t\t\t<div class=\"elementor-element elementor-element-e2ba0b6 elementor-widget elementor-widget-image\" data-id=\"e2ba0b6\" data-element_type=\"widget\" data-e-type=\"widget\" data-widget_type=\"image.default\">\n\t\t\t\t<div class=\"elementor-widget-container\">\n\t\t\t\t\t\t\t\t\t\t\t\t\t\t\t<img fetchpriority=\"high\" decoding=\"async\" width=\"800\" height=\"600\" src=\"https:\/\/storex.lt\/wp-content\/uploads\/2023\/02\/storex-tentai-gyvuliams.jpg\" class=\"attachment-large size-large wp-image-3115\" alt=\"\" srcset=\"https:\/\/storex.lt\/wp-content\/uploads\/2023\/02\/storex-tentai-gyvuliams.jpg 867w, https:\/\/storex.lt\/wp-content\/uploads\/2023\/02\/storex-tentai-gyvuliams-400x300.jpg 400w, https:\/\/storex.lt\/wp-content\/uploads\/2023\/02\/storex-tentai-gyvuliams-768x576.jpg 768w, https:\/\/storex.lt\/wp-content\/uploads\/2023\/02\/storex-tentai-gyvuliams-600x450.jpg 600w\" sizes=\"(max-width: 800px) 100vw, 800px\" \/>\t\t\t\t\t\t\t\t\t\t\t\t\t\t\t<\/div>\n\t\t\t\t<\/div>\n\t\t\t\t\t<\/div>\n\t\t\t\t<\/div>\n\t\t<div class=\"elementor-element elementor-element-b089cef e-flex e-con-boxed e-con e-child\" data-id=\"b089cef\" data-element_type=\"container\" data-e-type=\"container\">\n\t\t\t\t\t<div class=\"e-con-inner\">\n\t\t\t\t<div class=\"elementor-element elementor-element-e6e6b04 elementor-widget elementor-widget-text-editor\" data-id=\"e6e6b04\" data-element_type=\"widget\" data-e-type=\"widget\" data-widget_type=\"text-editor.default\">\n\t\t\t\t<div class=\"elementor-widget-container\">\n\t\t\t\t\t\t\t\t\t<p>Permanent premises are not always a convenient storage or warehousing solution. However, the Argo 16 and Argo 36 animal shelters, with their different heights and internal areas, are both a high-quality and versatile solution. In addition to the animals themselves, you can store feed and other supplies in the sheds<\/p>\n\t\t\t\t\t\t\t\t<\/div>\n\t\t\t\t<\/div>\n\t\t\t\t\t<\/div>\n\t\t\t\t<\/div>\n\t\t\t\t\t<\/div>\n\t\t\t\t<\/div>\n\t\t\t\t<div class=\"elementor-element elementor-element-4ad44d8 elementor-widget elementor-widget-heading\" data-id=\"4ad44d8\" data-element_type=\"widget\" data-e-type=\"widget\" data-widget_type=\"heading.default\">\n\t\t\t\t<div class=\"elementor-widget-container\">\n\t\t\t\t\t<h2 class=\"elementor-heading-title elementor-size-default\">Why choose livestock shelters?\n<\/h2>\t\t\t\t<\/div>\n\t\t\t\t<\/div>\n\t\t<div class=\"elementor-element elementor-element-e87ff6b e-flex e-con-boxed e-con e-child\" data-id=\"e87ff6b\" data-element_type=\"container\" data-e-type=\"container\">\n\t\t\t\t\t<div class=\"e-con-inner\">\n\t\t<div class=\"elementor-element elementor-element-92e88d0 e-flex e-con-boxed e-con e-child\" data-id=\"92e88d0\" data-element_type=\"container\" data-e-type=\"container\">\n\t\t\t\t\t<div class=\"e-con-inner\">\n\t\t\t\t<div class=\"elementor-element elementor-element-c09c717 elementor-widget elementor-widget-text-editor\" data-id=\"c09c717\" data-element_type=\"widget\" data-e-type=\"widget\" data-widget_type=\"text-editor.default\">\n\t\t\t\t<div class=\"elementor-widget-container\">\n\t\t\t\t\t\t\t\t\t<p>Storex&#8217;s Argo canopies are not only useful because they are an affordable and more versatile alternative to concrete structures.<\/p>\n\t\t\t\t\t\t\t\t<\/div>\n\t\t\t\t<\/div>\n\t\t\t\t<div class=\"elementor-element elementor-element-48bbe94 elementor-widget elementor-widget-text-editor\" data-id=\"48bbe94\" data-element_type=\"widget\" data-e-type=\"widget\" data-widget_type=\"text-editor.default\">\n\t\t\t\t<div class=\"elementor-widget-container\">\n\t\t\t\t\t\t\t\t\t<p>Prefabricated shelters and sheds for livestock will help protect them from precipitation or bitter cold and the sun&#8217;s scorching heat. This makes it a good solution for winter, summer or even the more extreme spring and autumn days when you want to perform an important task on the farm but need to keep your animals in a certain place.<\/p>\n\t\t\t\t\t\t\t\t<\/div>\n\t\t\t\t<\/div>\n\t\t\t\t\t<\/div>\n\t\t\t\t<\/div>\n\t\t<div class=\"elementor-element elementor-element-1cca4e9 e-flex e-con-boxed e-con e-child\" data-id=\"1cca4e9\" data-element_type=\"container\" data-e-type=\"container\">\n\t\t\t\t\t<div class=\"e-con-inner\">\n\t\t\t\t<div class=\"elementor-element elementor-element-5994c50 elementor-widget elementor-widget-text-editor\" data-id=\"5994c50\" data-element_type=\"widget\" data-e-type=\"widget\" data-widget_type=\"text-editor.default\">\n\t\t\t\t<div class=\"elementor-widget-container\">\n\t\t\t\t\t\t\t\t\t<p>The galvanised steel construction of Storex Argo livestock shelters ensures stability and durability. Once the frame is on site, it can be assembled in a relatively short time, just 1-2 days (barring any additional challenges or obstacles). It can also be quickly dismantled and relocated, which can be very important for livestock farmers. In addition, the hangar can be built outdoors or in a more convenient location, so that it is more convenient to move the animals in and store them than to have to walk a long way back to the permanent premises.<\/p>\n\t\t\t\t\t\t\t\t<\/div>\n\t\t\t\t<\/div>\n\t\t\t\t<div class=\"elementor-element elementor-element-a92fc3f elementor-widget elementor-widget-text-editor\" data-id=\"a92fc3f\" data-element_type=\"widget\" data-e-type=\"widget\" data-widget_type=\"text-editor.default\">\n\t\t\t\t<div class=\"elementor-widget-container\">\n\t\t\t\t\t\t\t\t\tWhen animals are not present, sheds can be used to store grain, feed, other animal products or unrelated supplies.\n\n\t\t\t\t\t\t\t\t<\/div>\n\t\t\t\t<\/div>\n\t\t\t\t\t<\/div>\n\t\t\t\t<\/div>\n\t\t\t\t\t<\/div>\n\t\t\t\t<\/div>\n\t\t\t\t<\/div>\n\t\t\t\t\t<\/div>\n\t\t\t\t<\/div>\n\t\t\t\t<\/div>\n\t\t","protected":false},"excerpt":{"rendered":"<p>Articles Apie tentinius angarus Tentiniai angarai &#8211; sandeliai Tentiniai angarai gyvuliams Tentiniai angarai renginiams Tentiniai angarai \u0161ieno rulonams Tentiniai angarai sporto manie\u017eams Tentiniai gara\u017eai Tentiniai pavilijonai Tentiniai vartai Tent shelters for livestock Otherwise known as agro-sheds, they are an excellent and flexible solution for storing livestock or livestock products and protecting them from environmental influences. [&hellip;]<\/p>\n","protected":false},"author":3,"featured_media":0,"parent":0,"menu_order":0,"comment_status":"closed","ping_status":"closed","template":"elementor_theme","meta":{"_acf_changed":false,"_seopress_robots_primary_cat":"","_seopress_titles_title":"","_seopress_titles_desc":"","_seopress_robots_index":"","footnotes":""},"class_list":["post-8327","page","type-page","status-publish","hentry"],"acf":[],"_links":{"self":[{"href":"https:\/\/storex.lt\/en\/wp-json\/wp\/v2\/pages\/8327","targetHints":{"allow":["GET"]}}],"collection":[{"href":"https:\/\/storex.lt\/en\/wp-json\/wp\/v2\/pages"}],"about":[{"href":"https:\/\/storex.lt\/en\/wp-json\/wp\/v2\/types\/page"}],"author":[{"embeddable":true,"href":"https:\/\/storex.lt\/en\/wp-json\/wp\/v2\/users\/3"}],"replies":[{"embeddable":true,"href":"https:\/\/storex.lt\/en\/wp-json\/wp\/v2\/comments?post=8327"}],"version-history":[{"count":1,"href":"https:\/\/storex.lt\/en\/wp-json\/wp\/v2\/pages\/8327\/revisions"}],"predecessor-version":[{"id":8328,"href":"https:\/\/storex.lt\/en\/wp-json\/wp\/v2\/pages\/8327\/revisions\/8328"}],"wp:attachment":[{"href":"https:\/\/storex.lt\/en\/wp-json\/wp\/v2\/media?parent=8327"}],"curies":[{"name":"wp","href":"https:\/\/api.w.org\/{rel}","templated":true}]}}