{"id":7160,"date":"2023-02-09T12:35:03","date_gmt":"2023-02-09T12:35:03","guid":{"rendered":"https:\/\/storex.lt\/%d1%82%d0%b5%d0%bd%d1%82%d0%be%d0%b2%d1%8b%d0%b5-%d0%b0%d0%bd%d0%b3%d0%b0%d1%80%d1%8b-%d1%81%d0%ba%d0%bb%d0%b0%d0%b4%d1%8b\/"},"modified":"2024-03-27T13:42:57","modified_gmt":"2024-03-27T13:42:57","slug":"%d1%82%d0%b5%d0%bd%d1%82%d1%8b-%d0%bd%d0%b0%d0%b2%d0%b5%d1%81%d1%8b-%d1%81%d0%b0%d0%bd%d0%b4%d0%b0%d0%bb%d1%8b","status":"publish","type":"page","link":"https:\/\/storex.lt\/ru\/%d1%82%d0%b5%d0%bd%d1%82%d1%8b-%d0%bd%d0%b0%d0%b2%d0%b5%d1%81%d1%8b-%d1%81%d0%b0%d0%bd%d0%b4%d0%b0%d0%bb%d1%8b\/","title":{"rendered":"\u0422\u0435\u043d\u0442\u043e\u0432\u044b\u0435 \u0430\u043d\u0433\u0430\u0440\u044b &#8211; \u0441\u043a\u043b\u0430\u0434\u044b"},"content":{"rendered":"\t\t<div data-elementor-type=\"wp-page\" data-elementor-id=\"7160\" class=\"elementor elementor-7160 elementor-1943\" data-elementor-post-type=\"page\">\n\t\t\t\t<div class=\"elementor-element elementor-element-f5ed080 e-flex e-con-boxed e-con e-parent\" data-id=\"f5ed080\" data-element_type=\"container\" data-e-type=\"container\" data-settings=\"{&quot;background_background&quot;:&quot;classic&quot;}\">\n\t\t\t\t\t<div class=\"e-con-inner\">\n\t\t\t\t\t<\/div>\n\t\t\t\t<\/div>\n\t\t<div class=\"elementor-element elementor-element-bb41235 e-flex e-con-boxed e-con e-parent\" data-id=\"bb41235\" data-element_type=\"container\" data-e-type=\"container\">\n\t\t\t\t\t<div class=\"e-con-inner\">\n\t\t<div class=\"elementor-element elementor-element-91e3829 e-con-full e-flex e-con e-child\" data-id=\"91e3829\" data-element_type=\"container\" data-e-type=\"container\">\n\t\t\t\t<div class=\"elementor-element elementor-element-b54bd53 elementor-widget elementor-widget-heading\" data-id=\"b54bd53\" data-element_type=\"widget\" data-e-type=\"widget\" data-widget_type=\"heading.default\">\n\t\t\t\t<div class=\"elementor-widget-container\">\n\t\t\t\t\t<h2 class=\"elementor-heading-title elementor-size-default\">\u0421\u0442\u0430\u0442\u044c\u0438<\/h2>\t\t\t\t<\/div>\n\t\t\t\t<\/div>\n\t\t\t\t<div class=\"elementor-element elementor-element-b1cde18 elementor-icon-list--layout-traditional elementor-list-item-link-full_width elementor-widget elementor-widget-global elementor-global-8295 elementor-global-8284 elementor-widget-icon-list\" data-id=\"b1cde18\" data-element_type=\"widget\" data-e-type=\"widget\" data-widget_type=\"icon-list.default\">\n\t\t\t\t<div class=\"elementor-widget-container\">\n\t\t\t\t\t\t\t<ul class=\"elementor-icon-list-items\">\n\t\t\t\t\t\t\t<li class=\"elementor-icon-list-item\">\n\t\t\t\t\t\t\t\t\t\t\t<a href=\"https:\/\/storex.lt\/apie-tentinius-angarus\/\">\n\n\t\t\t\t\t\t\t\t\t\t\t\t<span class=\"elementor-icon-list-icon\">\n\t\t\t\t\t\t\t<svg xmlns=\"http:\/\/www.w3.org\/2000\/svg\" width=\"10\" height=\"19\" viewBox=\"0 0 10 19\"><g id=\"Group_192\" data-name=\"Group 192\" transform=\"translate(10) rotate(90)\"><path id=\"Path_38\" data-name=\"Path 38\" d=\"M19,10H0L9.5,0Z\" fill=\"#ed1e24\"><\/path><\/g><\/svg>\t\t\t\t\t\t<\/span>\n\t\t\t\t\t\t\t\t\t\t<span class=\"elementor-icon-list-text\">\u041e \u0442\u0435\u043d\u0442\u043e\u0432\u044b\u0445 \u0430\u043d\u0433\u0430\u0440\u0430\u0445<\/span>\n\t\t\t\t\t\t\t\t\t\t\t<\/a>\n\t\t\t\t\t\t\t\t\t<\/li>\n\t\t\t\t\t\t\t\t<li class=\"elementor-icon-list-item\">\n\t\t\t\t\t\t\t\t\t\t\t<a href=\"https:\/\/storex.lt\/tentiniai-angarai-sandeliai\/\">\n\n\t\t\t\t\t\t\t\t\t\t\t\t<span class=\"elementor-icon-list-icon\">\n\t\t\t\t\t\t\t<svg xmlns=\"http:\/\/www.w3.org\/2000\/svg\" width=\"10\" height=\"19\" viewBox=\"0 0 10 19\"><g id=\"Group_192\" data-name=\"Group 192\" transform=\"translate(10) rotate(90)\"><path id=\"Path_38\" data-name=\"Path 38\" d=\"M19,10H0L9.5,0Z\" fill=\"#ed1e24\"><\/path><\/g><\/svg>\t\t\t\t\t\t<\/span>\n\t\t\t\t\t\t\t\t\t\t<span class=\"elementor-icon-list-text\">\u0422\u0435\u043d\u0442\u043e\u0432\u044b\u0435 \u0430\u043d\u0433\u0430\u0440\u044b \u2013 \u0441\u043a\u043b\u0430\u0434\u044b<\/span>\n\t\t\t\t\t\t\t\t\t\t\t<\/a>\n\t\t\t\t\t\t\t\t\t<\/li>\n\t\t\t\t\t\t\t\t<li class=\"elementor-icon-list-item\">\n\t\t\t\t\t\t\t\t\t\t\t<a href=\"https:\/\/storex.lt\/tentiniai-angarai-gyvuliams\/\">\n\n\t\t\t\t\t\t\t\t\t\t\t\t<span class=\"elementor-icon-list-icon\">\n\t\t\t\t\t\t\t<svg xmlns=\"http:\/\/www.w3.org\/2000\/svg\" width=\"10\" height=\"19\" viewBox=\"0 0 10 19\"><g id=\"Group_192\" data-name=\"Group 192\" transform=\"translate(10) rotate(90)\"><path id=\"Path_38\" data-name=\"Path 38\" d=\"M19,10H0L9.5,0Z\" fill=\"#ed1e24\"><\/path><\/g><\/svg>\t\t\t\t\t\t<\/span>\n\t\t\t\t\t\t\t\t\t\t<span class=\"elementor-icon-list-text\">\u0422\u0435\u043d\u0442\u043e\u0432\u044b\u0435 \u0430\u043d\u0433\u0430\u0440\u044b \u0434\u043b\u044f \u0436\u0438\u0432\u043e\u0442\u043d\u044b\u0445 <\/span>\n\t\t\t\t\t\t\t\t\t\t\t<\/a>\n\t\t\t\t\t\t\t\t\t<\/li>\n\t\t\t\t\t\t\t\t<li class=\"elementor-icon-list-item\">\n\t\t\t\t\t\t\t\t\t\t\t<a href=\"https:\/\/storex.lt\/tentiniai-angarai-renginiams\/\">\n\n\t\t\t\t\t\t\t\t\t\t\t\t<span class=\"elementor-icon-list-icon\">\n\t\t\t\t\t\t\t<svg xmlns=\"http:\/\/www.w3.org\/2000\/svg\" width=\"10\" height=\"19\" viewBox=\"0 0 10 19\"><g id=\"Group_192\" data-name=\"Group 192\" transform=\"translate(10) rotate(90)\"><path id=\"Path_38\" data-name=\"Path 38\" d=\"M19,10H0L9.5,0Z\" fill=\"#ed1e24\"><\/path><\/g><\/svg>\t\t\t\t\t\t<\/span>\n\t\t\t\t\t\t\t\t\t\t<span class=\"elementor-icon-list-text\">\u0422\u0435\u043d\u0442\u043e\u0432\u044b\u0435 \u0430\u043d\u0433\u0430\u0440\u044b \u0434\u043b\u044f \u043c\u0435\u0440\u043e\u043f\u0440\u0438\u044f\u0442\u0438\u0439<\/span>\n\t\t\t\t\t\t\t\t\t\t\t<\/a>\n\t\t\t\t\t\t\t\t\t<\/li>\n\t\t\t\t\t\t\t\t<li class=\"elementor-icon-list-item\">\n\t\t\t\t\t\t\t\t\t\t\t<a href=\"https:\/\/storex.lt\/tentiniai-angarai-sieno-rulonams\/\">\n\n\t\t\t\t\t\t\t\t\t\t\t\t<span class=\"elementor-icon-list-icon\">\n\t\t\t\t\t\t\t<svg xmlns=\"http:\/\/www.w3.org\/2000\/svg\" width=\"10\" height=\"19\" viewBox=\"0 0 10 19\"><g id=\"Group_192\" data-name=\"Group 192\" transform=\"translate(10) rotate(90)\"><path id=\"Path_38\" data-name=\"Path 38\" d=\"M19,10H0L9.5,0Z\" fill=\"#ed1e24\"><\/path><\/g><\/svg>\t\t\t\t\t\t<\/span>\n\t\t\t\t\t\t\t\t\t\t<span class=\"elementor-icon-list-text\">\u0422\u0435\u043d\u0442\u043e\u0432\u044b\u0435 \u0430\u043d\u0433\u0430\u0440\u044b \u0434\u043b\u044f \u0445\u0440\u0430\u043d\u0435\u043d\u0438\u044f \u0442\u044e\u043a\u043e\u0432 \u0441\u0435\u043d\u0430<\/span>\n\t\t\t\t\t\t\t\t\t\t\t<\/a>\n\t\t\t\t\t\t\t\t\t<\/li>\n\t\t\t\t\t\t\t\t<li class=\"elementor-icon-list-item\">\n\t\t\t\t\t\t\t\t\t\t\t<a href=\"https:\/\/storex.lt\/tentiniai-angarai-sporto-maniezams\/\">\n\n\t\t\t\t\t\t\t\t\t\t\t\t<span class=\"elementor-icon-list-icon\">\n\t\t\t\t\t\t\t<svg xmlns=\"http:\/\/www.w3.org\/2000\/svg\" width=\"10\" height=\"19\" viewBox=\"0 0 10 19\"><g id=\"Group_192\" data-name=\"Group 192\" transform=\"translate(10) rotate(90)\"><path id=\"Path_38\" data-name=\"Path 38\" d=\"M19,10H0L9.5,0Z\" fill=\"#ed1e24\"><\/path><\/g><\/svg>\t\t\t\t\t\t<\/span>\n\t\t\t\t\t\t\t\t\t\t<span class=\"elementor-icon-list-text\">\u0422\u0435\u043d\u0442\u043e\u0432\u044b\u0435 \u0430\u043d\u0433\u0430\u0440\u044b \u0434\u043b\u044f \u0441\u043f\u043e\u0440\u0442\u0438\u0432\u043d\u044b\u0445 \u0430\u0440\u0435\u043d<\/span>\n\t\t\t\t\t\t\t\t\t\t\t<\/a>\n\t\t\t\t\t\t\t\t\t<\/li>\n\t\t\t\t\t\t\t\t<li class=\"elementor-icon-list-item\">\n\t\t\t\t\t\t\t\t\t\t\t<a href=\"https:\/\/storex.lt\/tentiniai-garazai\/\">\n\n\t\t\t\t\t\t\t\t\t\t\t\t<span class=\"elementor-icon-list-icon\">\n\t\t\t\t\t\t\t<svg xmlns=\"http:\/\/www.w3.org\/2000\/svg\" width=\"10\" height=\"19\" viewBox=\"0 0 10 19\"><g id=\"Group_192\" data-name=\"Group 192\" transform=\"translate(10) rotate(90)\"><path id=\"Path_38\" data-name=\"Path 38\" d=\"M19,10H0L9.5,0Z\" fill=\"#ed1e24\"><\/path><\/g><\/svg>\t\t\t\t\t\t<\/span>\n\t\t\t\t\t\t\t\t\t\t<span class=\"elementor-icon-list-text\">\u0422\u0435\u043d\u0442\u043e\u0432\u044b\u0435 \u0433\u0430\u0440\u0430\u0436\u044b<\/span>\n\t\t\t\t\t\t\t\t\t\t\t<\/a>\n\t\t\t\t\t\t\t\t\t<\/li>\n\t\t\t\t\t\t\t\t<li class=\"elementor-icon-list-item\">\n\t\t\t\t\t\t\t\t\t\t\t<a href=\"https:\/\/storex.lt\/tentiniai-pavilijonai\/\">\n\n\t\t\t\t\t\t\t\t\t\t\t\t<span class=\"elementor-icon-list-icon\">\n\t\t\t\t\t\t\t<svg xmlns=\"http:\/\/www.w3.org\/2000\/svg\" width=\"10\" height=\"19\" viewBox=\"0 0 10 19\"><g id=\"Group_192\" data-name=\"Group 192\" transform=\"translate(10) rotate(90)\"><path id=\"Path_38\" data-name=\"Path 38\" d=\"M19,10H0L9.5,0Z\" fill=\"#ed1e24\"><\/path><\/g><\/svg>\t\t\t\t\t\t<\/span>\n\t\t\t\t\t\t\t\t\t\t<span class=\"elementor-icon-list-text\">\u0422\u0435\u043d\u0442\u043e\u0432\u044b\u0435 \u043f\u0430\u0432\u0438\u043b\u044c\u043e\u043d\u044b<\/span>\n\t\t\t\t\t\t\t\t\t\t\t<\/a>\n\t\t\t\t\t\t\t\t\t<\/li>\n\t\t\t\t\t\t\t\t<li class=\"elementor-icon-list-item\">\n\t\t\t\t\t\t\t\t\t\t\t<a href=\"https:\/\/storex.lt\/tentiniai-vartai\/\">\n\n\t\t\t\t\t\t\t\t\t\t\t\t<span class=\"elementor-icon-list-icon\">\n\t\t\t\t\t\t\t<svg xmlns=\"http:\/\/www.w3.org\/2000\/svg\" width=\"10\" height=\"19\" viewBox=\"0 0 10 19\"><g id=\"Group_192\" data-name=\"Group 192\" transform=\"translate(10) rotate(90)\"><path id=\"Path_38\" data-name=\"Path 38\" d=\"M19,10H0L9.5,0Z\" fill=\"#ed1e24\"><\/path><\/g><\/svg>\t\t\t\t\t\t<\/span>\n\t\t\t\t\t\t\t\t\t\t<span class=\"elementor-icon-list-text\">\u0422\u0435\u043d\u0442\u043e\u0432\u044b\u0435 \u0432\u043e\u0440\u043e\u0442\u0430<\/span>\n\t\t\t\t\t\t\t\t\t\t\t<\/a>\n\t\t\t\t\t\t\t\t\t<\/li>\n\t\t\t\t\t\t<\/ul>\n\t\t\t\t\t\t<\/div>\n\t\t\t\t<\/div>\n\t\t\t\t<\/div>\n\t\t<div class=\"elementor-element elementor-element-427a042 e-con-full e-flex e-con e-child\" data-id=\"427a042\" data-element_type=\"container\" data-e-type=\"container\">\n\t\t\t\t<div class=\"elementor-element elementor-element-71c2122 elementor-widget elementor-widget-heading\" data-id=\"71c2122\" data-element_type=\"widget\" data-e-type=\"widget\" data-widget_type=\"heading.default\">\n\t\t\t\t<div class=\"elementor-widget-container\">\n\t\t\t\t\t<h2 class=\"elementor-heading-title elementor-size-default\">\u0422\u0435\u043d\u0442\u043e\u0432\u044b\u0435 \u0430\u043d\u0433\u0430\u0440\u044b - \u0441\u043a\u043b\u0430\u0434\u044b<\/h2>\t\t\t\t<\/div>\n\t\t\t\t<\/div>\n\t\t<div class=\"elementor-element elementor-element-9c74b66 e-flex e-con-boxed e-con e-child\" data-id=\"9c74b66\" data-element_type=\"container\" data-e-type=\"container\">\n\t\t\t\t\t<div class=\"e-con-inner\">\n\t\t<div class=\"elementor-element elementor-element-c0e899d e-flex e-con-boxed e-con e-child\" data-id=\"c0e899d\" data-element_type=\"container\" data-e-type=\"container\">\n\t\t\t\t\t<div class=\"e-con-inner\">\n\t\t\t\t<div class=\"elementor-element elementor-element-9d23db4 elementor-widget elementor-widget-text-editor\" data-id=\"9d23db4\" data-element_type=\"widget\" data-e-type=\"widget\" data-widget_type=\"text-editor.default\">\n\t\t\t\t<div class=\"elementor-widget-container\">\n\t\t\t\t\t\t\t\t\t<p>\u0418\u043d\u043e\u0433\u0434\u0430, \u043a\u043e\u0433\u0434\u0430 \u0442\u0440\u0435\u0431\u0443\u0435\u0442\u0441\u044f \u043f\u0440\u043e\u0441\u0442\u0440\u0430\u043d\u0441\u0442\u0432\u043e \u0434\u043b\u044f \u0431\u043e\u043b\u0435\u0435 \u0438\u043b\u0438 \u043c\u0435\u043d\u0435\u0435 \u0434\u043b\u0438\u0442\u0435\u043b\u044c\u043d\u043e\u0433\u043e \u0445\u0440\u0430\u043d\u0435\u043d\u0438\u044f, \u0440\u0430\u0441\u0441\u043c\u0430\u0442\u0440\u0438\u0432\u0430\u0435\u0442\u0441\u044f \u0432\u043e\u043f\u0440\u043e\u0441 \u043e \u0441\u0442\u0440\u043e\u0438\u0442\u0435\u043b\u044c\u0441\u0442\u0432\u0435 \u043d\u043e\u0432\u043e\u0433\u043e \u0437\u0434\u0430\u043d\u0438\u044f \u0438\u043b\u0438 \u0430\u0440\u0435\u043d\u0434\u0435 \u043d\u043e\u0432\u043e\u0433\u043e \u043f\u043e\u043c\u0435\u0449\u0435\u043d\u0438\u044f.<br \/>\n\u0421\u0435\u0433\u043e\u0434\u043d\u044f \u0441\u0443\u0449\u0435\u0441\u0442\u0432\u0443\u0435\u0442 \u043e\u0442\u043b\u0438\u0447\u043d\u0430\u044f \u0430\u043b\u044c\u0442\u0435\u0440\u043d\u0430\u0442\u0438\u0432\u0430 \u0434\u043e\u0440\u043e\u0433\u043e\u0441\u0442\u043e\u044f\u0449\u0435\u043c\u0443 \u0442\u0440\u0430\u0434\u0438\u0446\u0438\u043e\u043d\u043d\u043e\u043c\u0443 \u0440\u0435\u0448\u0435\u043d\u0438\u044e: \u0442\u0435\u043d\u0442\u043e\u0432\u043e\u0435 \u0445\u0440\u0430\u043d\u0435\u043d\u0438\u0435.<br \/>\n\u0422\u0435\u043d\u0442\u043e\u0432\u044b\u0435 \u043d\u0430\u0432\u0435\u0441\u044b \u0434\u043b\u044f \u0445\u0440\u0430\u043d\u0435\u043d\u0438\u044f &#8211; \u044d\u0442\u043e \u0431\u044b\u0441\u0442\u0440\u044b\u0439 \u0438 \u043f\u0440\u043e\u0441\u0442\u043e\u0439 \u0441\u043f\u043e\u0441\u043e\u0431 \u043d\u0430\u0439\u0442\u0438 \u043c\u0435\u0441\u0442\u043e \u0434\u0430\u0436\u0435 \u0434\u043b\u044f \u0441\u0430\u043c\u044b\u0445 \u043a\u0440\u0443\u043f\u043d\u044b\u0445 \u0432\u0435\u0449\u0435\u0439.<br \/>\n\u041a\u0430\u043a \u043f\u0440\u0430\u0432\u0438\u043b\u043e, \u043d\u0430\u0432\u0435\u0441\u044b \u043c\u043e\u0433\u0443\u0442 \u0441\u0442\u0430\u0442\u044c \u0438\u0434\u0435\u0430\u043b\u044c\u043d\u044b\u043c \u0440\u0435\u0448\u0435\u043d\u0438\u0435\u043c \u0434\u043b\u044f \u0445\u0440\u0430\u043d\u0435\u043d\u0438\u044f \u0441\u0435\u043b\u044c\u0441\u043a\u043e\u0445\u043e\u0437\u044f\u0439\u0441\u0442\u0432\u0435\u043d\u043d\u043e\u0439 \u0442\u0435\u0445\u043d\u0438\u043a\u0438, \u0437\u0435\u0440\u043d\u0430, \u043a\u043e\u0440\u043c\u043e\u0432, \u0442\u044e\u043a\u043e\u0432 \u0441\u0435\u043d\u0430 \u0438\u043b\u0438 \u0434\u0430\u0436\u0435 \u0432\u0440\u0435\u043c\u0435\u043d\u043d\u043e\u0433\u043e \u043f\u043e\u043c\u0435\u0449\u0435\u043d\u0438\u044f \u0434\u043b\u044f \u0441\u043a\u043e\u0442\u0430.   <\/p>\n\t\t\t\t\t\t\t\t<\/div>\n\t\t\t\t<\/div>\n\t\t\t\t\t<\/div>\n\t\t\t\t<\/div>\n\t\t<div class=\"elementor-element elementor-element-1ad5131 e-flex e-con-boxed e-con e-child\" data-id=\"1ad5131\" data-element_type=\"container\" data-e-type=\"container\">\n\t\t\t\t\t<div class=\"e-con-inner\">\n\t\t\t\t<div class=\"elementor-element elementor-element-ee24f75 elementor-widget elementor-widget-text-editor\" data-id=\"ee24f75\" data-element_type=\"widget\" data-e-type=\"widget\" data-widget_type=\"text-editor.default\">\n\t\t\t\t<div class=\"elementor-widget-container\">\n\t\t\t\t\t\t\t\t\t<p>\u0422\u0435\u043d\u0442\u043e\u0432\u044b\u0435 \u043d\u0430\u0432\u0435\u0441\u044b \u0448\u0438\u0440\u043e\u043a\u043e \u0438\u0441\u043f\u043e\u043b\u044c\u0437\u0443\u044e\u0442\u0441\u044f \u0432 \u0441\u0435\u043b\u044c\u0441\u043a\u043e\u043c \u0445\u043e\u0437\u044f\u0439\u0441\u0442\u0432\u0435, \u043f\u043e\u0441\u043a\u043e\u043b\u044c\u043a\u0443 \u043e\u043d\u0438 \u043e\u0447\u0435\u043d\u044c \u0444\u0443\u043d\u043a\u0446\u0438\u043e\u043d\u0430\u043b\u044c\u043d\u044b.<br \/>\n\u041c\u043e\u0431\u0438\u043b\u044c\u043d\u044b\u0435 \u043d\u0430\u0432\u0435\u0441\u044b \u043c\u043e\u0436\u043d\u043e \u043b\u0435\u0433\u043a\u043e \u043f\u0435\u0440\u0435\u0432\u043e\u0437\u0438\u0442\u044c \u0441 \u043c\u0435\u0441\u0442\u0430 \u043d\u0430 \u043c\u0435\u0441\u0442\u043e \u0431\u0435\u0437 \u043f\u0440\u0438\u0432\u043b\u0435\u0447\u0435\u043d\u0438\u044f \u0434\u043e\u043f\u043e\u043b\u043d\u0438\u0442\u0435\u043b\u044c\u043d\u043e\u0439 \u0442\u0435\u0445\u043d\u0438\u043a\u0438.<br \/>\n\u0423\u0434\u043e\u0431\u043d\u043e \u0438 \u0442\u043e, \u0447\u0442\u043e \u0442\u0435\u043d\u0442\u043e\u0432\u044b\u0435 \u0441\u043a\u043b\u0430\u0434\u044b \u043d\u0435 \u0442\u0440\u0435\u0431\u0443\u044e\u0442 \u043e\u0441\u043e\u0431\u044b\u0445 \u0443\u0441\u043b\u043e\u0432\u0438\u0439 \u043d\u0430 \u0443\u0447\u0430\u0441\u0442\u043a\u0435, \u0433\u043b\u0430\u0432\u043d\u043e\u0435, \u0447\u0442\u043e\u0431\u044b \u0437\u0435\u043c\u043b\u044f, \u043d\u0430 \u043a\u043e\u0442\u043e\u0440\u043e\u0439 \u0441\u043e\u0431\u0438\u0440\u0430\u044e\u0442\u0441\u044f \u043d\u0430\u0432\u0435\u0441\u044b, \u0431\u044b\u043b\u0430 \u0442\u0432\u0435\u0440\u0434\u043e\u0439 \u0438 \u0443\u0441\u0442\u043e\u0439\u0447\u0438\u0432\u043e\u0439.<br \/>\n\u041f\u043e\u044d\u0442\u043e\u043c\u0443 \u0441\u0430\u043c\u044b\u043c \u0431\u043e\u043b\u044c\u0448\u0438\u043c \u043f\u0440\u0435\u0438\u043c\u0443\u0449\u0435\u0441\u0442\u0432\u043e\u043c \u044f\u0432\u043b\u044f\u0435\u0442\u0441\u044f \u0442\u043e, \u0447\u0442\u043e \u0441\u043a\u043b\u0430\u0434\u0441\u043a\u0438\u0435 \u043d\u0430\u0432\u0435\u0441\u044b \u043c\u043e\u0436\u043d\u043e \u0432\u043e\u0437\u0432\u043e\u0434\u0438\u0442\u044c \u0432 \u043d\u0435\u043f\u043e\u0441\u0440\u0435\u0434\u0441\u0442\u0432\u0435\u043d\u043d\u043e\u0439 \u0431\u043b\u0438\u0437\u043e\u0441\u0442\u0438 \u043e\u0442 \u0434\u043e\u043c\u043e\u0432, \u043f\u043e\u043b\u0435\u0439, \u0436\u0438\u0432\u043e\u0442\u043d\u043e\u0432\u043e\u0434\u0447\u0435\u0441\u043a\u0438\u0445 \u0444\u0435\u0440\u043c \u0438 \u0432\u0435\u0437\u0434\u0435, \u0433\u0434\u0435 \u0443\u0434\u043e\u0431\u043d\u043e \u0445\u0440\u0430\u043d\u0438\u0442\u044c \u0434\u043e\u043c\u0430\u0448\u043d\u0438\u0435 \u0432\u0435\u0449\u0438.   <\/p>\n\t\t\t\t\t\t\t\t<\/div>\n\t\t\t\t<\/div>\n\t\t\t\t\t<\/div>\n\t\t\t\t<\/div>\n\t\t\t\t\t<\/div>\n\t\t\t\t<\/div>\n\t\t<div class=\"elementor-element elementor-element-9e20906 e-flex e-con-boxed e-con e-child\" data-id=\"9e20906\" data-element_type=\"container\" data-e-type=\"container\">\n\t\t\t\t\t<div class=\"e-con-inner\">\n\t\t<div class=\"elementor-element elementor-element-26b0ac0 e-flex e-con-boxed e-con e-child\" data-id=\"26b0ac0\" data-element_type=\"container\" data-e-type=\"container\">\n\t\t\t\t\t<div class=\"e-con-inner\">\n\t\t\t\t<div class=\"elementor-element elementor-element-71b3038 elementor-widget elementor-widget-image\" data-id=\"71b3038\" data-element_type=\"widget\" data-e-type=\"widget\" data-widget_type=\"image.default\">\n\t\t\t\t<div class=\"elementor-widget-container\">\n\t\t\t\t\t\t\t\t\t\t\t\t\t\t\t<img fetchpriority=\"high\" decoding=\"async\" width=\"600\" height=\"600\" src=\"https:\/\/storex.lt\/wp-content\/uploads\/2023\/02\/storex-tentiniai-angarai-sandeliai-1.jpg\" class=\"attachment-large size-large wp-image-2048\" alt=\"\" srcset=\"https:\/\/storex.lt\/wp-content\/uploads\/2023\/02\/storex-tentiniai-angarai-sandeliai-1.jpg 600w, https:\/\/storex.lt\/wp-content\/uploads\/2023\/02\/storex-tentiniai-angarai-sandeliai-1-400x400.jpg 400w, https:\/\/storex.lt\/wp-content\/uploads\/2023\/02\/storex-tentiniai-angarai-sandeliai-1-300x300.jpg 300w, https:\/\/storex.lt\/wp-content\/uploads\/2023\/02\/storex-tentiniai-angarai-sandeliai-1-100x100.jpg 100w, https:\/\/storex.lt\/wp-content\/uploads\/2023\/02\/storex-tentiniai-angarai-sandeliai-1-50x50.jpg 50w\" sizes=\"(max-width: 600px) 100vw, 600px\" \/>\t\t\t\t\t\t\t\t\t\t\t\t\t\t\t<\/div>\n\t\t\t\t<\/div>\n\t\t\t\t\t<\/div>\n\t\t\t\t<\/div>\n\t\t<div class=\"elementor-element elementor-element-84e7db5 e-flex e-con-boxed e-con e-child\" data-id=\"84e7db5\" data-element_type=\"container\" data-e-type=\"container\">\n\t\t\t\t\t<div class=\"e-con-inner\">\n\t\t\t\t<div class=\"elementor-element elementor-element-a5b1017 elementor-widget elementor-widget-text-editor\" data-id=\"a5b1017\" data-element_type=\"widget\" data-e-type=\"widget\" data-widget_type=\"text-editor.default\">\n\t\t\t\t<div class=\"elementor-widget-container\">\n\t\t\t\t\t\t\t\t\t<p>\u0413\u043e\u0442\u043e\u0432\u044b\u0435 \u0430\u043d\u0433\u0430\u0440\u044b \u0442\u0430\u043a\u0436\u0435 \u043c\u043e\u0433\u0443\u0442 \u0431\u044b\u0442\u044c \u0433\u043e\u0442\u043e\u0432\u044b \u043a \u0438\u0441\u043f\u043e\u043b\u044c\u0437\u043e\u0432\u0430\u043d\u0438\u044e \u0432\u0441\u0435\u0433\u043e \u0437\u0430 \u043d\u0435\u0441\u043a\u043e\u043b\u044c\u043a\u043e \u0434\u043d\u0435\u0439.<br \/>\n\u041f\u043e\u0441\u043b\u0435 \u043f\u0440\u0438\u0431\u044b\u0442\u0438\u044f \u043d\u0430\u0432\u0435\u0441\u0430 \u043a\u043e\u043c\u0430\u043d\u0434\u0430 \u0441\u043f\u0435\u0446\u0438\u0430\u043b\u0438\u0441\u0442\u043e\u0432 \u0441\u043e\u0431\u0435\u0440\u0435\u0442 \u0435\u0433\u043e \u0437\u0430 1-2 \u0434\u043d\u044f, \u0432 \u0437\u0430\u0432\u0438\u0441\u0438\u043c\u043e\u0441\u0442\u0438 \u043e\u0442 \u043e\u0441\u043d\u043e\u0432\u0430\u043d\u0438\u044f, \u043d\u0430 \u043a\u043e\u0442\u043e\u0440\u043e\u043c \u0441\u043e\u0431\u0438\u0440\u0430\u0435\u0442\u0441\u044f \u0430\u043d\u0433\u0430\u0440.<br \/>\n\u0415\u0441\u043b\u0438 \u0430\u043d\u0433\u0430\u0440 \u0441\u043e\u0431\u0438\u0440\u0430\u0435\u0442\u0441\u044f \u043d\u0430 \u0431\u0435\u0442\u043e\u043d\u043d\u043e\u043c \u043e\u0441\u043d\u043e\u0432\u0430\u043d\u0438\u0438, \u0442\u043e \u0441\u0431\u043e\u0440\u043a\u0430 \u0437\u0430\u0439\u043c\u0435\u0442 \u0431\u043e\u043b\u044c\u0448\u0435 \u0432\u0440\u0435\u043c\u0435\u043d\u0438, \u0442\u0430\u043a \u043a\u0430\u043a \u0432 \u0431\u0435\u0442\u043e\u043d\u0435 \u043d\u0435\u043e\u0431\u0445\u043e\u0434\u0438\u043c\u043e \u0431\u0443\u0434\u0435\u0442 \u043f\u0440\u043e\u0441\u0432\u0435\u0440\u043b\u0438\u0442\u044c \u043e\u0442\u0432\u0435\u0440\u0441\u0442\u0438\u044f \u0434\u043b\u044f \u043a\u0440\u0435\u043f\u043b\u0435\u043d\u0438\u044f \u043a\u0430\u0440\u043a\u0430\u0441\u0430 \u0430\u043d\u0433\u0430\u0440\u0430.<br \/>\n\u0422\u0430\u043a\u0436\u0435 \u043d\u0435\u043e\u0431\u0445\u043e\u0434\u0438\u043c\u043e, \u0447\u0442\u043e\u0431\u044b \u0442\u0430\u043a\u043e\u0439 \u0430\u043d\u0433\u0430\u0440 \u043c\u043e\u0433 \u0441\u043e\u0431\u0440\u0430\u0442\u044c \u0441\u0430\u043c \u0447\u0435\u043b\u043e\u0432\u0435\u043a.<br \/>\n\u0415\u0441\u043b\u0438 \u0432\u044b\u0441\u043e\u0442\u0430 \u0441\u043e\u0431\u0438\u0440\u0430\u0435\u043c\u043e\u0433\u043e \u0430\u043d\u0433\u0430\u0440\u0430 \u043d\u0435 \u043f\u0440\u0435\u0432\u044b\u0448\u0430\u0435\u0442 4,5 \u043c\u0435\u0442\u0440\u0430, \u0442\u043e \u043d\u0438\u043a\u0430\u043a\u043e\u0433\u043e \u0434\u043e\u043f\u043e\u043b\u043d\u0438\u0442\u0435\u043b\u044c\u043d\u043e\u0433\u043e \u043e\u0431\u043e\u0440\u0443\u0434\u043e\u0432\u0430\u043d\u0438\u044f \u043d\u0435 \u043f\u043e\u0442\u0440\u0435\u0431\u0443\u0435\u0442\u0441\u044f &#8211; \u0442\u043e\u043b\u044c\u043a\u043e \u0433\u0430\u0435\u0447\u043d\u044b\u0439 \u043a\u043b\u044e\u0447, \u043c\u043e\u043b\u043e\u0442\u043e\u043a \u0438 \u043b\u0435\u0441\u0442\u043d\u0438\u0446\u0430.<br \/>\n\u0415\u0441\u043b\u0438 \u0432\u044b\u0441\u043e\u0442\u0430 \u0430\u043d\u0433\u0430\u0440\u0430 \u043f\u0440\u0435\u0432\u044b\u0448\u0430\u0435\u0442 4,5 \u043c\u0435\u0442\u0440\u0430, \u0440\u0435\u043a\u043e\u043c\u0435\u043d\u0434\u0443\u0435\u0442\u0441\u044f \u0438\u0441\u043f\u043e\u043b\u044c\u0437\u043e\u0432\u0430\u0442\u044c \u0442\u0435\u043b\u0435\u0441\u043a\u043e\u043f\u0438\u0447\u0435\u0441\u043a\u0438\u0439 \u043f\u043e\u0433\u0440\u0443\u0437\u0447\u0438\u043a \u0438\u043b\u0438 \u043f\u043e\u0434\u044a\u0435\u043c\u043d\u0438\u043a.<br \/>\n\u041f\u043e\u0441\u043a\u043e\u043b\u044c\u043a\u0443 \u043d\u0430 \u0442\u0430\u043a\u043e\u0439 \u0432\u044b\u0441\u043e\u0442\u0435 \u043a\u0430\u0440\u043a\u0430\u0441\u043d\u0430\u044f \u043a\u043e\u043d\u0441\u0442\u0440\u0443\u043a\u0446\u0438\u044f \u0431\u0443\u0434\u0435\u0442 \u0442\u044f\u0436\u0435\u043b\u0435\u0435, \u043f\u043e\u0442\u0440\u0435\u0431\u0443\u044e\u0442\u0441\u044f \u0434\u043e\u043f\u043e\u043b\u043d\u0438\u0442\u0435\u043b\u044c\u043d\u044b\u0435 \u0438\u043d\u0441\u0442\u0440\u0443\u043c\u0435\u043d\u0442\u044b.      <\/p>\n\t\t\t\t\t\t\t\t<\/div>\n\t\t\t\t<\/div>\n\t\t\t\t\t<\/div>\n\t\t\t\t<\/div>\n\t\t\t\t\t<\/div>\n\t\t\t\t<\/div>\n\t\t\t\t<\/div>\n\t\t\t\t\t<\/div>\n\t\t\t\t<\/div>\n\t\t\t\t<\/div>\n\t\t","protected":false},"excerpt":{"rendered":"<p>\u0421\u0442\u0430\u0442\u044c\u0438 Apie tentinius angarus Tentiniai angarai &#8211; sandeliai Tentiniai angarai gyvuliams Tentiniai angarai renginiams Tentiniai angarai \u0161ieno rulonams Tentiniai angarai sporto manie\u017eams Tentiniai gara\u017eai Tentiniai pavilijonai Tentiniai vartai \u0422\u0435\u043d\u0442\u043e\u0432\u044b\u0435 \u0430\u043d\u0433\u0430\u0440\u044b &#8211; \u0441\u043a\u043b\u0430\u0434\u044b \u0418\u043d\u043e\u0433\u0434\u0430, \u043a\u043e\u0433\u0434\u0430 \u0442\u0440\u0435\u0431\u0443\u0435\u0442\u0441\u044f \u043f\u0440\u043e\u0441\u0442\u0440\u0430\u043d\u0441\u0442\u0432\u043e \u0434\u043b\u044f \u0431\u043e\u043b\u0435\u0435 \u0438\u043b\u0438 \u043c\u0435\u043d\u0435\u0435 \u0434\u043b\u0438\u0442\u0435\u043b\u044c\u043d\u043e\u0433\u043e \u0445\u0440\u0430\u043d\u0435\u043d\u0438\u044f, \u0440\u0430\u0441\u0441\u043c\u0430\u0442\u0440\u0438\u0432\u0430\u0435\u0442\u0441\u044f \u0432\u043e\u043f\u0440\u043e\u0441 \u043e \u0441\u0442\u0440\u043e\u0438\u0442\u0435\u043b\u044c\u0441\u0442\u0432\u0435 \u043d\u043e\u0432\u043e\u0433\u043e \u0437\u0434\u0430\u043d\u0438\u044f \u0438\u043b\u0438 \u0430\u0440\u0435\u043d\u0434\u0435 \u043d\u043e\u0432\u043e\u0433\u043e \u043f\u043e\u043c\u0435\u0449\u0435\u043d\u0438\u044f. \u0421\u0435\u0433\u043e\u0434\u043d\u044f \u0441\u0443\u0449\u0435\u0441\u0442\u0432\u0443\u0435\u0442 \u043e\u0442\u043b\u0438\u0447\u043d\u0430\u044f [&hellip;]<\/p>\n","protected":false},"author":3,"featured_media":0,"parent":0,"menu_order":0,"comment_status":"closed","ping_status":"closed","template":"elementor_theme","meta":{"_acf_changed":false,"_seopress_robots_primary_cat":"","_seopress_titles_title":"","_seopress_titles_desc":"","_seopress_robots_index":"","footnotes":""},"class_list":["post-7160","page","type-page","status-publish","hentry"],"acf":[],"_links":{"self":[{"href":"https:\/\/storex.lt\/ru\/wp-json\/wp\/v2\/pages\/7160","targetHints":{"allow":["GET"]}}],"collection":[{"href":"https:\/\/storex.lt\/ru\/wp-json\/wp\/v2\/pages"}],"about":[{"href":"https:\/\/storex.lt\/ru\/wp-json\/wp\/v2\/types\/page"}],"author":[{"embeddable":true,"href":"https:\/\/storex.lt\/ru\/wp-json\/wp\/v2\/users\/3"}],"replies":[{"embeddable":true,"href":"https:\/\/storex.lt\/ru\/wp-json\/wp\/v2\/comments?post=7160"}],"version-history":[{"count":2,"href":"https:\/\/storex.lt\/ru\/wp-json\/wp\/v2\/pages\/7160\/revisions"}],"predecessor-version":[{"id":8316,"href":"https:\/\/storex.lt\/ru\/wp-json\/wp\/v2\/pages\/7160\/revisions\/8316"}],"wp:attachment":[{"href":"https:\/\/storex.lt\/ru\/wp-json\/wp\/v2\/media?parent=7160"}],"curies":[{"name":"wp","href":"https:\/\/api.w.org\/{rel}","templated":true}]}}