{"id":7164,"date":"2023-02-09T12:43:24","date_gmt":"2023-02-09T12:43:24","guid":{"rendered":"https:\/\/storex.lt\/%d1%82%d0%b5%d0%bd%d1%82%d0%be%d0%b2%d1%8b%d0%b5-%d0%b0%d0%bd%d0%b3%d0%b0%d1%80%d1%8b-%d0%b4%d0%bb%d1%8f-%d1%85%d1%80%d0%b0%d0%bd%d0%b5%d0%bd%d0%b8%d1%8f-%d1%82%d1%8e%d0%ba%d0%be%d0%b2-%d1%81%d0%b5\/"},"modified":"2024-03-27T14:28:01","modified_gmt":"2024-03-27T14:28:01","slug":"%d1%82%d0%b5%d0%bd%d1%82%d0%be%d0%b2%d1%8b%d0%b5-%d0%b0%d0%bd%d0%b3%d0%b0%d1%80%d1%8b-%d0%b4%d0%bb%d1%8f-%d1%85%d1%80%d0%b0%d0%bd%d0%b5%d0%bd%d0%b8%d1%8f-%d1%82%d1%8e%d0%ba%d0%be%d0%b2-%d1%81%d0%b5","status":"publish","type":"page","link":"https:\/\/storex.lt\/ru\/%d1%82%d0%b5%d0%bd%d1%82%d0%be%d0%b2%d1%8b%d0%b5-%d0%b0%d0%bd%d0%b3%d0%b0%d1%80%d1%8b-%d0%b4%d0%bb%d1%8f-%d1%85%d1%80%d0%b0%d0%bd%d0%b5%d0%bd%d0%b8%d1%8f-%d1%82%d1%8e%d0%ba%d0%be%d0%b2-%d1%81%d0%b5\/","title":{"rendered":"\u0422\u0435\u043d\u0442\u043e\u0432\u044b\u0435 \u0430\u043d\u0433\u0430\u0440\u044b \u0434\u043b\u044f \u0445\u0440\u0430\u043d\u0435\u043d\u0438\u044f \u0442\u044e\u043a\u043e\u0432 \u0441\u0435\u043d\u0430"},"content":{"rendered":"\t\t<div data-elementor-type=\"wp-page\" data-elementor-id=\"7164\" class=\"elementor elementor-7164 elementor-1985\" data-elementor-post-type=\"page\">\n\t\t\t\t<div class=\"elementor-element elementor-element-597e46d e-flex e-con-boxed e-con e-parent\" data-id=\"597e46d\" data-element_type=\"container\" data-e-type=\"container\" data-settings=\"{&quot;background_background&quot;:&quot;classic&quot;}\">\n\t\t\t\t\t<div class=\"e-con-inner\">\n\t\t\t\t\t<\/div>\n\t\t\t\t<\/div>\n\t\t<div class=\"elementor-element elementor-element-d4a7d4e e-flex e-con-boxed e-con e-parent\" data-id=\"d4a7d4e\" data-element_type=\"container\" data-e-type=\"container\">\n\t\t\t\t\t<div class=\"e-con-inner\">\n\t\t<div class=\"elementor-element elementor-element-07f246d e-con-full e-flex e-con e-child\" data-id=\"07f246d\" data-element_type=\"container\" data-e-type=\"container\">\n\t\t\t\t<div class=\"elementor-element elementor-element-70fba74 elementor-widget elementor-widget-heading\" data-id=\"70fba74\" data-element_type=\"widget\" data-e-type=\"widget\" data-widget_type=\"heading.default\">\n\t\t\t\t<div class=\"elementor-widget-container\">\n\t\t\t\t\t<h2 class=\"elementor-heading-title elementor-size-default\">\u0421\u0442\u0430\u0442\u044c\u0438<\/h2>\t\t\t\t<\/div>\n\t\t\t\t<\/div>\n\t\t\t\t<div class=\"elementor-element elementor-element-a0d985d elementor-icon-list--layout-traditional elementor-list-item-link-full_width elementor-widget elementor-widget-global elementor-global-8295 elementor-global-8284 elementor-widget-icon-list\" data-id=\"a0d985d\" data-element_type=\"widget\" data-e-type=\"widget\" data-widget_type=\"icon-list.default\">\n\t\t\t\t<div class=\"elementor-widget-container\">\n\t\t\t\t\t\t\t<ul class=\"elementor-icon-list-items\">\n\t\t\t\t\t\t\t<li class=\"elementor-icon-list-item\">\n\t\t\t\t\t\t\t\t\t\t\t<a href=\"https:\/\/storex.lt\/apie-tentinius-angarus\/\">\n\n\t\t\t\t\t\t\t\t\t\t\t\t<span class=\"elementor-icon-list-icon\">\n\t\t\t\t\t\t\t<svg xmlns=\"http:\/\/www.w3.org\/2000\/svg\" width=\"10\" height=\"19\" viewBox=\"0 0 10 19\"><g id=\"Group_192\" data-name=\"Group 192\" transform=\"translate(10) rotate(90)\"><path id=\"Path_38\" data-name=\"Path 38\" d=\"M19,10H0L9.5,0Z\" fill=\"#ed1e24\"><\/path><\/g><\/svg>\t\t\t\t\t\t<\/span>\n\t\t\t\t\t\t\t\t\t\t<span class=\"elementor-icon-list-text\">\u041e \u0442\u0435\u043d\u0442\u043e\u0432\u044b\u0445 \u0430\u043d\u0433\u0430\u0440\u0430\u0445<\/span>\n\t\t\t\t\t\t\t\t\t\t\t<\/a>\n\t\t\t\t\t\t\t\t\t<\/li>\n\t\t\t\t\t\t\t\t<li class=\"elementor-icon-list-item\">\n\t\t\t\t\t\t\t\t\t\t\t<a href=\"https:\/\/storex.lt\/tentiniai-angarai-sandeliai\/\">\n\n\t\t\t\t\t\t\t\t\t\t\t\t<span class=\"elementor-icon-list-icon\">\n\t\t\t\t\t\t\t<svg xmlns=\"http:\/\/www.w3.org\/2000\/svg\" width=\"10\" height=\"19\" viewBox=\"0 0 10 19\"><g id=\"Group_192\" data-name=\"Group 192\" transform=\"translate(10) rotate(90)\"><path id=\"Path_38\" data-name=\"Path 38\" d=\"M19,10H0L9.5,0Z\" fill=\"#ed1e24\"><\/path><\/g><\/svg>\t\t\t\t\t\t<\/span>\n\t\t\t\t\t\t\t\t\t\t<span class=\"elementor-icon-list-text\">\u0422\u0435\u043d\u0442\u043e\u0432\u044b\u0435 \u0430\u043d\u0433\u0430\u0440\u044b \u2013 \u0441\u043a\u043b\u0430\u0434\u044b<\/span>\n\t\t\t\t\t\t\t\t\t\t\t<\/a>\n\t\t\t\t\t\t\t\t\t<\/li>\n\t\t\t\t\t\t\t\t<li class=\"elementor-icon-list-item\">\n\t\t\t\t\t\t\t\t\t\t\t<a href=\"https:\/\/storex.lt\/tentiniai-angarai-gyvuliams\/\">\n\n\t\t\t\t\t\t\t\t\t\t\t\t<span class=\"elementor-icon-list-icon\">\n\t\t\t\t\t\t\t<svg xmlns=\"http:\/\/www.w3.org\/2000\/svg\" width=\"10\" height=\"19\" viewBox=\"0 0 10 19\"><g id=\"Group_192\" data-name=\"Group 192\" transform=\"translate(10) rotate(90)\"><path id=\"Path_38\" data-name=\"Path 38\" d=\"M19,10H0L9.5,0Z\" fill=\"#ed1e24\"><\/path><\/g><\/svg>\t\t\t\t\t\t<\/span>\n\t\t\t\t\t\t\t\t\t\t<span class=\"elementor-icon-list-text\">\u0422\u0435\u043d\u0442\u043e\u0432\u044b\u0435 \u0430\u043d\u0433\u0430\u0440\u044b \u0434\u043b\u044f \u0436\u0438\u0432\u043e\u0442\u043d\u044b\u0445 <\/span>\n\t\t\t\t\t\t\t\t\t\t\t<\/a>\n\t\t\t\t\t\t\t\t\t<\/li>\n\t\t\t\t\t\t\t\t<li class=\"elementor-icon-list-item\">\n\t\t\t\t\t\t\t\t\t\t\t<a href=\"https:\/\/storex.lt\/tentiniai-angarai-renginiams\/\">\n\n\t\t\t\t\t\t\t\t\t\t\t\t<span class=\"elementor-icon-list-icon\">\n\t\t\t\t\t\t\t<svg xmlns=\"http:\/\/www.w3.org\/2000\/svg\" width=\"10\" height=\"19\" viewBox=\"0 0 10 19\"><g id=\"Group_192\" data-name=\"Group 192\" transform=\"translate(10) rotate(90)\"><path id=\"Path_38\" data-name=\"Path 38\" d=\"M19,10H0L9.5,0Z\" fill=\"#ed1e24\"><\/path><\/g><\/svg>\t\t\t\t\t\t<\/span>\n\t\t\t\t\t\t\t\t\t\t<span class=\"elementor-icon-list-text\">\u0422\u0435\u043d\u0442\u043e\u0432\u044b\u0435 \u0430\u043d\u0433\u0430\u0440\u044b \u0434\u043b\u044f \u043c\u0435\u0440\u043e\u043f\u0440\u0438\u044f\u0442\u0438\u0439<\/span>\n\t\t\t\t\t\t\t\t\t\t\t<\/a>\n\t\t\t\t\t\t\t\t\t<\/li>\n\t\t\t\t\t\t\t\t<li class=\"elementor-icon-list-item\">\n\t\t\t\t\t\t\t\t\t\t\t<a href=\"https:\/\/storex.lt\/tentiniai-angarai-sieno-rulonams\/\">\n\n\t\t\t\t\t\t\t\t\t\t\t\t<span class=\"elementor-icon-list-icon\">\n\t\t\t\t\t\t\t<svg xmlns=\"http:\/\/www.w3.org\/2000\/svg\" width=\"10\" height=\"19\" viewBox=\"0 0 10 19\"><g id=\"Group_192\" data-name=\"Group 192\" transform=\"translate(10) rotate(90)\"><path id=\"Path_38\" data-name=\"Path 38\" d=\"M19,10H0L9.5,0Z\" fill=\"#ed1e24\"><\/path><\/g><\/svg>\t\t\t\t\t\t<\/span>\n\t\t\t\t\t\t\t\t\t\t<span class=\"elementor-icon-list-text\">\u0422\u0435\u043d\u0442\u043e\u0432\u044b\u0435 \u0430\u043d\u0433\u0430\u0440\u044b \u0434\u043b\u044f \u0445\u0440\u0430\u043d\u0435\u043d\u0438\u044f \u0442\u044e\u043a\u043e\u0432 \u0441\u0435\u043d\u0430<\/span>\n\t\t\t\t\t\t\t\t\t\t\t<\/a>\n\t\t\t\t\t\t\t\t\t<\/li>\n\t\t\t\t\t\t\t\t<li class=\"elementor-icon-list-item\">\n\t\t\t\t\t\t\t\t\t\t\t<a href=\"https:\/\/storex.lt\/tentiniai-angarai-sporto-maniezams\/\">\n\n\t\t\t\t\t\t\t\t\t\t\t\t<span class=\"elementor-icon-list-icon\">\n\t\t\t\t\t\t\t<svg xmlns=\"http:\/\/www.w3.org\/2000\/svg\" width=\"10\" height=\"19\" viewBox=\"0 0 10 19\"><g id=\"Group_192\" data-name=\"Group 192\" transform=\"translate(10) rotate(90)\"><path id=\"Path_38\" data-name=\"Path 38\" d=\"M19,10H0L9.5,0Z\" fill=\"#ed1e24\"><\/path><\/g><\/svg>\t\t\t\t\t\t<\/span>\n\t\t\t\t\t\t\t\t\t\t<span class=\"elementor-icon-list-text\">\u0422\u0435\u043d\u0442\u043e\u0432\u044b\u0435 \u0430\u043d\u0433\u0430\u0440\u044b \u0434\u043b\u044f \u0441\u043f\u043e\u0440\u0442\u0438\u0432\u043d\u044b\u0445 \u0430\u0440\u0435\u043d<\/span>\n\t\t\t\t\t\t\t\t\t\t\t<\/a>\n\t\t\t\t\t\t\t\t\t<\/li>\n\t\t\t\t\t\t\t\t<li class=\"elementor-icon-list-item\">\n\t\t\t\t\t\t\t\t\t\t\t<a href=\"https:\/\/storex.lt\/tentiniai-garazai\/\">\n\n\t\t\t\t\t\t\t\t\t\t\t\t<span class=\"elementor-icon-list-icon\">\n\t\t\t\t\t\t\t<svg xmlns=\"http:\/\/www.w3.org\/2000\/svg\" width=\"10\" height=\"19\" viewBox=\"0 0 10 19\"><g id=\"Group_192\" data-name=\"Group 192\" transform=\"translate(10) rotate(90)\"><path id=\"Path_38\" data-name=\"Path 38\" d=\"M19,10H0L9.5,0Z\" fill=\"#ed1e24\"><\/path><\/g><\/svg>\t\t\t\t\t\t<\/span>\n\t\t\t\t\t\t\t\t\t\t<span class=\"elementor-icon-list-text\">\u0422\u0435\u043d\u0442\u043e\u0432\u044b\u0435 \u0433\u0430\u0440\u0430\u0436\u044b<\/span>\n\t\t\t\t\t\t\t\t\t\t\t<\/a>\n\t\t\t\t\t\t\t\t\t<\/li>\n\t\t\t\t\t\t\t\t<li class=\"elementor-icon-list-item\">\n\t\t\t\t\t\t\t\t\t\t\t<a href=\"https:\/\/storex.lt\/tentiniai-pavilijonai\/\">\n\n\t\t\t\t\t\t\t\t\t\t\t\t<span class=\"elementor-icon-list-icon\">\n\t\t\t\t\t\t\t<svg xmlns=\"http:\/\/www.w3.org\/2000\/svg\" width=\"10\" height=\"19\" viewBox=\"0 0 10 19\"><g id=\"Group_192\" data-name=\"Group 192\" transform=\"translate(10) rotate(90)\"><path id=\"Path_38\" data-name=\"Path 38\" d=\"M19,10H0L9.5,0Z\" fill=\"#ed1e24\"><\/path><\/g><\/svg>\t\t\t\t\t\t<\/span>\n\t\t\t\t\t\t\t\t\t\t<span class=\"elementor-icon-list-text\">\u0422\u0435\u043d\u0442\u043e\u0432\u044b\u0435 \u043f\u0430\u0432\u0438\u043b\u044c\u043e\u043d\u044b<\/span>\n\t\t\t\t\t\t\t\t\t\t\t<\/a>\n\t\t\t\t\t\t\t\t\t<\/li>\n\t\t\t\t\t\t\t\t<li class=\"elementor-icon-list-item\">\n\t\t\t\t\t\t\t\t\t\t\t<a href=\"https:\/\/storex.lt\/tentiniai-vartai\/\">\n\n\t\t\t\t\t\t\t\t\t\t\t\t<span class=\"elementor-icon-list-icon\">\n\t\t\t\t\t\t\t<svg xmlns=\"http:\/\/www.w3.org\/2000\/svg\" width=\"10\" height=\"19\" viewBox=\"0 0 10 19\"><g id=\"Group_192\" data-name=\"Group 192\" transform=\"translate(10) rotate(90)\"><path id=\"Path_38\" data-name=\"Path 38\" d=\"M19,10H0L9.5,0Z\" fill=\"#ed1e24\"><\/path><\/g><\/svg>\t\t\t\t\t\t<\/span>\n\t\t\t\t\t\t\t\t\t\t<span class=\"elementor-icon-list-text\">\u0422\u0435\u043d\u0442\u043e\u0432\u044b\u0435 \u0432\u043e\u0440\u043e\u0442\u0430<\/span>\n\t\t\t\t\t\t\t\t\t\t\t<\/a>\n\t\t\t\t\t\t\t\t\t<\/li>\n\t\t\t\t\t\t<\/ul>\n\t\t\t\t\t\t<\/div>\n\t\t\t\t<\/div>\n\t\t\t\t<\/div>\n\t\t<div class=\"elementor-element elementor-element-0cadc3c e-con-full e-flex e-con e-child\" data-id=\"0cadc3c\" data-element_type=\"container\" data-e-type=\"container\">\n\t\t\t\t<div class=\"elementor-element elementor-element-1190467 elementor-widget elementor-widget-heading\" data-id=\"1190467\" data-element_type=\"widget\" data-e-type=\"widget\" data-widget_type=\"heading.default\">\n\t\t\t\t<div class=\"elementor-widget-container\">\n\t\t\t\t\t<h2 class=\"elementor-heading-title elementor-size-default\">\u0422\u0435\u043d\u0442\u043e\u0432\u044b\u0435 \u0430\u043d\u0433\u0430\u0440\u044b \u0434\u043b\u044f \u0445\u0440\u0430\u043d\u0435\u043d\u0438\u044f \u0442\u044e\u043a\u043e\u0432 \u0441\u0435\u043d\u0430<\/h2>\t\t\t\t<\/div>\n\t\t\t\t<\/div>\n\t\t<div class=\"elementor-element elementor-element-7952fdf e-flex e-con-boxed e-con e-child\" data-id=\"7952fdf\" data-element_type=\"container\" data-e-type=\"container\">\n\t\t\t\t\t<div class=\"e-con-inner\">\n\t\t<div class=\"elementor-element elementor-element-153f9bf e-flex e-con-boxed e-con e-child\" data-id=\"153f9bf\" data-element_type=\"container\" data-e-type=\"container\">\n\t\t\t\t\t<div class=\"e-con-inner\">\n\t\t\t\t<div class=\"elementor-element elementor-element-7124043 elementor-widget elementor-widget-text-editor\" data-id=\"7124043\" data-element_type=\"widget\" data-e-type=\"widget\" data-widget_type=\"text-editor.default\">\n\t\t\t\t<div class=\"elementor-widget-container\">\n\t\t\t\t\t\t\t\t\t\u0412\u044b \u0437\u0430\u043d\u0438\u043c\u0430\u0435\u0442\u0435\u0441\u044c \u0441\u0435\u043b\u044c\u0441\u043a\u0438\u043c \u0445\u043e\u0437\u044f\u0439\u0441\u0442\u0432\u043e\u043c \u0438 \u0436\u0438\u0432\u043e\u0442\u043d\u043e\u0432\u043e\u0434\u0441\u0442\u0432\u043e\u043c?\n\u0412\u044b \u043d\u0430\u0432\u0435\u0440\u043d\u044f\u043a\u0430 \u0441\u043e\u0433\u043b\u0430\u0441\u0438\u0442\u0435\u0441\u044c, \u0447\u0442\u043e \u0442\u044e\u043a\u0438 \u0441\u0435\u043d\u0430 \u043c\u043e\u0433\u0443\u0442 \u0441\u0442\u0430\u0442\u044c \u043d\u0430\u0441\u0442\u043e\u044f\u0449\u0435\u0439 \u043f\u0440\u043e\u0431\u043b\u0435\u043c\u043e\u0439, \u043a\u043e\u0433\u0434\u0430 \u043d\u0443\u0436\u043d\u043e \u043d\u0430\u0439\u0442\u0438 \u043c\u0435\u0441\u0442\u043e \u0434\u043b\u044f \u0438\u0445 \u0445\u0440\u0430\u043d\u0435\u043d\u0438\u044f.\n\u041e\u0431\u044b\u0447\u043d\u043e \u0438\u0445 \u0445\u0440\u0430\u043d\u044f\u0442 \u0432 \u0445\u043e\u0437\u044f\u0439\u0441\u0442\u0432\u0435\u043d\u043d\u044b\u0445 \u043f\u043e\u0441\u0442\u0440\u043e\u0439\u043a\u0430\u0445 \u0438\u043b\u0438 \u043d\u0430 \u043e\u0442\u043a\u0440\u044b\u0442\u043e\u043c \u0432\u043e\u0437\u0434\u0443\u0445\u0435, \u043d\u043e \u043a\u043e\u0433\u0434\u0430 \u043e\u0431\u044a\u0435\u043c \u043e\u0447\u0435\u043d\u044c \u0432\u0435\u043b\u0438\u043a, \u043c\u0435\u0441\u0442\u0430 \u0432 \u0441\u0443\u0449\u0435\u0441\u0442\u0432\u0443\u044e\u0449\u0438\u0445 \u043f\u043e\u043c\u0435\u0449\u0435\u043d\u0438\u044f\u0445 \u043d\u0435 \u0445\u0432\u0430\u0442\u0430\u0435\u0442, \u0430 \u0441\u0442\u0440\u043e\u0438\u0442\u0435\u043b\u044c\u0441\u0442\u0432\u043e \u043d\u043e\u0432\u044b\u0445 \u0437\u0434\u0430\u043d\u0438\u0439 \u043c\u043e\u0436\u0435\u0442 \u0432\u043b\u0435\u0442\u0435\u0442\u044c \u0432\u0430\u043c \u0432 \u043a\u043e\u043f\u0435\u0435\u0447\u043a\u0443.\n\u0421\u0435\u043d\u043d\u044b\u0435 \u0441\u0430\u0440\u0430\u0438 &#8211; \u043e\u0442\u043b\u0438\u0447\u043d\u0430\u044f \u0430\u043b\u044c\u0442\u0435\u0440\u043d\u0430\u0442\u0438\u0432\u0430 \u0434\u043b\u044f \u043a\u0440\u0430\u0442\u043a\u043e\u0441\u0440\u043e\u0447\u043d\u043e\u0433\u043e \u0438 \u0434\u043e\u043b\u0433\u043e\u0441\u0440\u043e\u0447\u043d\u043e\u0433\u043e \u0445\u0440\u0430\u043d\u0435\u043d\u0438\u044f \u043f\u0440\u0435\u0434\u043c\u0435\u0442\u043e\u0432, \u0432 \u0442\u043e\u043c \u0447\u0438\u0441\u043b\u0435 \u0442\u044e\u043a\u043e\u0432 \u0441\u0435\u043d\u0430.   \n\t\t\t\t\t\t\t\t<\/div>\n\t\t\t\t<\/div>\n\t\t\t\t\t<\/div>\n\t\t\t\t<\/div>\n\t\t<div class=\"elementor-element elementor-element-53c7a4a e-flex e-con-boxed e-con e-child\" data-id=\"53c7a4a\" data-element_type=\"container\" data-e-type=\"container\">\n\t\t\t\t\t<div class=\"e-con-inner\">\n\t\t\t\t<div class=\"elementor-element elementor-element-d89f8bf elementor-widget elementor-widget-text-editor\" data-id=\"d89f8bf\" data-element_type=\"widget\" data-e-type=\"widget\" data-widget_type=\"text-editor.default\">\n\t\t\t\t<div class=\"elementor-widget-container\">\n\t\t\t\t\t\t\t\t\t\u0421\u0430\u0440\u0430\u0438 \u0434\u043b\u044f \u0441\u0435\u043d\u0430 \u043f\u0440\u0438\u0432\u043b\u0435\u043a\u0430\u0442\u0435\u043b\u044c\u043d\u044b \u0442\u0435\u043c, \u0447\u0442\u043e \u043e\u043d\u0438 \u043c\u043e\u0431\u0438\u043b\u044c\u043d\u044b &#8211; \u0432\u044b \u043c\u043e\u0436\u0435\u0442\u0435 \u0441\u0430\u043c\u0438 \u0440\u0435\u0448\u0438\u0442\u044c, \u0433\u0434\u0435 \u0438\u0445 \u043f\u043e\u0441\u0442\u0430\u0432\u0438\u0442\u044c, \u0430 \u0435\u0441\u043b\u0438 \u043f\u0435\u0440\u0435\u0434\u0443\u043c\u0430\u0435\u0442\u0435, \u0442\u043e \u0441\u043c\u043e\u0436\u0435\u0442\u0435 \u043f\u0435\u0440\u0435\u043c\u0435\u0441\u0442\u0438\u0442\u044c \u0438\u0445 \u043e\u0447\u0435\u043d\u044c \u0431\u044b\u0441\u0442\u0440\u043e \u0438 \u043b\u0435\u0433\u043a\u043e.\n\u0422\u0435\u043d\u0442\u043e\u0432\u0430\u043d\u043d\u044b\u0435 \u043d\u0430\u0432\u0435\u0441\u044b \u0434\u043b\u044f \u0445\u0440\u0430\u043d\u0435\u043d\u0438\u044f \u043e\u0447\u0435\u043d\u044c \u0443\u0434\u043e\u0431\u043d\u044b \u0438\u0437-\u0437\u0430 \u043f\u0440\u043e\u0441\u0442\u043e\u0442\u044b \u0442\u0440\u0430\u043d\u0441\u043f\u043e\u0440\u0442\u0438\u0440\u043e\u0432\u043a\u0438 &#8211; \u0438\u0445 \u043c\u043e\u0436\u043d\u043e \u043f\u0435\u0440\u0435\u043c\u0435\u0449\u0430\u0442\u044c \u0441 \u043c\u0435\u0441\u0442\u0430 \u043d\u0430 \u043c\u0435\u0441\u0442\u043e \u0431\u0435\u0437 \u0438\u0441\u043f\u043e\u043b\u044c\u0437\u043e\u0432\u0430\u043d\u0438\u044f \u0441\u043f\u0435\u0446\u0438\u0430\u043b\u044c\u043d\u043e\u0439 \u0442\u0435\u0445\u043d\u0438\u043a\u0438 \u0438\u043b\u0438 \u0431\u043e\u043b\u044c\u0448\u043e\u0439 \u0431\u0440\u0438\u0433\u0430\u0434\u044b.\n\u041a\u0440\u043e\u043c\u0435 \u0442\u043e\u0433\u043e, \u0441\u0431\u043e\u0440\u043d\u044b\u0435 \u0430\u043d\u0433\u0430\u0440\u044b \u043d\u0435 \u0442\u0440\u0435\u0431\u0443\u044e\u0442 \u043e\u0441\u043e\u0431\u044b\u0445 \u0443\u0441\u043b\u043e\u0432\u0438\u0439 \u043d\u0430 \u0443\u0447\u0430\u0441\u0442\u043a\u0435.\n\u041e\u0434\u043d\u0438\u043c \u0438\u0437 \u0441\u0430\u043c\u044b\u0445 \u0432\u0430\u0436\u043d\u044b\u0445 \u043c\u043e\u043c\u0435\u043d\u0442\u043e\u0432 \u044f\u0432\u043b\u044f\u0435\u0442\u0441\u044f \u043d\u0430\u043b\u0438\u0447\u0438\u0435 \u0442\u0432\u0435\u0440\u0434\u043e\u0439 \u0438 \u0440\u043e\u0432\u043d\u043e\u0439 \u043f\u043e\u0432\u0435\u0440\u0445\u043d\u043e\u0441\u0442\u0438 \u0437\u0435\u043c\u043b\u0438, \u0447\u0442\u043e\u0431\u044b \u043a\u043e\u043d\u0441\u0442\u0440\u0443\u043a\u0446\u0438\u044f \u0430\u043d\u0433\u0430\u0440\u0430 \u0441\u0442\u043e\u044f\u043b\u0430 \u0443\u0441\u0442\u043e\u0439\u0447\u0438\u0432\u043e.\n\u041f\u043e\u044d\u0442\u043e\u043c\u0443 \u0430\u043d\u0433\u0430\u0440 \u043c\u043e\u0436\u043d\u043e \u0441\u043e\u0431\u0440\u0430\u0442\u044c \u043a\u0430\u043a \u0440\u044f\u0434\u043e\u043c \u0441 \u0434\u043e\u043c\u043e\u043c, \u0442\u0430\u043a \u0438 \u043d\u0430 \u0441\u0430\u043c\u043e\u043c \u043f\u0430\u0441\u0442\u0431\u0438\u0449\u0435, \u0447\u0442\u043e\u0431\u044b \u0431\u044b\u043b\u043e \u0443\u0434\u043e\u0431\u043d\u043e \u043f\u043e\u0434\u043d\u043e\u0441\u0438\u0442\u044c \u0442\u044e\u043a\u0438 \u0441\u0435\u043d\u0430 \u043a \u0436\u0438\u0432\u043e\u0442\u043d\u044b\u043c.    \n\t\t\t\t\t\t\t\t<\/div>\n\t\t\t\t<\/div>\n\t\t\t\t\t<\/div>\n\t\t\t\t<\/div>\n\t\t\t\t\t<\/div>\n\t\t\t\t<\/div>\n\t\t<div class=\"elementor-element elementor-element-6b14e2a e-flex e-con-boxed e-con e-child\" data-id=\"6b14e2a\" data-element_type=\"container\" data-e-type=\"container\">\n\t\t\t\t\t<div class=\"e-con-inner\">\n\t\t<div class=\"elementor-element elementor-element-3aea1a9 e-flex e-con-boxed e-con e-child\" data-id=\"3aea1a9\" data-element_type=\"container\" data-e-type=\"container\">\n\t\t\t\t\t<div class=\"e-con-inner\">\n\t\t\t\t<div class=\"elementor-element elementor-element-76d61c8 elementor-widget elementor-widget-image\" data-id=\"76d61c8\" data-element_type=\"widget\" data-e-type=\"widget\" data-widget_type=\"image.default\">\n\t\t\t\t<div class=\"elementor-widget-container\">\n\t\t\t\t\t\t\t\t\t\t\t\t\t\t\t<img fetchpriority=\"high\" decoding=\"async\" width=\"600\" height=\"600\" src=\"https:\/\/storex.lt\/wp-content\/uploads\/2023\/02\/storex-tentiniai-angarai-sieno-rulonams-1.jpg\" class=\"attachment-large size-large wp-image-2099\" alt=\"\" srcset=\"https:\/\/storex.lt\/wp-content\/uploads\/2023\/02\/storex-tentiniai-angarai-sieno-rulonams-1.jpg 600w, https:\/\/storex.lt\/wp-content\/uploads\/2023\/02\/storex-tentiniai-angarai-sieno-rulonams-1-400x400.jpg 400w, https:\/\/storex.lt\/wp-content\/uploads\/2023\/02\/storex-tentiniai-angarai-sieno-rulonams-1-300x300.jpg 300w, https:\/\/storex.lt\/wp-content\/uploads\/2023\/02\/storex-tentiniai-angarai-sieno-rulonams-1-100x100.jpg 100w, https:\/\/storex.lt\/wp-content\/uploads\/2023\/02\/storex-tentiniai-angarai-sieno-rulonams-1-50x50.jpg 50w\" sizes=\"(max-width: 600px) 100vw, 600px\" \/>\t\t\t\t\t\t\t\t\t\t\t\t\t\t\t<\/div>\n\t\t\t\t<\/div>\n\t\t\t\t\t<\/div>\n\t\t\t\t<\/div>\n\t\t<div class=\"elementor-element elementor-element-3f04446 e-flex e-con-boxed e-con e-child\" data-id=\"3f04446\" data-element_type=\"container\" data-e-type=\"container\">\n\t\t\t\t\t<div class=\"e-con-inner\">\n\t\t\t\t<div class=\"elementor-element elementor-element-ecf2edc elementor-widget elementor-widget-text-editor\" data-id=\"ecf2edc\" data-element_type=\"widget\" data-e-type=\"widget\" data-widget_type=\"text-editor.default\">\n\t\t\t\t<div class=\"elementor-widget-container\">\n\t\t\t\t\t\t\t\t\t\u0415\u0449\u0435 \u043e\u0434\u043d\u043e \u043f\u0440\u0435\u0438\u043c\u0443\u0449\u0435\u0441\u0442\u0432\u043e &#8211; \u0430\u043d\u0433\u0430\u0440\u044b \u0441\u043e\u0431\u0438\u0440\u0430\u044e\u0442\u0441\u044f \u043e\u0447\u0435\u043d\u044c \u0431\u044b\u0441\u0442\u0440\u043e \u0438 \u043d\u0435 \u0442\u0440\u0435\u0431\u0443\u044e\u0442 \u0441\u043f\u0435\u0446\u0438\u0430\u043b\u044c\u043d\u044b\u0445 \u043d\u0430\u0432\u044b\u043a\u043e\u0432 \u0438\u043b\u0438 \u0434\u043e\u043f\u043e\u043b\u043d\u0438\u0442\u0435\u043b\u044c\u043d\u043e\u0439 \u0431\u0440\u0438\u0433\u0430\u0434\u044b \u043b\u044e\u0434\u0435\u0439.\n\u041a\u0430\u043a \u043f\u0440\u0430\u0432\u0438\u043b\u043e, \u0430\u043d\u0433\u0430\u0440\u044b \u0434\u043b\u044f \u0441\u0435\u043d\u0430 \u0441\u043e\u0431\u0438\u0440\u0430\u044e\u0442\u0441\u044f \u0437\u0430 1-2 \u0434\u043d\u044f &#8211; \u0434\u043e 4 \u0434\u043d\u0435\u0439, \u0435\u0441\u043b\u0438 \u0441\u0431\u043e\u0440\u043a\u0443 \u043e\u0441\u0443\u0449\u0435\u0441\u0442\u0432\u043b\u044f\u0435\u0442 \u0441\u043f\u0435\u0446\u0438\u0430\u043b\u0438\u0437\u0438\u0440\u043e\u0432\u0430\u043d\u043d\u0430\u044f \u0431\u0440\u0438\u0433\u0430\u0434\u0430, \u0438 \u0434\u043e 4 \u0434\u043d\u0435\u0439, \u0435\u0441\u043b\u0438 \u0441\u0431\u043e\u0440\u043a\u0430 \u043e\u0441\u0443\u0449\u0435\u0441\u0442\u0432\u043b\u044f\u0435\u0442\u0441\u044f \u0441\u0430\u043c\u043e\u0441\u0442\u043e\u044f\u0442\u0435\u043b\u044c\u043d\u043e.\n\u0421\u043a\u043e\u0440\u043e\u0441\u0442\u044c \u0441\u0431\u043e\u0440\u043a\u0438 &#8211; \u043d\u0435\u043e\u0446\u0435\u043d\u0438\u043c\u043e\u0435 \u043f\u0440\u0435\u0438\u043c\u0443\u0449\u0435\u0441\u0442\u0432\u043e, \u0435\u0441\u043b\u0438 \u0432\u0430\u043c \u0441\u0440\u043e\u0447\u043d\u043e \u043d\u0443\u0436\u043d\u043e \u043c\u0435\u0441\u0442\u043e \u0434\u043b\u044f \u0445\u0440\u0430\u043d\u0435\u043d\u0438\u044f.\n\u0420\u0443\u043b\u043e\u043d\u044b \u0441\u0435\u043d\u0430 \u043c\u043e\u0433\u0443\u0442 \u0431\u044b\u0442\u044c \u043f\u043e\u0432\u0440\u0435\u0436\u0434\u0435\u043d\u044b \u0434\u043e\u0436\u0434\u0435\u043c \u0438\u043b\u0438 \u043d\u0435\u043e\u0436\u0438\u0434\u0430\u043d\u043d\u044b\u043c \u0441\u043d\u0435\u0433\u043e\u043c, \u043f\u043e\u044d\u0442\u043e\u043c\u0443 \u043d\u0430\u0432\u0435\u0441\u044b \u043c\u043e\u0433\u0443\u0442 \u0441\u0442\u0430\u0442\u044c \u0440\u0430\u0446\u0438\u043e\u043d\u0430\u043b\u044c\u043d\u044b\u043c \u0440\u0435\u0448\u0435\u043d\u0438\u0435\u043c.\n\u0421\u0442\u043e\u0438\u043c\u043e\u0441\u0442\u044c \u043d\u0430\u0432\u0435\u0441\u043e\u0432, \u043a\u043e\u043d\u0435\u0447\u043d\u043e, \u043d\u0435 \u0442\u0430\u043a\u0430\u044f, \u043a\u0430\u043a \u0441\u0442\u043e\u0438\u043c\u043e\u0441\u0442\u044c \u0441\u0442\u0440\u043e\u0438\u0442\u0435\u043b\u044c\u0441\u0442\u0432\u0430 \u043f\u0440\u0438\u0441\u0442\u0440\u043e\u0439\u043a\u0438.\n\u0412\u044b \u043d\u0430\u0432\u0435\u0440\u043d\u044f\u043a\u0430 \u0441\u043e\u0433\u043b\u0430\u0441\u0438\u0442\u0435\u0441\u044c, \u0447\u0442\u043e \u043d\u0430 \u0432\u043e\u0437\u0432\u0435\u0434\u0435\u043d\u0438\u0435 \u043d\u043e\u0432\u043e\u0439 \u043f\u0440\u0438\u0441\u0442\u0440\u043e\u0439\u043a\u0438 \u043f\u0440\u0438\u0434\u0435\u0442\u0441\u044f \u043f\u043e\u0442\u0440\u0430\u0442\u0438\u0442\u044c \u043d\u0435\u043c\u0430\u043b\u0443\u044e \u0441\u0443\u043c\u043c\u0443 &#8211; \u0441\u0442\u043e\u0438\u043c\u043e\u0441\u0442\u044c \u0441\u0442\u0440\u043e\u0439\u043c\u0430\u0442\u0435\u0440\u0438\u0430\u043b\u043e\u0432 \u0438 \u0441\u0430\u043c\u043e\u0433\u043e \u043f\u0440\u043e\u0446\u0435\u0441\u0441\u0430 \u0440\u0430\u0431\u043e\u0442\u044b \u0434\u043e\u0432\u043e\u043b\u044c\u043d\u043e \u0432\u044b\u0441\u043e\u043a\u0430, \u0430 \u0437\u0430\u0442\u044f\u043d\u0443\u0432\u0448\u0435\u0435\u0441\u044f \u0441\u0442\u0440\u043e\u0438\u0442\u0435\u043b\u044c\u0441\u0442\u0432\u043e \u043c\u043e\u0436\u0435\u0442 \u043e\u0431\u0435\u0440\u043d\u0443\u0442\u044c\u0441\u044f \u0434\u043e\u043f\u043e\u043b\u043d\u0438\u0442\u0435\u043b\u044c\u043d\u044b\u043c\u0438 \u0445\u043b\u043e\u043f\u043e\u0442\u0430\u043c\u0438.     \n\t\t\t\t\t\t\t\t<\/div>\n\t\t\t\t<\/div>\n\t\t\t\t\t<\/div>\n\t\t\t\t<\/div>\n\t\t\t\t\t<\/div>\n\t\t\t\t<\/div>\n\t\t\t\t<\/div>\n\t\t\t\t\t<\/div>\n\t\t\t\t<\/div>\n\t\t\t\t<\/div>\n\t\t","protected":false},"excerpt":{"rendered":"<p>\u0421\u0442\u0430\u0442\u044c\u0438 Apie tentinius angarus Tentiniai angarai &#8211; sandeliai Tentiniai angarai gyvuliams Tentiniai angarai renginiams Tentiniai angarai \u0161ieno rulonams Tentiniai angarai sporto manie\u017eams Tentiniai gara\u017eai Tentiniai pavilijonai Tentiniai vartai \u0422\u0435\u043d\u0442\u043e\u0432\u044b\u0435 \u0430\u043d\u0433\u0430\u0440\u044b \u0434\u043b\u044f \u0445\u0440\u0430\u043d\u0435\u043d\u0438\u044f \u0442\u044e\u043a\u043e\u0432 \u0441\u0435\u043d\u0430 \u0412\u044b \u0437\u0430\u043d\u0438\u043c\u0430\u0435\u0442\u0435\u0441\u044c \u0441\u0435\u043b\u044c\u0441\u043a\u0438\u043c \u0445\u043e\u0437\u044f\u0439\u0441\u0442\u0432\u043e\u043c \u0438 \u0436\u0438\u0432\u043e\u0442\u043d\u043e\u0432\u043e\u0434\u0441\u0442\u0432\u043e\u043c? \u0412\u044b \u043d\u0430\u0432\u0435\u0440\u043d\u044f\u043a\u0430 \u0441\u043e\u0433\u043b\u0430\u0441\u0438\u0442\u0435\u0441\u044c, \u0447\u0442\u043e \u0442\u044e\u043a\u0438 \u0441\u0435\u043d\u0430 \u043c\u043e\u0433\u0443\u0442 \u0441\u0442\u0430\u0442\u044c \u043d\u0430\u0441\u0442\u043e\u044f\u0449\u0435\u0439 \u043f\u0440\u043e\u0431\u043b\u0435\u043c\u043e\u0439, \u043a\u043e\u0433\u0434\u0430 \u043d\u0443\u0436\u043d\u043e \u043d\u0430\u0439\u0442\u0438 \u043c\u0435\u0441\u0442\u043e \u0434\u043b\u044f [&hellip;]<\/p>\n","protected":false},"author":3,"featured_media":0,"parent":0,"menu_order":0,"comment_status":"closed","ping_status":"closed","template":"elementor_theme","meta":{"_acf_changed":false,"_seopress_robots_primary_cat":"","_seopress_titles_title":"","_seopress_titles_desc":"","_seopress_robots_index":"","footnotes":""},"class_list":["post-7164","page","type-page","status-publish","hentry"],"acf":[],"_links":{"self":[{"href":"https:\/\/storex.lt\/ru\/wp-json\/wp\/v2\/pages\/7164","targetHints":{"allow":["GET"]}}],"collection":[{"href":"https:\/\/storex.lt\/ru\/wp-json\/wp\/v2\/pages"}],"about":[{"href":"https:\/\/storex.lt\/ru\/wp-json\/wp\/v2\/types\/page"}],"author":[{"embeddable":true,"href":"https:\/\/storex.lt\/ru\/wp-json\/wp\/v2\/users\/3"}],"replies":[{"embeddable":true,"href":"https:\/\/storex.lt\/ru\/wp-json\/wp\/v2\/comments?post=7164"}],"version-history":[{"count":2,"href":"https:\/\/storex.lt\/ru\/wp-json\/wp\/v2\/pages\/7164\/revisions"}],"predecessor-version":[{"id":8348,"href":"https:\/\/storex.lt\/ru\/wp-json\/wp\/v2\/pages\/7164\/revisions\/8348"}],"wp:attachment":[{"href":"https:\/\/storex.lt\/ru\/wp-json\/wp\/v2\/media?parent=7164"}],"curies":[{"name":"wp","href":"https:\/\/api.w.org\/{rel}","templated":true}]}}