{"id":7166,"date":"2023-02-09T12:37:53","date_gmt":"2023-02-09T12:37:53","guid":{"rendered":"https:\/\/storex.lt\/%d1%82%d0%b5%d0%bd%d1%82%d0%be%d0%b2%d1%8b%d0%b5-%d0%b0%d0%bd%d0%b3%d0%b0%d1%80%d1%8b-%d0%b4%d0%bb%d1%8f-%d1%81%d0%bf%d0%be%d1%80%d1%82%d0%b8%d0%b2%d0%bd%d1%8b%d1%85-%d0%b0%d1%80%d0%b5%d0%bd\/"},"modified":"2024-03-27T14:36:51","modified_gmt":"2024-03-27T14:36:51","slug":"%d1%82%d0%b5%d0%bd%d1%82%d0%be%d0%b2%d1%8b%d0%b5-%d0%b0%d0%bd%d0%b3%d0%b0%d1%80%d1%8b-%d0%b4%d0%bb%d1%8f-%d1%81%d0%bf%d0%be%d1%80%d1%82%d0%b8%d0%b2%d0%bd%d1%8b%d1%85-%d0%b0%d1%80%d0%b5%d0%bd","status":"publish","type":"page","link":"https:\/\/storex.lt\/ru\/%d1%82%d0%b5%d0%bd%d1%82%d0%be%d0%b2%d1%8b%d0%b5-%d0%b0%d0%bd%d0%b3%d0%b0%d1%80%d1%8b-%d0%b4%d0%bb%d1%8f-%d1%81%d0%bf%d0%be%d1%80%d1%82%d0%b8%d0%b2%d0%bd%d1%8b%d1%85-%d0%b0%d1%80%d0%b5%d0%bd\/","title":{"rendered":"\u0422\u0435\u043d\u0442\u043e\u0432\u044b\u0435 \u0430\u043d\u0433\u0430\u0440\u044b \u0434\u043b\u044f \u0441\u043f\u043e\u0440\u0442\u0438\u0432\u043d\u044b\u0445 \u0430\u0440\u0435\u043d"},"content":{"rendered":"\t\t<div data-elementor-type=\"wp-page\" data-elementor-id=\"7166\" class=\"elementor elementor-7166 elementor-1948\" data-elementor-post-type=\"page\">\n\t\t\t\t<div class=\"elementor-element elementor-element-98e7de8 e-flex e-con-boxed e-con e-parent\" data-id=\"98e7de8\" data-element_type=\"container\" data-e-type=\"container\" data-settings=\"{&quot;background_background&quot;:&quot;classic&quot;}\">\n\t\t\t\t\t<div class=\"e-con-inner\">\n\t\t\t\t\t<\/div>\n\t\t\t\t<\/div>\n\t\t<div class=\"elementor-element elementor-element-02a01bd e-flex e-con-boxed e-con e-parent\" data-id=\"02a01bd\" data-element_type=\"container\" data-e-type=\"container\">\n\t\t\t\t\t<div class=\"e-con-inner\">\n\t\t<div class=\"elementor-element elementor-element-67cd2f4 e-con-full e-flex e-con e-child\" data-id=\"67cd2f4\" data-element_type=\"container\" data-e-type=\"container\">\n\t\t\t\t<div class=\"elementor-element elementor-element-608eee0 elementor-widget elementor-widget-heading\" data-id=\"608eee0\" data-element_type=\"widget\" data-e-type=\"widget\" data-widget_type=\"heading.default\">\n\t\t\t\t<div class=\"elementor-widget-container\">\n\t\t\t\t\t<h2 class=\"elementor-heading-title elementor-size-default\">\u0421\u0442\u0430\u0442\u044c\u0438<\/h2>\t\t\t\t<\/div>\n\t\t\t\t<\/div>\n\t\t\t\t<div class=\"elementor-element elementor-element-153fba5 elementor-icon-list--layout-traditional elementor-list-item-link-full_width elementor-widget elementor-widget-global elementor-global-8295 elementor-global-8284 elementor-widget-icon-list\" data-id=\"153fba5\" data-element_type=\"widget\" data-e-type=\"widget\" data-widget_type=\"icon-list.default\">\n\t\t\t\t<div class=\"elementor-widget-container\">\n\t\t\t\t\t\t\t<ul class=\"elementor-icon-list-items\">\n\t\t\t\t\t\t\t<li class=\"elementor-icon-list-item\">\n\t\t\t\t\t\t\t\t\t\t\t<a href=\"https:\/\/storex.lt\/apie-tentinius-angarus\/\">\n\n\t\t\t\t\t\t\t\t\t\t\t\t<span class=\"elementor-icon-list-icon\">\n\t\t\t\t\t\t\t<svg xmlns=\"http:\/\/www.w3.org\/2000\/svg\" width=\"10\" height=\"19\" viewBox=\"0 0 10 19\"><g id=\"Group_192\" data-name=\"Group 192\" transform=\"translate(10) rotate(90)\"><path id=\"Path_38\" data-name=\"Path 38\" d=\"M19,10H0L9.5,0Z\" fill=\"#ed1e24\"><\/path><\/g><\/svg>\t\t\t\t\t\t<\/span>\n\t\t\t\t\t\t\t\t\t\t<span class=\"elementor-icon-list-text\">\u041e \u0442\u0435\u043d\u0442\u043e\u0432\u044b\u0445 \u0430\u043d\u0433\u0430\u0440\u0430\u0445<\/span>\n\t\t\t\t\t\t\t\t\t\t\t<\/a>\n\t\t\t\t\t\t\t\t\t<\/li>\n\t\t\t\t\t\t\t\t<li class=\"elementor-icon-list-item\">\n\t\t\t\t\t\t\t\t\t\t\t<a href=\"https:\/\/storex.lt\/tentiniai-angarai-sandeliai\/\">\n\n\t\t\t\t\t\t\t\t\t\t\t\t<span class=\"elementor-icon-list-icon\">\n\t\t\t\t\t\t\t<svg xmlns=\"http:\/\/www.w3.org\/2000\/svg\" width=\"10\" height=\"19\" viewBox=\"0 0 10 19\"><g id=\"Group_192\" data-name=\"Group 192\" transform=\"translate(10) rotate(90)\"><path id=\"Path_38\" data-name=\"Path 38\" d=\"M19,10H0L9.5,0Z\" fill=\"#ed1e24\"><\/path><\/g><\/svg>\t\t\t\t\t\t<\/span>\n\t\t\t\t\t\t\t\t\t\t<span class=\"elementor-icon-list-text\">\u0422\u0435\u043d\u0442\u043e\u0432\u044b\u0435 \u0430\u043d\u0433\u0430\u0440\u044b \u2013 \u0441\u043a\u043b\u0430\u0434\u044b<\/span>\n\t\t\t\t\t\t\t\t\t\t\t<\/a>\n\t\t\t\t\t\t\t\t\t<\/li>\n\t\t\t\t\t\t\t\t<li class=\"elementor-icon-list-item\">\n\t\t\t\t\t\t\t\t\t\t\t<a href=\"https:\/\/storex.lt\/tentiniai-angarai-gyvuliams\/\">\n\n\t\t\t\t\t\t\t\t\t\t\t\t<span class=\"elementor-icon-list-icon\">\n\t\t\t\t\t\t\t<svg xmlns=\"http:\/\/www.w3.org\/2000\/svg\" width=\"10\" height=\"19\" viewBox=\"0 0 10 19\"><g id=\"Group_192\" data-name=\"Group 192\" transform=\"translate(10) rotate(90)\"><path id=\"Path_38\" data-name=\"Path 38\" d=\"M19,10H0L9.5,0Z\" fill=\"#ed1e24\"><\/path><\/g><\/svg>\t\t\t\t\t\t<\/span>\n\t\t\t\t\t\t\t\t\t\t<span class=\"elementor-icon-list-text\">\u0422\u0435\u043d\u0442\u043e\u0432\u044b\u0435 \u0430\u043d\u0433\u0430\u0440\u044b \u0434\u043b\u044f \u0436\u0438\u0432\u043e\u0442\u043d\u044b\u0445 <\/span>\n\t\t\t\t\t\t\t\t\t\t\t<\/a>\n\t\t\t\t\t\t\t\t\t<\/li>\n\t\t\t\t\t\t\t\t<li class=\"elementor-icon-list-item\">\n\t\t\t\t\t\t\t\t\t\t\t<a href=\"https:\/\/storex.lt\/tentiniai-angarai-renginiams\/\">\n\n\t\t\t\t\t\t\t\t\t\t\t\t<span class=\"elementor-icon-list-icon\">\n\t\t\t\t\t\t\t<svg xmlns=\"http:\/\/www.w3.org\/2000\/svg\" width=\"10\" height=\"19\" viewBox=\"0 0 10 19\"><g id=\"Group_192\" data-name=\"Group 192\" transform=\"translate(10) rotate(90)\"><path id=\"Path_38\" data-name=\"Path 38\" d=\"M19,10H0L9.5,0Z\" fill=\"#ed1e24\"><\/path><\/g><\/svg>\t\t\t\t\t\t<\/span>\n\t\t\t\t\t\t\t\t\t\t<span class=\"elementor-icon-list-text\">\u0422\u0435\u043d\u0442\u043e\u0432\u044b\u0435 \u0430\u043d\u0433\u0430\u0440\u044b \u0434\u043b\u044f \u043c\u0435\u0440\u043e\u043f\u0440\u0438\u044f\u0442\u0438\u0439<\/span>\n\t\t\t\t\t\t\t\t\t\t\t<\/a>\n\t\t\t\t\t\t\t\t\t<\/li>\n\t\t\t\t\t\t\t\t<li class=\"elementor-icon-list-item\">\n\t\t\t\t\t\t\t\t\t\t\t<a href=\"https:\/\/storex.lt\/tentiniai-angarai-sieno-rulonams\/\">\n\n\t\t\t\t\t\t\t\t\t\t\t\t<span class=\"elementor-icon-list-icon\">\n\t\t\t\t\t\t\t<svg xmlns=\"http:\/\/www.w3.org\/2000\/svg\" width=\"10\" height=\"19\" viewBox=\"0 0 10 19\"><g id=\"Group_192\" data-name=\"Group 192\" transform=\"translate(10) rotate(90)\"><path id=\"Path_38\" data-name=\"Path 38\" d=\"M19,10H0L9.5,0Z\" fill=\"#ed1e24\"><\/path><\/g><\/svg>\t\t\t\t\t\t<\/span>\n\t\t\t\t\t\t\t\t\t\t<span class=\"elementor-icon-list-text\">\u0422\u0435\u043d\u0442\u043e\u0432\u044b\u0435 \u0430\u043d\u0433\u0430\u0440\u044b \u0434\u043b\u044f \u0445\u0440\u0430\u043d\u0435\u043d\u0438\u044f \u0442\u044e\u043a\u043e\u0432 \u0441\u0435\u043d\u0430<\/span>\n\t\t\t\t\t\t\t\t\t\t\t<\/a>\n\t\t\t\t\t\t\t\t\t<\/li>\n\t\t\t\t\t\t\t\t<li class=\"elementor-icon-list-item\">\n\t\t\t\t\t\t\t\t\t\t\t<a href=\"https:\/\/storex.lt\/tentiniai-angarai-sporto-maniezams\/\">\n\n\t\t\t\t\t\t\t\t\t\t\t\t<span class=\"elementor-icon-list-icon\">\n\t\t\t\t\t\t\t<svg xmlns=\"http:\/\/www.w3.org\/2000\/svg\" width=\"10\" height=\"19\" viewBox=\"0 0 10 19\"><g id=\"Group_192\" data-name=\"Group 192\" transform=\"translate(10) rotate(90)\"><path id=\"Path_38\" data-name=\"Path 38\" d=\"M19,10H0L9.5,0Z\" fill=\"#ed1e24\"><\/path><\/g><\/svg>\t\t\t\t\t\t<\/span>\n\t\t\t\t\t\t\t\t\t\t<span class=\"elementor-icon-list-text\">\u0422\u0435\u043d\u0442\u043e\u0432\u044b\u0435 \u0430\u043d\u0433\u0430\u0440\u044b \u0434\u043b\u044f \u0441\u043f\u043e\u0440\u0442\u0438\u0432\u043d\u044b\u0445 \u0430\u0440\u0435\u043d<\/span>\n\t\t\t\t\t\t\t\t\t\t\t<\/a>\n\t\t\t\t\t\t\t\t\t<\/li>\n\t\t\t\t\t\t\t\t<li class=\"elementor-icon-list-item\">\n\t\t\t\t\t\t\t\t\t\t\t<a href=\"https:\/\/storex.lt\/tentiniai-garazai\/\">\n\n\t\t\t\t\t\t\t\t\t\t\t\t<span class=\"elementor-icon-list-icon\">\n\t\t\t\t\t\t\t<svg xmlns=\"http:\/\/www.w3.org\/2000\/svg\" width=\"10\" height=\"19\" viewBox=\"0 0 10 19\"><g id=\"Group_192\" data-name=\"Group 192\" transform=\"translate(10) rotate(90)\"><path id=\"Path_38\" data-name=\"Path 38\" d=\"M19,10H0L9.5,0Z\" fill=\"#ed1e24\"><\/path><\/g><\/svg>\t\t\t\t\t\t<\/span>\n\t\t\t\t\t\t\t\t\t\t<span class=\"elementor-icon-list-text\">\u0422\u0435\u043d\u0442\u043e\u0432\u044b\u0435 \u0433\u0430\u0440\u0430\u0436\u044b<\/span>\n\t\t\t\t\t\t\t\t\t\t\t<\/a>\n\t\t\t\t\t\t\t\t\t<\/li>\n\t\t\t\t\t\t\t\t<li class=\"elementor-icon-list-item\">\n\t\t\t\t\t\t\t\t\t\t\t<a href=\"https:\/\/storex.lt\/tentiniai-pavilijonai\/\">\n\n\t\t\t\t\t\t\t\t\t\t\t\t<span class=\"elementor-icon-list-icon\">\n\t\t\t\t\t\t\t<svg xmlns=\"http:\/\/www.w3.org\/2000\/svg\" width=\"10\" height=\"19\" viewBox=\"0 0 10 19\"><g id=\"Group_192\" data-name=\"Group 192\" transform=\"translate(10) rotate(90)\"><path id=\"Path_38\" data-name=\"Path 38\" d=\"M19,10H0L9.5,0Z\" fill=\"#ed1e24\"><\/path><\/g><\/svg>\t\t\t\t\t\t<\/span>\n\t\t\t\t\t\t\t\t\t\t<span class=\"elementor-icon-list-text\">\u0422\u0435\u043d\u0442\u043e\u0432\u044b\u0435 \u043f\u0430\u0432\u0438\u043b\u044c\u043e\u043d\u044b<\/span>\n\t\t\t\t\t\t\t\t\t\t\t<\/a>\n\t\t\t\t\t\t\t\t\t<\/li>\n\t\t\t\t\t\t\t\t<li class=\"elementor-icon-list-item\">\n\t\t\t\t\t\t\t\t\t\t\t<a href=\"https:\/\/storex.lt\/tentiniai-vartai\/\">\n\n\t\t\t\t\t\t\t\t\t\t\t\t<span class=\"elementor-icon-list-icon\">\n\t\t\t\t\t\t\t<svg xmlns=\"http:\/\/www.w3.org\/2000\/svg\" width=\"10\" height=\"19\" viewBox=\"0 0 10 19\"><g id=\"Group_192\" data-name=\"Group 192\" transform=\"translate(10) rotate(90)\"><path id=\"Path_38\" data-name=\"Path 38\" d=\"M19,10H0L9.5,0Z\" fill=\"#ed1e24\"><\/path><\/g><\/svg>\t\t\t\t\t\t<\/span>\n\t\t\t\t\t\t\t\t\t\t<span class=\"elementor-icon-list-text\">\u0422\u0435\u043d\u0442\u043e\u0432\u044b\u0435 \u0432\u043e\u0440\u043e\u0442\u0430<\/span>\n\t\t\t\t\t\t\t\t\t\t\t<\/a>\n\t\t\t\t\t\t\t\t\t<\/li>\n\t\t\t\t\t\t<\/ul>\n\t\t\t\t\t\t<\/div>\n\t\t\t\t<\/div>\n\t\t\t\t<\/div>\n\t\t<div class=\"elementor-element elementor-element-1d89dda e-con-full e-flex e-con e-child\" data-id=\"1d89dda\" data-element_type=\"container\" data-e-type=\"container\">\n\t\t<div class=\"elementor-element elementor-element-991474d e-flex e-con-boxed e-con e-child\" data-id=\"991474d\" data-element_type=\"container\" data-e-type=\"container\">\n\t\t\t\t\t<div class=\"e-con-inner\">\n\t\t<div class=\"elementor-element elementor-element-109829a e-flex e-con-boxed e-con e-child\" data-id=\"109829a\" data-element_type=\"container\" data-e-type=\"container\">\n\t\t\t\t\t<div class=\"e-con-inner\">\n\t\t\t\t<div class=\"elementor-element elementor-element-d4e16cf elementor-widget elementor-widget-heading\" data-id=\"d4e16cf\" data-element_type=\"widget\" data-e-type=\"widget\" data-widget_type=\"heading.default\">\n\t\t\t\t<div class=\"elementor-widget-container\">\n\t\t\t\t\t<h2 class=\"elementor-heading-title elementor-size-default\">\u0422\u0435\u043d\u0442\u043e\u0432\u044b\u0435 \u0430\u043d\u0433\u0430\u0440\u044b \u0434\u043b\u044f \u0441\u043f\u043e\u0440\u0442\u0438\u0432\u043d\u044b\u0445 \u0430\u0440\u0435\u043d<\/h2>\t\t\t\t<\/div>\n\t\t\t\t<\/div>\n\t\t\t\t<div class=\"elementor-element elementor-element-fedef6e elementor-widget elementor-widget-text-editor\" data-id=\"fedef6e\" data-element_type=\"widget\" data-e-type=\"widget\" data-widget_type=\"text-editor.default\">\n\t\t\t\t<div class=\"elementor-widget-container\">\n\t\t\t\t\t\t\t\t\t\u0422\u0435\u043d\u0442\u043e\u0432\u044b\u0435 \u0441\u043f\u043e\u0440\u0442\u0438\u0432\u043d\u044b\u0435 \u0443\u043a\u0440\u044b\u0442\u0438\u044f &#8211; \u044d\u0442\u043e \u043e\u0447\u0435\u043d\u044c \u043f\u0440\u0430\u043a\u0442\u0438\u0447\u043d\u043e\u0435 \u0438 \u0443\u0434\u043e\u0431\u043d\u043e\u0435 \u0440\u0435\u0448\u0435\u043d\u0438\u0435 \u0434\u043b\u044f \u0442\u0435\u0445 \u0441\u043b\u0443\u0447\u0430\u0435\u0432, \u043a\u043e\u0433\u0434\u0430 \u043d\u0435\u043e\u0431\u0445\u043e\u0434\u0438\u043c\u043e \u0437\u0430\u0449\u0438\u0442\u0438\u0442\u044c\u0441\u044f \u043e\u0442 \u043d\u0435\u043f\u043e\u0433\u043e\u0434\u044b.\n\u0417\u0430\u0447\u0430\u0441\u0442\u0443\u044e \u0441\u043f\u043e\u0440\u0442\u0438\u0432\u043d\u044b\u0435 \u0441\u043e\u0440\u0435\u0432\u043d\u043e\u0432\u0430\u043d\u0438\u044f \u0438\u043b\u0438 \u0434\u0440\u0443\u0433\u0438\u0435 \u0441\u043f\u043e\u0440\u0442\u0438\u0432\u043d\u044b\u0435 \u043c\u0435\u0440\u043e\u043f\u0440\u0438\u044f\u0442\u0438\u044f \u043f\u043b\u0430\u043d\u0438\u0440\u0443\u044e\u0442\u0441\u044f \u0437\u0430\u0434\u043e\u043b\u0433\u043e \u0434\u043e \u043d\u0430\u0447\u0430\u043b\u0430, \u043f\u043e\u044d\u0442\u043e\u043c\u0443 \u0431\u044b\u0432\u0430\u0435\u0442 \u043e\u0447\u0435\u043d\u044c \u0441\u043b\u043e\u0436\u043d\u043e \u043f\u0440\u0435\u0434\u0443\u0433\u0430\u0434\u0430\u0442\u044c \u043f\u043e\u0433\u043e\u0434\u043d\u044b\u0435 \u0443\u0441\u043b\u043e\u0432\u0438\u044f, \u0431\u0443\u0434\u044c \u0442\u043e \u0441\u0438\u043b\u044c\u043d\u044b\u0439 \u0434\u043e\u0436\u0434\u044c \u0438\u043b\u0438 \u0441\u043d\u0435\u0433.\n\u0421\u043f\u043e\u0440\u0442\u0438\u0432\u043d\u044b\u0435 \u043c\u0435\u0440\u043e\u043f\u0440\u0438\u044f\u0442\u0438\u044f \u0447\u0430\u0441\u0442\u043e \u043f\u0440\u043e\u0432\u043e\u0434\u044f\u0442\u0441\u044f \u043d\u0430 \u043e\u0442\u043a\u0440\u044b\u0442\u044b\u0445 \u043f\u043b\u043e\u0449\u0430\u0434\u043a\u0430\u0445, \u043d\u043e \u0435\u0449\u0435 \u0447\u0430\u0449\u0435 \u043e\u043d\u0438 \u043c\u043e\u0433\u0443\u0442 \u043f\u0440\u043e\u0432\u043e\u0434\u0438\u0442\u044c\u0441\u044f \u043d\u0430 \u0441\u043f\u043e\u0440\u0442\u0438\u0432\u043d\u044b\u0445 \u0430\u0440\u0435\u043d\u0430\u0445.\n\u041d\u0430\u0439\u0442\u0438 \u043c\u0435\u0441\u0442\u043e \u0434\u043b\u044f \u0441\u043f\u043e\u0440\u0442\u0438\u0432\u043d\u043e\u0439 \u0430\u0440\u0435\u043d\u044b \u0438\u043d\u043e\u0433\u0434\u0430 \u0431\u044b\u0432\u0430\u0435\u0442 \u043e\u0447\u0435\u043d\u044c \u0441\u043b\u043e\u0436\u043d\u043e, \u043a \u0442\u043e\u043c\u0443 \u0436\u0435 \u043d\u0430 \u044d\u0442\u043e \u0432\u0440\u0435\u043c\u044f \u043c\u043e\u0433\u0443\u0442 \u0431\u044b\u0442\u044c \u0437\u0430\u043f\u043b\u0430\u043d\u0438\u0440\u043e\u0432\u0430\u043d\u044b \u0434\u0440\u0443\u0433\u0438\u0435 \u043c\u0435\u0440\u043e\u043f\u0440\u0438\u044f\u0442\u0438\u044f, \u0438\u043b\u0438 \u043d\u0430 \u043d\u0438\u0445 \u043c\u043e\u0436\u0435\u0442 \u043f\u043e\u0442\u0440\u0435\u0431\u043e\u0432\u0430\u0442\u044c\u0441\u044f \u0431\u043e\u043b\u044c\u0448\u0435 \u0434\u0435\u043d\u0435\u0433, \u0447\u0435\u043c \u043f\u0440\u0435\u0434\u0443\u0441\u043c\u043e\u0442\u0440\u0435\u043d\u043e \u0431\u044e\u0434\u0436\u0435\u0442\u043e\u043c \u043c\u0435\u0440\u043e\u043f\u0440\u0438\u044f\u0442\u0438\u044f.\n\u041f\u043e\u044d\u0442\u043e\u043c\u0443 \u0441\u0431\u043e\u0440\u043d\u044b\u0435 \u0430\u043d\u0433\u0430\u0440\u044b \u0438\u043d\u043e\u0433\u0434\u0430 \u043c\u043e\u0433\u0443\u0442 \u0431\u044b\u0442\u044c \u043e\u0447\u0435\u043d\u044c \u0440\u0430\u0446\u0438\u043e\u043d\u0430\u043b\u044c\u043d\u044b\u043c \u0440\u0435\u0448\u0435\u043d\u0438\u0435\u043c.    \n\t\t\t\t\t\t\t\t<\/div>\n\t\t\t\t<\/div>\n\t\t\t\t\t<\/div>\n\t\t\t\t<\/div>\n\t\t<div class=\"elementor-element elementor-element-2dcfaf8 e-flex e-con-boxed e-con e-child\" data-id=\"2dcfaf8\" data-element_type=\"container\" data-e-type=\"container\">\n\t\t\t\t\t<div class=\"e-con-inner\">\n\t\t\t\t<div class=\"elementor-element elementor-element-577d570 elementor-widget elementor-widget-text-editor\" data-id=\"577d570\" data-element_type=\"widget\" data-e-type=\"widget\" data-widget_type=\"text-editor.default\">\n\t\t\t\t<div class=\"elementor-widget-container\">\n\t\t\t\t\t\t\t\t\t<p>\u0422\u0435\u043d\u0442\u043e\u0432\u044b\u0435 \u0430\u043d\u0433\u0430\u0440\u044b \u043e\u0441\u043e\u0431\u0435\u043d\u043d\u043e \u0445\u043e\u0440\u043e\u0448\u043e \u043f\u043e\u0434\u0445\u043e\u0434\u044f\u0442 \u0434\u043b\u044f \u0441\u043f\u043e\u0440\u0442\u0438\u0432\u043d\u044b\u0445 \u0430\u0440\u0435\u043d.<br \/>\n\u041e\u0434\u043d\u0430\u043a\u043e \u043f\u0435\u0440\u0435\u0434 \u043f\u043e\u043a\u0443\u043f\u043a\u043e\u0439 \u0438\u043b\u0438 \u0430\u0440\u0435\u043d\u0434\u043e\u0439 \u0430\u043d\u0433\u0430\u0440\u0430 \u0440\u0435\u043a\u043e\u043c\u0435\u043d\u0434\u0443\u0435\u0442\u0441\u044f \u043f\u0440\u043e\u043a\u043e\u043d\u0441\u0443\u043b\u044c\u0442\u0438\u0440\u043e\u0432\u0430\u0442\u044c\u0441\u044f \u0441 \u0441\u043e\u043e\u0442\u0432\u0435\u0442\u0441\u0442\u0432\u0443\u044e\u0449\u0438\u043c\u0438 \u0441\u043f\u0435\u0446\u0438\u0430\u043b\u0438\u0441\u0442\u0430\u043c\u0438 \u043f\u043e \u0442\u043e\u043c\u0443 \u0432\u0438\u0434\u0443 \u0441\u043f\u043e\u0440\u0442\u0430, \u043a\u043e\u0442\u043e\u0440\u044b\u043c \u0432\u044b \u0441\u043e\u0431\u0438\u0440\u0430\u0435\u0442\u0435\u0441\u044c \u0437\u0430\u043d\u0438\u043c\u0430\u0442\u044c\u0441\u044f.<br \/>\n\u041f\u043e\u0441\u043a\u043e\u043b\u044c\u043a\u0443 \u0440\u0430\u0437\u043c\u0435\u0440\u044b \u0430\u043d\u0433\u0430\u0440\u043e\u0432 \u043e\u0433\u0440\u0430\u043d\u0438\u0447\u0435\u043d\u044b, \u0441\u0431\u043e\u0440\u043d\u044b\u0435 \u0430\u043d\u0433\u0430\u0440\u044b \u043c\u043e\u0433\u0443\u0442 \u043f\u043e\u0434\u043e\u0439\u0442\u0438 \u043d\u0435 \u0434\u043b\u044f \u0432\u0441\u0435\u0445 \u0432\u0438\u0434\u043e\u0432 \u0441\u043f\u043e\u0440\u0442\u0430, \u0430 \u0442\u043e\u043b\u044c\u043a\u043e \u0434\u043b\u044f \u0442\u0435\u0445, \u043a\u043e\u0442\u043e\u0440\u044b\u0435 \u0442\u0440\u0435\u0431\u0443\u044e\u0442 \u043d\u0435\u0431\u043e\u043b\u044c\u0448\u0438\u0445 \u043f\u043b\u043e\u0449\u0430\u0434\u0435\u0439.<br \/>\n\u041d\u0430\u043f\u0440\u0438\u043c\u0435\u0440, \u0444\u0443\u0442\u0431\u043e\u043b\u044c\u043d\u044b\u0435 \u043f\u043e\u043b\u044f \u0438\u043b\u0438 \u0442\u0435\u043d\u043d\u0438\u0441\u043d\u044b\u0435 \u043a\u043e\u0440\u0442\u044b \u043d\u0435 \u043f\u043e\u0434\u0445\u043e\u0434\u044f\u0442 \u0434\u043b\u044f \u0430\u043d\u0433\u0430\u0440\u043e\u0432, \u043f\u043e\u0441\u043a\u043e\u043b\u044c\u043a\u0443 \u044d\u0442\u0438 \u0432\u0438\u0434\u044b \u0441\u043f\u043e\u0440\u0442\u0430 \u0442\u0440\u0435\u0431\u0443\u044e\u0442 \u0433\u043e\u0440\u0430\u0437\u0434\u043e \u0431\u043e\u043b\u044c\u0448\u0438\u0445 \u043f\u043b\u043e\u0449\u0430\u0434\u0435\u0439.<br \/>\n\u0418\u043c\u0435\u043d\u043d\u043e \u0432 \u0442\u0430\u043a\u0438\u0445 \u043c\u0435\u0441\u0442\u0430\u0445, \u0433\u0434\u0435 \u0441\u043e\u0431\u0438\u0440\u0430\u0435\u0442\u0441\u044f \u043c\u043d\u043e\u0433\u043e \u043b\u044e\u0434\u0435\u0439, \u043d\u0435\u043e\u0431\u0445\u043e\u0434\u0438\u043c\u043e \u0443\u0441\u0442\u0430\u043d\u043e\u0432\u0438\u0442\u044c \u043f\u0440\u0438\u043d\u0443\u0434\u0438\u0442\u0435\u043b\u044c\u043d\u0443\u044e \u0446\u0438\u0440\u043a\u0443\u043b\u044f\u0446\u0438\u044e \u0432\u043e\u0437\u0434\u0443\u0445\u0430, \u0432\u0435\u043d\u0442\u0438\u043b\u044f\u0442\u043e\u0440\u044b \u0438 \u043e\u0441\u0432\u0435\u0449\u0435\u043d\u0438\u0435.<br \/>\n\u0414\u043b\u044f \u0434\u0440\u0435\u0441\u0441\u0438\u0440\u043e\u0432\u043a\u0438 \u0441\u043e\u0431\u0430\u043a, \u0434\u0435\u0442\u0441\u043a\u0438\u0445 \u0441\u043f\u043e\u0440\u0442\u0438\u0432\u043d\u044b\u0445 \u0441\u043e\u0440\u0435\u0432\u043d\u043e\u0432\u0430\u043d\u0438\u0439 \u0438\u043b\u0438 \u0432\u0438\u0434\u043e\u0432 \u0441\u043f\u043e\u0440\u0442\u0430, \u0442\u0440\u0435\u0431\u0443\u044e\u0449\u0438\u0445 \u043c\u0435\u043d\u044c\u0448\u0435\u0433\u043e \u043f\u0440\u043e\u0441\u0442\u0440\u0430\u043d\u0441\u0442\u0432\u0430, \u043d\u0430\u0448\u0438 \u043d\u0430\u0432\u0435\u0441\u044b &#8211; \u0438\u0434\u0435\u0430\u043b\u044c\u043d\u044b\u0439 \u0432\u044b\u0431\u043e\u0440.     <\/p>\n\t\t\t\t\t\t\t\t<\/div>\n\t\t\t\t<\/div>\n\t\t\t\t\t<\/div>\n\t\t\t\t<\/div>\n\t\t\t\t\t<\/div>\n\t\t\t\t<\/div>\n\t\t<div class=\"elementor-element elementor-element-2b2a61c e-flex e-con-boxed e-con e-child\" data-id=\"2b2a61c\" data-element_type=\"container\" data-e-type=\"container\">\n\t\t\t\t\t<div class=\"e-con-inner\">\n\t\t<div class=\"elementor-element elementor-element-a703422 e-flex e-con-boxed e-con e-child\" data-id=\"a703422\" data-element_type=\"container\" data-e-type=\"container\">\n\t\t\t\t\t<div class=\"e-con-inner\">\n\t\t\t\t<div class=\"elementor-element elementor-element-f58230a elementor-widget elementor-widget-image\" data-id=\"f58230a\" data-element_type=\"widget\" data-e-type=\"widget\" data-widget_type=\"image.default\">\n\t\t\t\t<div class=\"elementor-widget-container\">\n\t\t\t\t\t\t\t\t\t\t\t\t\t\t\t<img fetchpriority=\"high\" decoding=\"async\" width=\"600\" height=\"600\" src=\"https:\/\/storex.lt\/wp-content\/uploads\/2023\/02\/storex-tentiniai-angarai-sporto-maniezams-1.jpg\" class=\"attachment-large size-large wp-image-2054\" alt=\"\" srcset=\"https:\/\/storex.lt\/wp-content\/uploads\/2023\/02\/storex-tentiniai-angarai-sporto-maniezams-1.jpg 600w, https:\/\/storex.lt\/wp-content\/uploads\/2023\/02\/storex-tentiniai-angarai-sporto-maniezams-1-400x400.jpg 400w, https:\/\/storex.lt\/wp-content\/uploads\/2023\/02\/storex-tentiniai-angarai-sporto-maniezams-1-300x300.jpg 300w, https:\/\/storex.lt\/wp-content\/uploads\/2023\/02\/storex-tentiniai-angarai-sporto-maniezams-1-100x100.jpg 100w, https:\/\/storex.lt\/wp-content\/uploads\/2023\/02\/storex-tentiniai-angarai-sporto-maniezams-1-50x50.jpg 50w\" sizes=\"(max-width: 600px) 100vw, 600px\" \/>\t\t\t\t\t\t\t\t\t\t\t\t\t\t\t<\/div>\n\t\t\t\t<\/div>\n\t\t\t\t\t<\/div>\n\t\t\t\t<\/div>\n\t\t<div class=\"elementor-element elementor-element-b57470e e-flex e-con-boxed e-con e-child\" data-id=\"b57470e\" data-element_type=\"container\" data-e-type=\"container\">\n\t\t\t\t\t<div class=\"e-con-inner\">\n\t\t\t\t<div class=\"elementor-element elementor-element-bff9ead elementor-widget elementor-widget-text-editor\" data-id=\"bff9ead\" data-element_type=\"widget\" data-e-type=\"widget\" data-widget_type=\"text-editor.default\">\n\t\t\t\t<div class=\"elementor-widget-container\">\n\t\t\t\t\t\t\t\t\t\u0422\u0435\u043d\u0442\u043e\u0432\u044b\u0435 \u0430\u043d\u0433\u0430\u0440\u044b \u043f\u0440\u0438\u0432\u043b\u0435\u043a\u0430\u044e\u0442 \u0441\u0432\u043e\u0438\u043c\u0438 \u043c\u043d\u043e\u0433\u043e\u0447\u0438\u0441\u043b\u0435\u043d\u043d\u044b\u043c\u0438 \u043f\u0440\u0435\u0438\u043c\u0443\u0449\u0435\u0441\u0442\u0432\u0430\u043c\u0438: \u043e\u043d\u0438 \u043e\u0447\u0435\u043d\u044c \u043c\u043e\u0431\u0438\u043b\u044c\u043d\u044b, \u043b\u0435\u0433\u043a\u043e \u0442\u0440\u0430\u043d\u0441\u043f\u043e\u0440\u0442\u0438\u0440\u0443\u044e\u0442\u0441\u044f \u0438 \u0431\u044b\u0441\u0442\u0440\u043e \u0441\u043e\u0431\u0438\u0440\u0430\u044e\u0442\u0441\u044f.\n\u0413\u043e\u0442\u043e\u0432\u044b\u0435 \u043d\u0430\u0432\u0435\u0441\u044b \u043c\u043e\u0436\u043d\u043e \u0432\u043e\u0437\u0432\u0435\u0441\u0442\u0438 \u0432\u0441\u0435\u0433\u043e \u0437\u0430 1-3 \u0434\u043d\u044f \u0438 \u0440\u0430\u0437\u043e\u0431\u0440\u0430\u0442\u044c, \u043a\u043e\u0433\u0434\u0430 \u043e\u043d\u0438 \u0431\u043e\u043b\u044c\u0448\u0435 \u043d\u0435 \u043d\u0443\u0436\u043d\u044b, \u043d\u0430\u043f\u0440\u0438\u043c\u0435\u0440, \u043f\u043e\u0441\u043b\u0435 \u0441\u043f\u043e\u0440\u0442\u0438\u0432\u043d\u044b\u0445 \u0441\u043e\u0440\u0435\u0432\u043d\u043e\u0432\u0430\u043d\u0438\u0439.\n\u041e\u0431\u044f\u0437\u0430\u0442\u0435\u043b\u044c\u043d\u044b\u043c \u0443\u0441\u043b\u043e\u0432\u0438\u0435\u043c \u044f\u0432\u043b\u044f\u0435\u0442\u0441\u044f \u0442\u0430\u043a\u0436\u0435 \u0432\u043e\u0437\u043c\u043e\u0436\u043d\u043e\u0441\u0442\u044c \u0441\u0430\u043c\u043e\u0441\u0442\u043e\u044f\u0442\u0435\u043b\u044c\u043d\u043e\u0439 \u0441\u0431\u043e\u0440\u043a\u0438 \u0430\u043d\u0433\u0430\u0440\u043e\u0432 &#8211; \u0434\u043b\u044f \u043d\u0435\u043e\u043f\u044b\u0442\u043d\u044b\u0445 \u0435\u0441\u0442\u044c \u0438\u043d\u0441\u0442\u0440\u0443\u043a\u0446\u0438\u0438 \u043d\u0430 \u043b\u0438\u0442\u043e\u0432\u0441\u043a\u043e\u043c \u044f\u0437\u044b\u043a\u0435, \u043a\u043e\u0442\u043e\u0440\u044b\u0435 \u043e\u0431\u043b\u0435\u0433\u0447\u0430\u044e\u0442 \u043c\u043e\u043d\u0442\u0430\u0436 \u0438 \u0434\u0435\u043c\u043e\u043d\u0442\u0430\u0436 \u0430\u043d\u0433\u0430\u0440\u0430.  \n\t\t\t\t\t\t\t\t<\/div>\n\t\t\t\t<\/div>\n\t\t\t\t\t<\/div>\n\t\t\t\t<\/div>\n\t\t\t\t\t<\/div>\n\t\t\t\t<\/div>\n\t\t\t\t<\/div>\n\t\t\t\t\t<\/div>\n\t\t\t\t<\/div>\n\t\t\t\t<\/div>\n\t\t","protected":false},"excerpt":{"rendered":"<p>\u0421\u0442\u0430\u0442\u044c\u0438 Apie tentinius angarus Tentiniai angarai &#8211; sandeliai Tentiniai angarai gyvuliams Tentiniai angarai renginiams Tentiniai angarai \u0161ieno rulonams Tentiniai angarai sporto manie\u017eams Tentiniai gara\u017eai Tentiniai pavilijonai Tentiniai vartai \u0422\u0435\u043d\u0442\u043e\u0432\u044b\u0435 \u0430\u043d\u0433\u0430\u0440\u044b \u0434\u043b\u044f \u0441\u043f\u043e\u0440\u0442\u0438\u0432\u043d\u044b\u0445 \u0430\u0440\u0435\u043d \u0422\u0435\u043d\u0442\u043e\u0432\u044b\u0435 \u0441\u043f\u043e\u0440\u0442\u0438\u0432\u043d\u044b\u0435 \u0443\u043a\u0440\u044b\u0442\u0438\u044f &#8211; \u044d\u0442\u043e \u043e\u0447\u0435\u043d\u044c \u043f\u0440\u0430\u043a\u0442\u0438\u0447\u043d\u043e\u0435 \u0438 \u0443\u0434\u043e\u0431\u043d\u043e\u0435 \u0440\u0435\u0448\u0435\u043d\u0438\u0435 \u0434\u043b\u044f \u0442\u0435\u0445 \u0441\u043b\u0443\u0447\u0430\u0435\u0432, \u043a\u043e\u0433\u0434\u0430 \u043d\u0435\u043e\u0431\u0445\u043e\u0434\u0438\u043c\u043e \u0437\u0430\u0449\u0438\u0442\u0438\u0442\u044c\u0441\u044f \u043e\u0442 \u043d\u0435\u043f\u043e\u0433\u043e\u0434\u044b. \u0417\u0430\u0447\u0430\u0441\u0442\u0443\u044e \u0441\u043f\u043e\u0440\u0442\u0438\u0432\u043d\u044b\u0435 \u0441\u043e\u0440\u0435\u0432\u043d\u043e\u0432\u0430\u043d\u0438\u044f \u0438\u043b\u0438 [&hellip;]<\/p>\n","protected":false},"author":3,"featured_media":0,"parent":0,"menu_order":0,"comment_status":"closed","ping_status":"closed","template":"elementor_theme","meta":{"_acf_changed":false,"_seopress_robots_primary_cat":"","_seopress_titles_title":"","_seopress_titles_desc":"","_seopress_robots_index":"","footnotes":""},"class_list":["post-7166","page","type-page","status-publish","hentry"],"acf":[],"_links":{"self":[{"href":"https:\/\/storex.lt\/ru\/wp-json\/wp\/v2\/pages\/7166","targetHints":{"allow":["GET"]}}],"collection":[{"href":"https:\/\/storex.lt\/ru\/wp-json\/wp\/v2\/pages"}],"about":[{"href":"https:\/\/storex.lt\/ru\/wp-json\/wp\/v2\/types\/page"}],"author":[{"embeddable":true,"href":"https:\/\/storex.lt\/ru\/wp-json\/wp\/v2\/users\/3"}],"replies":[{"embeddable":true,"href":"https:\/\/storex.lt\/ru\/wp-json\/wp\/v2\/comments?post=7166"}],"version-history":[{"count":3,"href":"https:\/\/storex.lt\/ru\/wp-json\/wp\/v2\/pages\/7166\/revisions"}],"predecessor-version":[{"id":8360,"href":"https:\/\/storex.lt\/ru\/wp-json\/wp\/v2\/pages\/7166\/revisions\/8360"}],"wp:attachment":[{"href":"https:\/\/storex.lt\/ru\/wp-json\/wp\/v2\/media?parent=7166"}],"curies":[{"name":"wp","href":"https:\/\/api.w.org\/{rel}","templated":true}]}}